{"id":4669,"date":"2024-05-24T09:04:07","date_gmt":"2024-05-24T09:04:07","guid":{"rendered":"https:\/\/sircat.com\/nosaltres\/"},"modified":"2024-11-21T14:31:11","modified_gmt":"2024-11-21T14:31:11","slug":"nosaltres","status":"publish","type":"page","link":"https:\/\/sircat.com\/ca\/nosaltres\/","title":{"rendered":"Nosaltres"},"content":{"rendered":"\t\t<div data-elementor-type=\"wp-page\" data-elementor-id=\"4669\" class=\"elementor elementor-4669 elementor-40\" data-elementor-post-type=\"page\">\n\t\t\t\t<div class=\"elementor-element elementor-element-8cd30fe e-flex e-con-boxed e-con e-parent\" data-id=\"8cd30fe\" data-element_type=\"container\" data-settings=\"{&quot;background_background&quot;:&quot;classic&quot;}\">\n\t\t\t\t\t<div class=\"e-con-inner\">\n\t\t<div class=\"elementor-element elementor-element-a9e5bcf e-flex e-con-boxed e-con e-child\" data-id=\"a9e5bcf\" data-element_type=\"container\">\n\t\t\t\t\t<div class=\"e-con-inner\">\n\t\t<div class=\"elementor-element elementor-element-421b0cc e-flex e-con-boxed e-con e-child\" data-id=\"421b0cc\" data-element_type=\"container\">\n\t\t\t\t\t<div class=\"e-con-inner\">\n\t\t\t\t<div class=\"elementor-element elementor-element-af8a408 elementor-widget elementor-widget-text-editor\" data-id=\"af8a408\" data-element_type=\"widget\" data-widget_type=\"text-editor.default\">\n\t\t\t\t<div class=\"elementor-widget-container\">\n\t\t\t\t\t\t\t<p>Nosaltres<\/p>\n\t\t\t\t\t\t<\/div>\n\t\t\t\t<\/div>\n\t\t\t\t\t<\/div>\n\t\t\t\t<\/div>\n\t\t\t\t\t<\/div>\n\t\t\t\t<\/div>\n\t\t<div class=\"elementor-element elementor-element-13da73f e-flex e-con-boxed e-con e-child\" data-id=\"13da73f\" data-element_type=\"container\">\n\t\t\t\t\t<div class=\"e-con-inner\">\n\t\t<div class=\"elementor-element elementor-element-3c7c790 e-con-full e-flex e-con e-child\" data-id=\"3c7c790\" data-element_type=\"container\">\n\t\t\t\t<div class=\"elementor-element elementor-element-b4f4c73 elementor-widget elementor-widget-text-editor\" data-id=\"b4f4c73\" data-element_type=\"widget\" data-widget_type=\"text-editor.default\">\n\t\t\t\t<div class=\"elementor-widget-container\">\n\t\t\t\t\t\t\t<h1>Servei integral de residus a Catalunya<\/h1>\n\t\t\t\t\t\t<\/div>\n\t\t\t\t<\/div>\n\t\t\t\t<\/div>\n\t\t<div class=\"elementor-element elementor-element-04c2bb1 e-con-full e-flex e-con e-child\" data-id=\"04c2bb1\" data-element_type=\"container\">\n\t\t\t\t<\/div>\n\t\t<div class=\"elementor-element elementor-element-316f250 e-flex e-con-boxed e-con e-child\" data-id=\"316f250\" data-element_type=\"container\">\n\t\t\t\t\t<div class=\"e-con-inner\">\n\t\t\t\t<div class=\"elementor-element elementor-element-2af8503 elementor-widget elementor-widget-text-editor\" data-id=\"2af8503\" data-element_type=\"widget\" data-widget_type=\"text-editor.default\">\n\t\t\t\t<div class=\"elementor-widget-container\">\n\t\t\t\t\t\t\t<h5>A Sircat som especialistes en la recollida i gesti\u00f3 de residus perillosos i no perillosos, l&#8217;amplitud i la varietat del nostre cat\u00e0leg de gesti\u00f3 integral ens permet treballar amb qualsevol perfil d&#8217;empresa o professional en l&#8217;\u00e0mbit dels serveis mediambientals.<\/h5>\n\t\t\t\t\t\t<\/div>\n\t\t\t\t<\/div>\n\t\t\t\t\t<\/div>\n\t\t\t\t<\/div>\n\t\t\t\t\t<\/div>\n\t\t\t\t<\/div>\n\t\t\t\t\t<\/div>\n\t\t\t\t<\/div>\n\t\t<div class=\"elementor-element elementor-element-e7e2f0f e-flex e-con-boxed e-con e-parent\" data-id=\"e7e2f0f\" data-element_type=\"container\" data-settings=\"{&quot;background_background&quot;:&quot;classic&quot;}\">\n\t\t\t\t\t<div class=\"e-con-inner\">\n\t\t<div class=\"elementor-element elementor-element-38972cc e-flex e-con-boxed e-con e-child\" data-id=\"38972cc\" data-element_type=\"container\" data-settings=\"{&quot;background_background&quot;:&quot;classic&quot;}\">\n\t\t\t\t\t<div class=\"e-con-inner\">\n\t\t\t\t<div class=\"elementor-element elementor-element-c6e7203 elementor-widget elementor-widget-image\" data-id=\"c6e7203\" data-element_type=\"widget\" data-widget_type=\"image.default\">\n\t\t\t\t<div class=\"elementor-widget-container\">\n\t\t\t\t\t\t\t\t\t\t\t\t\t<img fetchpriority=\"high\" decoding=\"async\" width=\"800\" height=\"553\" src=\"https:\/\/sircat.com\/wp-content\/uploads\/2024\/11\/Plantes-de-reciclatge-sircat.jpg\" class=\"attachment-large size-large wp-image-5509\" alt=\"\" srcset=\"https:\/\/sircat.com\/wp-content\/uploads\/2024\/11\/Plantes-de-reciclatge-sircat.jpg 800w, https:\/\/sircat.com\/wp-content\/uploads\/2024\/11\/Plantes-de-reciclatge-sircat-300x207.jpg 300w, https:\/\/sircat.com\/wp-content\/uploads\/2024\/11\/Plantes-de-reciclatge-sircat-768x531.jpg 768w\" sizes=\"(max-width: 800px) 100vw, 800px\" \/>\t\t\t\t\t\t\t\t\t\t\t\t\t<\/div>\n\t\t\t\t<\/div>\n\t\t\t\t<div class=\"elementor-element elementor-element-1a3695c elementor-widget elementor-widget-text-editor\" data-id=\"1a3695c\" data-element_type=\"widget\" data-widget_type=\"text-editor.default\">\n\t\t\t\t<div class=\"elementor-widget-container\">\n\t\t\t\t\t\t\t<h5>Plantes de reciclatge<br \/><\/h5>\n\t\t\t\t\t\t<\/div>\n\t\t\t\t<\/div>\n\t\t\t\t<div class=\"elementor-element elementor-element-351899d elementor-widget elementor-widget-text-editor\" data-id=\"351899d\" data-element_type=\"widget\" data-widget_type=\"text-editor.default\">\n\t\t\t\t<div class=\"elementor-widget-container\">\n\t\t\t\t\t\t\t<p><a href=\"https:\/\/sircat.com\/ca\/nosaltres\/plantes-de-reciclatge-i-valoritzacio-de-residus\/\">Saber m\u00e9s<\/a><\/p>\n\t\t\t\t\t\t<\/div>\n\t\t\t\t<\/div>\n\t\t\t\t\t<\/div>\n\t\t\t\t<\/div>\n\t\t<div class=\"elementor-element elementor-element-67198c9 e-flex e-con-boxed e-con e-child\" data-id=\"67198c9\" data-element_type=\"container\" data-settings=\"{&quot;background_background&quot;:&quot;classic&quot;}\">\n\t\t\t\t\t<div class=\"e-con-inner\">\n\t\t\t\t<div class=\"elementor-element elementor-element-49594e3 elementor-widget elementor-widget-image\" data-id=\"49594e3\" data-element_type=\"widget\" data-widget_type=\"image.default\">\n\t\t\t\t<div class=\"elementor-widget-container\">\n\t\t\t\t\t\t\t\t\t\t\t\t\t<img decoding=\"async\" width=\"800\" height=\"553\" src=\"https:\/\/sircat.com\/wp-content\/uploads\/2024\/11\/Hitoria-sircat.jpg\" class=\"attachment-large size-large wp-image-5515\" alt=\"\" srcset=\"https:\/\/sircat.com\/wp-content\/uploads\/2024\/11\/Hitoria-sircat.jpg 800w, https:\/\/sircat.com\/wp-content\/uploads\/2024\/11\/Hitoria-sircat-300x207.jpg 300w, https:\/\/sircat.com\/wp-content\/uploads\/2024\/11\/Hitoria-sircat-768x531.jpg 768w\" sizes=\"(max-width: 800px) 100vw, 800px\" \/>\t\t\t\t\t\t\t\t\t\t\t\t\t<\/div>\n\t\t\t\t<\/div>\n\t\t\t\t<div class=\"elementor-element elementor-element-25a77c1 elementor-widget elementor-widget-text-editor\" data-id=\"25a77c1\" data-element_type=\"widget\" data-widget_type=\"text-editor.default\">\n\t\t\t\t<div class=\"elementor-widget-container\">\n\t\t\t\t\t\t\t<h5>La nostra hist\u00f2ria<\/h5>\n\t\t\t\t\t\t<\/div>\n\t\t\t\t<\/div>\n\t\t\t\t<div class=\"elementor-element elementor-element-931c25f elementor-widget elementor-widget-text-editor\" data-id=\"931c25f\" data-element_type=\"widget\" data-widget_type=\"text-editor.default\">\n\t\t\t\t<div class=\"elementor-widget-container\">\n\t\t\t\t\t\t\t<p><a href=\"https:\/\/sircat.com\/ca\/nosaltres\/historia\/\" data-wplink-edit=\"true\">Saber m\u00e9s<\/a><\/p>\n\t\t\t\t\t\t<\/div>\n\t\t\t\t<\/div>\n\t\t\t\t\t<\/div>\n\t\t\t\t<\/div>\n\t\t<div class=\"elementor-element elementor-element-1b57c3a e-con-full e-flex e-con e-child\" data-id=\"1b57c3a\" data-element_type=\"container\" data-settings=\"{&quot;background_background&quot;:&quot;classic&quot;}\">\n\t\t\t\t<div class=\"elementor-element elementor-element-b2d0374 elementor-widget elementor-widget-image\" data-id=\"b2d0374\" data-element_type=\"widget\" data-widget_type=\"image.default\">\n\t\t\t\t<div class=\"elementor-widget-container\">\n\t\t\t\t\t\t\t\t\t\t\t\t\t<img decoding=\"async\" width=\"535\" height=\"304\" src=\"https:\/\/sircat.com\/wp-content\/uploads\/2024\/11\/Misio-sircat.jpg\" class=\"attachment-large size-large wp-image-5478\" alt=\"\" srcset=\"https:\/\/sircat.com\/wp-content\/uploads\/2024\/11\/Misio-sircat.jpg 535w, https:\/\/sircat.com\/wp-content\/uploads\/2024\/11\/Misio-sircat-300x170.jpg 300w\" sizes=\"(max-width: 535px) 100vw, 535px\" \/>\t\t\t\t\t\t\t\t\t\t\t\t\t<\/div>\n\t\t\t\t<\/div>\n\t\t\t\t<div class=\"elementor-element elementor-element-53ee53f elementor-widget elementor-widget-text-editor\" data-id=\"53ee53f\" data-element_type=\"widget\" data-widget_type=\"text-editor.default\">\n\t\t\t\t<div class=\"elementor-widget-container\">\n\t\t\t\t\t\t\t<h5>Missi\u00f3, visi\u00f3 i valors<\/h5>\n\t\t\t\t\t\t<\/div>\n\t\t\t\t<\/div>\n\t\t\t\t<div class=\"elementor-element elementor-element-1bdde5f elementor-widget elementor-widget-text-editor\" data-id=\"1bdde5f\" data-element_type=\"widget\" data-widget_type=\"text-editor.default\">\n\t\t\t\t<div class=\"elementor-widget-container\">\n\t\t\t\t\t\t\t<p><a href=\"https:\/\/sircat.com\/ca\/nosaltres\/missio-visio-i-valors\/\">Saber m\u00e9s<\/a><\/p>\n\t\t\t\t\t\t<\/div>\n\t\t\t\t<\/div>\n\t\t\t\t<\/div>\n\t\t<div class=\"elementor-element elementor-element-9db5ea5 e-flex e-con-boxed e-con e-child\" data-id=\"9db5ea5\" data-element_type=\"container\" data-settings=\"{&quot;background_background&quot;:&quot;classic&quot;}\">\n\t\t\t\t\t<div class=\"e-con-inner\">\n\t\t\t\t<div class=\"elementor-element elementor-element-3b308a6 elementor-widget elementor-widget-image\" data-id=\"3b308a6\" data-element_type=\"widget\" data-widget_type=\"image.default\">\n\t\t\t\t<div class=\"elementor-widget-container\">\n\t\t\t\t\t\t\t\t\t\t\t\t\t<img loading=\"lazy\" decoding=\"async\" width=\"558\" height=\"272\" src=\"https:\/\/sircat.com\/wp-content\/uploads\/2024\/11\/Diferenciacio-sircat.jpg\" class=\"attachment-large size-large wp-image-5484\" alt=\"\" srcset=\"https:\/\/sircat.com\/wp-content\/uploads\/2024\/11\/Diferenciacio-sircat.jpg 558w, https:\/\/sircat.com\/wp-content\/uploads\/2024\/11\/Diferenciacio-sircat-300x146.jpg 300w\" sizes=\"(max-width: 558px) 100vw, 558px\" \/>\t\t\t\t\t\t\t\t\t\t\t\t\t<\/div>\n\t\t\t\t<\/div>\n\t\t\t\t<div class=\"elementor-element elementor-element-accbd41 elementor-widget elementor-widget-text-editor\" data-id=\"accbd41\" data-element_type=\"widget\" data-widget_type=\"text-editor.default\">\n\t\t\t\t<div class=\"elementor-widget-container\">\n\t\t\t\t\t\t\t<h5>Diferenciaci\u00f3<\/h5>\n\t\t\t\t\t\t<\/div>\n\t\t\t\t<\/div>\n\t\t\t\t<div class=\"elementor-element elementor-element-ca96a0b elementor-widget elementor-widget-text-editor\" data-id=\"ca96a0b\" data-element_type=\"widget\" data-widget_type=\"text-editor.default\">\n\t\t\t\t<div class=\"elementor-widget-container\">\n\t\t\t\t\t\t\t<p><a href=\"https:\/\/sircat.com\/ca\/nosaltres\/diferenciacio\/\">Saber m\u00e9s<\/a><\/p>\n\t\t\t\t\t\t<\/div>\n\t\t\t\t<\/div>\n\t\t\t\t\t<\/div>\n\t\t\t\t<\/div>\n\t\t\t\t\t<\/div>\n\t\t\t\t<\/div>\n\t\t\t\t<\/div>\n\t\t","protected":false},"excerpt":{"rendered":"<p>Nosaltres Servei integral de residus a Catalunya A Sircat som especialistes en la recollida i gesti\u00f3 de residus perillosos i no perillosos, l&#8217;amplitud i la varietat del nostre cat\u00e0leg de gesti\u00f3 integral ens permet treballar amb qualsevol perfil d&#8217;empresa o professional en l&#8217;\u00e0mbit dels serveis mediambientals. Plantes de reciclatge Saber m\u00e9s La nostra hist\u00f2ria Saber [&hellip;]<\/p>\n","protected":false},"author":1,"featured_media":0,"parent":0,"menu_order":0,"comment_status":"closed","ping_status":"closed","template":"","meta":{"_acf_changed":false,"footnotes":""},"class_list":["post-4669","page","type-page","status-publish","hentry"],"acf":[],"yoast_head":"<!-- This site is optimized with the Yoast SEO plugin v23.8 - https:\/\/yoast.com\/wordpress\/plugins\/seo\/ -->\n<title>Nosaltres - Sircat<\/title>\n<meta name=\"robots\" content=\"index, follow, max-snippet:-1, max-image-preview:large, max-video-preview:-1\" \/>\n<link rel=\"canonical\" href=\"https:\/\/sircat.com\/ca\/nosaltres\/\" \/>\n<meta property=\"og:locale\" content=\"ca_ES\" \/>\n<meta property=\"og:type\" content=\"article\" \/>\n<meta property=\"og:title\" content=\"Nosaltres - Sircat\" \/>\n<meta property=\"og:description\" content=\"Nosaltres Servei integral de residus a Catalunya A Sircat som especialistes en la recollida i gesti\u00f3 de residus perillosos i no perillosos, l&#8217;amplitud i la varietat del nostre cat\u00e0leg de gesti\u00f3 integral ens permet treballar amb qualsevol perfil d&#8217;empresa o professional en l&#8217;\u00e0mbit dels serveis mediambientals. Plantes de reciclatge Saber m\u00e9s La nostra hist\u00f2ria Saber [&hellip;]\" \/>\n<meta property=\"og:url\" content=\"https:\/\/sircat.com\/ca\/nosaltres\/\" \/>\n<meta property=\"og:site_name\" content=\"Sircat\" \/>\n<meta property=\"article:modified_time\" content=\"2024-11-21T14:31:11+00:00\" \/>\n<meta property=\"og:image\" content=\"https:\/\/sircat.com\/wp-content\/uploads\/2024\/11\/Plantes-de-reciclatge-sircat.jpg\" \/>\n\t<meta property=\"og:image:width\" content=\"800\" \/>\n\t<meta property=\"og:image:height\" content=\"553\" \/>\n\t<meta property=\"og:image:type\" content=\"image\/jpeg\" \/>\n<meta name=\"twitter:card\" content=\"summary_large_image\" \/>\n<meta name=\"twitter:label1\" content=\"Temps estimat de lectura\" \/>\n\t<meta name=\"twitter:data1\" content=\"2 minuts\" \/>\n<script type=\"application\/ld+json\" class=\"yoast-schema-graph\">{\"@context\":\"https:\/\/schema.org\",\"@graph\":[{\"@type\":\"WebPage\",\"@id\":\"https:\/\/sircat.com\/ca\/nosaltres\/\",\"url\":\"https:\/\/sircat.com\/ca\/nosaltres\/\",\"name\":\"Nosaltres - Sircat\",\"isPartOf\":{\"@id\":\"https:\/\/sircat.com\/#website\"},\"primaryImageOfPage\":{\"@id\":\"https:\/\/sircat.com\/ca\/nosaltres\/#primaryimage\"},\"image\":{\"@id\":\"https:\/\/sircat.com\/ca\/nosaltres\/#primaryimage\"},\"thumbnailUrl\":\"https:\/\/sircat.com\/wp-content\/uploads\/2024\/11\/Plantes-de-reciclatge-sircat.jpg\",\"datePublished\":\"2024-05-24T09:04:07+00:00\",\"dateModified\":\"2024-11-21T14:31:11+00:00\",\"breadcrumb\":{\"@id\":\"https:\/\/sircat.com\/ca\/nosaltres\/#breadcrumb\"},\"inLanguage\":\"ca\",\"potentialAction\":[{\"@type\":\"ReadAction\",\"target\":[\"https:\/\/sircat.com\/ca\/nosaltres\/\"]}]},{\"@type\":\"ImageObject\",\"inLanguage\":\"ca\",\"@id\":\"https:\/\/sircat.com\/ca\/nosaltres\/#primaryimage\",\"url\":\"https:\/\/sircat.com\/wp-content\/uploads\/2024\/11\/Plantes-de-reciclatge-sircat.jpg\",\"contentUrl\":\"https:\/\/sircat.com\/wp-content\/uploads\/2024\/11\/Plantes-de-reciclatge-sircat.jpg\"},{\"@type\":\"BreadcrumbList\",\"@id\":\"https:\/\/sircat.com\/ca\/nosaltres\/#breadcrumb\",\"itemListElement\":[{\"@type\":\"ListItem\",\"position\":1,\"name\":\"Portada\",\"item\":\"https:\/\/sircat.com\/\"},{\"@type\":\"ListItem\",\"position\":2,\"name\":\"Nosaltres\"}]},{\"@type\":\"WebSite\",\"@id\":\"https:\/\/sircat.com\/#website\",\"url\":\"https:\/\/sircat.com\/\",\"name\":\"Sircat\",\"description\":\"Servicios Medioambientales a todo tipo de empresas\",\"publisher\":{\"@id\":\"https:\/\/sircat.com\/#organization\"},\"potentialAction\":[{\"@type\":\"SearchAction\",\"target\":{\"@type\":\"EntryPoint\",\"urlTemplate\":\"https:\/\/sircat.com\/?s={search_term_string}\"},\"query-input\":{\"@type\":\"PropertyValueSpecification\",\"valueRequired\":true,\"valueName\":\"search_term_string\"}}],\"inLanguage\":\"ca\"},{\"@type\":\"Organization\",\"@id\":\"https:\/\/sircat.com\/#organization\",\"name\":\"Sircat\",\"url\":\"https:\/\/sircat.com\/\",\"logo\":{\"@type\":\"ImageObject\",\"inLanguage\":\"ca\",\"@id\":\"https:\/\/sircat.com\/#\/schema\/logo\/image\/\",\"url\":\"https:\/\/sircat.com\/wp-content\/uploads\/2024\/05\/sircat.svg\",\"contentUrl\":\"https:\/\/sircat.com\/wp-content\/uploads\/2024\/05\/sircat.svg\",\"width\":292,\"height\":80,\"caption\":\"Sircat\"},\"image\":{\"@id\":\"https:\/\/sircat.com\/#\/schema\/logo\/image\/\"}}]}<\/script>\n<!-- \/ Yoast SEO plugin. -->","yoast_head_json":{"title":"Nosaltres - Sircat","robots":{"index":"index","follow":"follow","max-snippet":"max-snippet:-1","max-image-preview":"max-image-preview:large","max-video-preview":"max-video-preview:-1"},"canonical":"https:\/\/sircat.com\/ca\/nosaltres\/","og_locale":"ca_ES","og_type":"article","og_title":"Nosaltres - Sircat","og_description":"Nosaltres Servei integral de residus a Catalunya A Sircat som especialistes en la recollida i gesti\u00f3 de residus perillosos i no perillosos, l&#8217;amplitud i la varietat del nostre cat\u00e0leg de gesti\u00f3 integral ens permet treballar amb qualsevol perfil d&#8217;empresa o professional en l&#8217;\u00e0mbit dels serveis mediambientals. Plantes de reciclatge Saber m\u00e9s La nostra hist\u00f2ria Saber [&hellip;]","og_url":"https:\/\/sircat.com\/ca\/nosaltres\/","og_site_name":"Sircat","article_modified_time":"2024-11-21T14:31:11+00:00","og_image":[{"width":800,"height":553,"url":"https:\/\/sircat.com\/wp-content\/uploads\/2024\/11\/Plantes-de-reciclatge-sircat.jpg","type":"image\/jpeg"}],"twitter_card":"summary_large_image","twitter_misc":{"Temps estimat de lectura":"2 minuts"},"schema":{"@context":"https:\/\/schema.org","@graph":[{"@type":"WebPage","@id":"https:\/\/sircat.com\/ca\/nosaltres\/","url":"https:\/\/sircat.com\/ca\/nosaltres\/","name":"Nosaltres - Sircat","isPartOf":{"@id":"https:\/\/sircat.com\/#website"},"primaryImageOfPage":{"@id":"https:\/\/sircat.com\/ca\/nosaltres\/#primaryimage"},"image":{"@id":"https:\/\/sircat.com\/ca\/nosaltres\/#primaryimage"},"thumbnailUrl":"https:\/\/sircat.com\/wp-content\/uploads\/2024\/11\/Plantes-de-reciclatge-sircat.jpg","datePublished":"2024-05-24T09:04:07+00:00","dateModified":"2024-11-21T14:31:11+00:00","breadcrumb":{"@id":"https:\/\/sircat.com\/ca\/nosaltres\/#breadcrumb"},"inLanguage":"ca","potentialAction":[{"@type":"ReadAction","target":["https:\/\/sircat.com\/ca\/nosaltres\/"]}]},{"@type":"ImageObject","inLanguage":"ca","@id":"https:\/\/sircat.com\/ca\/nosaltres\/#primaryimage","url":"https:\/\/sircat.com\/wp-content\/uploads\/2024\/11\/Plantes-de-reciclatge-sircat.jpg","contentUrl":"https:\/\/sircat.com\/wp-content\/uploads\/2024\/11\/Plantes-de-reciclatge-sircat.jpg"},{"@type":"BreadcrumbList","@id":"https:\/\/sircat.com\/ca\/nosaltres\/#breadcrumb","itemListElement":[{"@type":"ListItem","position":1,"name":"Portada","item":"https:\/\/sircat.com\/"},{"@type":"ListItem","position":2,"name":"Nosaltres"}]},{"@type":"WebSite","@id":"https:\/\/sircat.com\/#website","url":"https:\/\/sircat.com\/","name":"Sircat","description":"Servicios Medioambientales a todo tipo de empresas","publisher":{"@id":"https:\/\/sircat.com\/#organization"},"potentialAction":[{"@type":"SearchAction","target":{"@type":"EntryPoint","urlTemplate":"https:\/\/sircat.com\/?s={search_term_string}"},"query-input":{"@type":"PropertyValueSpecification","valueRequired":true,"valueName":"search_term_string"}}],"inLanguage":"ca"},{"@type":"Organization","@id":"https:\/\/sircat.com\/#organization","name":"Sircat","url":"https:\/\/sircat.com\/","logo":{"@type":"ImageObject","inLanguage":"ca","@id":"https:\/\/sircat.com\/#\/schema\/logo\/image\/","url":"https:\/\/sircat.com\/wp-content\/uploads\/2024\/05\/sircat.svg","contentUrl":"https:\/\/sircat.com\/wp-content\/uploads\/2024\/05\/sircat.svg","width":292,"height":80,"caption":"Sircat"},"image":{"@id":"https:\/\/sircat.com\/#\/schema\/logo\/image\/"}}]}},"_links":{"self":[{"href":"https:\/\/sircat.com\/ca\/wp-json\/wp\/v2\/pages\/4669","targetHints":{"allow":["GET"]}}],"collection":[{"href":"https:\/\/sircat.com\/ca\/wp-json\/wp\/v2\/pages"}],"about":[{"href":"https:\/\/sircat.com\/ca\/wp-json\/wp\/v2\/types\/page"}],"author":[{"embeddable":true,"href":"https:\/\/sircat.com\/ca\/wp-json\/wp\/v2\/users\/1"}],"replies":[{"embeddable":true,"href":"https:\/\/sircat.com\/ca\/wp-json\/wp\/v2\/comments?post=4669"}],"version-history":[{"count":13,"href":"https:\/\/sircat.com\/ca\/wp-json\/wp\/v2\/pages\/4669\/revisions"}],"predecessor-version":[{"id":5565,"href":"https:\/\/sircat.com\/ca\/wp-json\/wp\/v2\/pages\/4669\/revisions\/5565"}],"wp:attachment":[{"href":"https:\/\/sircat.com\/ca\/wp-json\/wp\/v2\/media?parent=4669"}],"curies":[{"name":"wp","href":"https:\/\/api.w.org\/{rel}","templated":true}]}}