{"id":2374,"date":"2024-05-24T09:01:45","date_gmt":"2024-05-24T09:01:45","guid":{"rendered":"https:\/\/321brand.net\/sircat\/destruccio-de-documents-i-dades-confidencials\/"},"modified":"2024-11-26T12:27:27","modified_gmt":"2024-11-26T12:27:27","slug":"destruccio-de-documents-i-dades-confidencials","status":"publish","type":"page","link":"https:\/\/sircat.com\/ca\/serveis\/destruccio-de-documents-i-dades-confidencials\/","title":{"rendered":"Destrucci\u00f3 de documents i dades confidencials"},"content":{"rendered":"\t\t<div data-elementor-type=\"wp-page\" data-elementor-id=\"2374\" class=\"elementor elementor-2374 elementor-18\" data-elementor-post-type=\"page\">\n\t\t\t\t<div class=\"elementor-element elementor-element-dcc23d0 e-flex e-con-boxed e-con e-parent\" data-id=\"dcc23d0\" data-element_type=\"container\" data-settings=\"{&quot;background_background&quot;:&quot;classic&quot;}\">\n\t\t\t\t\t<div class=\"e-con-inner\">\n\t\t<div class=\"elementor-element elementor-element-d4b92f1 e-flex e-con-boxed e-con e-child\" data-id=\"d4b92f1\" data-element_type=\"container\">\n\t\t\t\t\t<div class=\"e-con-inner\">\n\t\t<div class=\"elementor-element elementor-element-ceafa78 e-flex e-con-boxed e-con e-child\" data-id=\"ceafa78\" data-element_type=\"container\">\n\t\t\t\t\t<div class=\"e-con-inner\">\n\t\t\t\t<div class=\"elementor-element elementor-element-a05aff7 elementor-widget elementor-widget-text-editor\" data-id=\"a05aff7\" data-element_type=\"widget\" data-widget_type=\"text-editor.default\">\n\t\t\t\t<div class=\"elementor-widget-container\">\n\t\t\t\t\t\t\t<p>Serveis<\/p>\n\t\t\t\t\t\t<\/div>\n\t\t\t\t<\/div>\n\t\t\t\t\t<\/div>\n\t\t\t\t<\/div>\n\t\t\t\t\t<\/div>\n\t\t\t\t<\/div>\n\t\t<div class=\"elementor-element elementor-element-9e8851e e-flex e-con-boxed e-con e-child\" data-id=\"9e8851e\" data-element_type=\"container\">\n\t\t\t\t\t<div class=\"e-con-inner\">\n\t\t<div class=\"elementor-element elementor-element-d4b509d e-con-full e-flex e-con e-child\" data-id=\"d4b509d\" data-element_type=\"container\">\n\t\t\t\t<div class=\"elementor-element elementor-element-8ee41d8 elementor-widget elementor-widget-text-editor\" data-id=\"8ee41d8\" data-element_type=\"widget\" data-widget_type=\"text-editor.default\">\n\t\t\t\t<div class=\"elementor-widget-container\">\n\t\t\t\t\t\t\t<h1>Destrucci\u00f3 de <br \/>documents i dades confidencials<\/h1>\n\t\t\t\t\t\t<\/div>\n\t\t\t\t<\/div>\n\t\t\t\t<\/div>\n\t\t<div class=\"elementor-element elementor-element-aec437e e-con-full e-flex e-con e-child\" data-id=\"aec437e\" data-element_type=\"container\">\n\t\t\t\t<\/div>\n\t\t<div class=\"elementor-element elementor-element-0104444 e-flex e-con-boxed e-con e-child\" data-id=\"0104444\" data-element_type=\"container\">\n\t\t\t\t\t<div class=\"e-con-inner\">\n\t\t\t\t<div class=\"elementor-element elementor-element-fb41cea elementor-widget elementor-widget-text-editor\" data-id=\"fb41cea\" data-element_type=\"widget\" data-widget_type=\"text-editor.default\">\n\t\t\t\t<div class=\"elementor-widget-container\">\n\t\t\t\t\t\t\t<h5>La destrucci\u00f3 confidencial de documentaci\u00f3 \u00e9s un servei estretament vinculat amb les actuals normatives de seguretat. Totes les empreses emmagatzemen dades sensibles de clients, treballadors o de la pr\u00f2pia entitat. <\/h5>\n\t\t\t\t\t\t<\/div>\n\t\t\t\t<\/div>\n\t\t\t\t\t<\/div>\n\t\t\t\t<\/div>\n\t\t\t\t\t<\/div>\n\t\t\t\t<\/div>\n\t\t\t\t\t<\/div>\n\t\t\t\t<\/div>\n\t\t<div class=\"elementor-element elementor-element-e5b118c e-flex e-con-boxed e-con e-parent\" data-id=\"e5b118c\" data-element_type=\"container\" data-settings=\"{&quot;background_background&quot;:&quot;classic&quot;}\">\n\t\t\t\t\t<div class=\"e-con-inner\">\n\t\t\t\t\t<\/div>\n\t\t\t\t<\/div>\n\t\t<div class=\"elementor-element elementor-element-722ead8 e-flex e-con-boxed e-con e-parent\" data-id=\"722ead8\" data-element_type=\"container\" data-settings=\"{&quot;background_background&quot;:&quot;classic&quot;}\">\n\t\t\t\t\t<div class=\"e-con-inner\">\n\t\t<div class=\"elementor-element elementor-element-40d4ba6 e-flex e-con-boxed e-con e-child\" data-id=\"40d4ba6\" data-element_type=\"container\">\n\t\t\t\t\t<div class=\"e-con-inner\">\n\t\t<div class=\"elementor-element elementor-element-33c1000 e-con-full e-flex e-con e-child\" data-id=\"33c1000\" data-element_type=\"container\">\n\t\t\t\t<div class=\"elementor-element elementor-element-884555f elementor-widget elementor-widget-text-editor\" data-id=\"884555f\" data-element_type=\"widget\" data-widget_type=\"text-editor.default\">\n\t\t\t\t<div class=\"elementor-widget-container\">\n\t\t\t\t\t\t\t<p>La destrucci\u00f3 de material sensible s&#8217; ha de fer de manera segura i sota termes d&#8217; estricta confidencialitat. <\/p>\n\t\t\t\t\t\t<\/div>\n\t\t\t\t<\/div>\n\t\t\t\t<\/div>\n\t\t<div class=\"elementor-element elementor-element-3db77f0 e-con-full elementor-hidden-mobile e-flex e-con e-child\" data-id=\"3db77f0\" data-element_type=\"container\">\n\t\t\t\t<\/div>\n\t\t<div class=\"elementor-element elementor-element-54e17dc e-flex e-con-boxed e-con e-child\" data-id=\"54e17dc\" data-element_type=\"container\">\n\t\t\t\t\t<div class=\"e-con-inner\">\n\t\t\t\t<div class=\"elementor-element elementor-element-ea3fbf0 elementor-widget elementor-widget-text-editor\" data-id=\"ea3fbf0\" data-element_type=\"widget\" data-widget_type=\"text-editor.default\">\n\t\t\t\t<div class=\"elementor-widget-container\">\n\t\t\t\t\t\t\t<p>A Sircat tenim \u00e0mplia experi\u00e8ncia en els trasllats segurs per a la posterior destrucci\u00f3 certificada del material sensible. <\/p>\n\t\t\t\t\t\t<\/div>\n\t\t\t\t<\/div>\n\t\t\t\t\t<\/div>\n\t\t\t\t<\/div>\n\t\t\t\t\t<\/div>\n\t\t\t\t<\/div>\n\t\t\t\t\t<\/div>\n\t\t\t\t<\/div>\n\t\t<div class=\"elementor-element elementor-element-4954d4b e-flex e-con-boxed e-con e-parent\" data-id=\"4954d4b\" data-element_type=\"container\" data-settings=\"{&quot;background_background&quot;:&quot;classic&quot;}\">\n\t\t\t\t\t<div class=\"e-con-inner\">\n\t\t<div class=\"elementor-element elementor-element-b064560 e-flex e-con-boxed e-con e-child\" data-id=\"b064560\" data-element_type=\"container\">\n\t\t\t\t\t<div class=\"e-con-inner\">\n\t\t<div class=\"elementor-element elementor-element-c941cc6 e-con-full e-flex e-con e-child\" data-id=\"c941cc6\" data-element_type=\"container\">\n\t\t\t\t<div class=\"elementor-element elementor-element-eea60d2 elementor-widget elementor-widget-text-editor\" data-id=\"eea60d2\" data-element_type=\"widget\" data-widget_type=\"text-editor.default\">\n\t\t\t\t<div class=\"elementor-widget-container\">\n\t\t\t\t\t\t\t<h5><img decoding=\"async\" class=\"alignnone wp-image-673\" src=\"https:\/\/sircat.com\/wp-content\/uploads\/2024\/07\/icon_Transporte.svg\" alt=\"Transport\" width=\"113\" height=\"60\"><\/h5>\n<h5>Recollida segura<\/h5>\n<p>Implementem un proc\u00e9s de recollida segur, utilitzant contenidors i procediments dissenyats per garantir la protecci\u00f3 de la informaci\u00f3.<\/p>\n\t\t\t\t\t\t<\/div>\n\t\t\t\t<\/div>\n\t\t\t\t<\/div>\n\t\t<div class=\"elementor-element elementor-element-638c84f e-con-full elementor-hidden-mobile e-flex e-con e-child\" data-id=\"638c84f\" data-element_type=\"container\">\n\t\t\t\t<\/div>\n\t\t<div class=\"elementor-element elementor-element-bdeafc5 e-flex e-con-boxed e-con e-child\" data-id=\"bdeafc5\" data-element_type=\"container\">\n\t\t\t\t\t<div class=\"e-con-inner\">\n\t\t\t\t<div class=\"elementor-element elementor-element-9dd2f28 elementor-widget elementor-widget-text-editor\" data-id=\"9dd2f28\" data-element_type=\"widget\" data-widget_type=\"text-editor.default\">\n\t\t\t\t<div class=\"elementor-widget-container\">\n\t\t\t\t\t\t\t<h5><img decoding=\"async\" class=\"alignnone wp-image-675\" src=\"https:\/\/sircat.com\/wp-content\/uploads\/2024\/07\/Destruccion.svg\" alt=\"\" width=\"60\" height=\"60\"><\/h5>\n<h5>Centre de destrucci\u00f3<\/h5>\n<p>Operem en un centre de destrucci\u00f3 equipat amb la tecnologia necess\u00e0ria per garantir una destrucci\u00f3 segura i completa de la informaci\u00f3 confidencial. <\/p>\n\t\t\t\t\t\t<\/div>\n\t\t\t\t<\/div>\n\t\t\t\t\t<\/div>\n\t\t\t\t<\/div>\n\t\t\t\t\t<\/div>\n\t\t\t\t<\/div>\n\t\t\t\t\t<\/div>\n\t\t\t\t<\/div>\n\t\t<div class=\"elementor-element elementor-element-bd3e15d e-flex e-con-boxed e-con e-parent\" data-id=\"bd3e15d\" data-element_type=\"container\" data-settings=\"{&quot;background_background&quot;:&quot;classic&quot;}\">\n\t\t\t\t\t<div class=\"e-con-inner\">\n\t\t<div class=\"elementor-element elementor-element-475be15 e-flex e-con-boxed e-con e-child\" data-id=\"475be15\" data-element_type=\"container\">\n\t\t\t\t\t<div class=\"e-con-inner\">\n\t\t<div class=\"elementor-element elementor-element-2a11afa e-con-full e-flex e-con e-child\" data-id=\"2a11afa\" data-element_type=\"container\">\n\t\t\t\t<div class=\"elementor-element elementor-element-2e2b3a8 elementor-widget elementor-widget-text-editor\" data-id=\"2e2b3a8\" data-element_type=\"widget\" data-widget_type=\"text-editor.default\">\n\t\t\t\t<div class=\"elementor-widget-container\">\n\t\t\t\t\t\t\t<h5><img decoding=\"async\" class=\"alignnone wp-image-633\" src=\"https:\/\/sircat.com\/wp-content\/uploads\/2024\/07\/icon_Documentacion-.svg\" alt=\"Documentat\" width=\"48\" height=\"60\"><\/h5>\n<h5>Proc\u00e9s documentat<\/h5>\n<p>Documentem exhaustivament cada etapa del proc\u00e9s de destrucci\u00f3, oferint transpar\u00e8ncia i garantint el compliment normatiu.<\/p>\n\t\t\t\t\t\t<\/div>\n\t\t\t\t<\/div>\n\t\t\t\t<\/div>\n\t\t<div class=\"elementor-element elementor-element-466c188 e-con-full elementor-hidden-mobile e-flex e-con e-child\" data-id=\"466c188\" data-element_type=\"container\">\n\t\t\t\t<\/div>\n\t\t<div class=\"elementor-element elementor-element-44fb545 e-flex e-con-boxed e-con e-child\" data-id=\"44fb545\" data-element_type=\"container\">\n\t\t\t\t\t<div class=\"e-con-inner\">\n\t\t\t\t<div class=\"elementor-element elementor-element-83b74b0 elementor-widget elementor-widget-text-editor\" data-id=\"83b74b0\" data-element_type=\"widget\" data-widget_type=\"text-editor.default\">\n\t\t\t\t<div class=\"elementor-widget-container\">\n\t\t\t\t\t\t\t<h5><img loading=\"lazy\" decoding=\"async\" class=\"alignnone wp-image-650\" src=\"https:\/\/sircat.com\/wp-content\/uploads\/2024\/07\/icon_Normativa-01.svg\" alt=\"Normativa\" width=\"46\" height=\"60\"><\/h5>\n<h5>Certificaci\u00f3 de destrucci\u00f3<\/h5>\n<p>Emetem certificats de destrucci\u00f3 que confirmen que la informaci\u00f3 ha estat destru\u00efda de manera segura i conforme a les regulacions vigents.<\/p>\n\t\t\t\t\t\t<\/div>\n\t\t\t\t<\/div>\n\t\t\t\t\t<\/div>\n\t\t\t\t<\/div>\n\t\t\t\t\t<\/div>\n\t\t\t\t<\/div>\n\t\t\t\t\t<\/div>\n\t\t\t\t<\/div>\n\t\t<div class=\"elementor-element elementor-element-2d8ebed e-flex e-con-boxed e-con e-parent\" data-id=\"2d8ebed\" data-element_type=\"container\">\n\t\t\t\t\t<div class=\"e-con-inner\">\n\t\t\t\t<div class=\"elementor-element elementor-element-ebd45bc elementor-widget elementor-widget-image\" data-id=\"ebd45bc\" data-element_type=\"widget\" data-widget_type=\"image.default\">\n\t\t\t\t<div class=\"elementor-widget-container\">\n\t\t\t\t\t\t\t\t\t\t\t\t\t<img loading=\"lazy\" decoding=\"async\" width=\"800\" height=\"148\" src=\"https:\/\/sircat.com\/wp-content\/uploads\/2024\/11\/Destruccio-confidencial-sircat-1024x189.jpg\" class=\"attachment-large size-large wp-image-5528\" alt=\"\" srcset=\"https:\/\/sircat.com\/wp-content\/uploads\/2024\/11\/Destruccio-confidencial-sircat-1024x189.jpg 1024w, https:\/\/sircat.com\/wp-content\/uploads\/2024\/11\/Destruccio-confidencial-sircat-300x55.jpg 300w, https:\/\/sircat.com\/wp-content\/uploads\/2024\/11\/Destruccio-confidencial-sircat-768x141.jpg 768w, https:\/\/sircat.com\/wp-content\/uploads\/2024\/11\/Destruccio-confidencial-sircat-1536x283.jpg 1536w, https:\/\/sircat.com\/wp-content\/uploads\/2024\/11\/Destruccio-confidencial-sircat.jpg 1900w\" sizes=\"(max-width: 800px) 100vw, 800px\" \/>\t\t\t\t\t\t\t\t\t\t\t\t\t<\/div>\n\t\t\t\t<\/div>\n\t\t\t\t\t<\/div>\n\t\t\t\t<\/div>\n\t\t<div class=\"elementor-element elementor-element-e6ca31c e-flex e-con-boxed e-con e-parent\" data-id=\"e6ca31c\" data-element_type=\"container\" data-settings=\"{&quot;background_background&quot;:&quot;classic&quot;}\">\n\t\t\t\t\t<div class=\"e-con-inner\">\n\t\t<div class=\"elementor-element elementor-element-8df8e10 e-con-full e-flex e-con e-child\" data-id=\"8df8e10\" data-element_type=\"container\">\n\t\t\t\t<div class=\"elementor-element elementor-element-2a2d188 elementor-widget elementor-widget-text-editor\" data-id=\"2a2d188\" data-element_type=\"widget\" data-widget_type=\"text-editor.default\">\n\t\t\t\t<div class=\"elementor-widget-container\">\n\t\t\t\t\t\t\t<h4><span style=\"color: #ffffff;\">Si necessites m\u00e9s informaci\u00f3 sobre les nostres plantes de gesti\u00f3, necessites algun dels nostres serveis o vols saber m\u00e9s sobre la nostra companyia, escrius i et respondrem com m\u00e9s aviat millor. <br \/><\/span><\/h4>\n\t\t\t\t\t\t<\/div>\n\t\t\t\t<\/div>\n\t\t\t\t<\/div>\n\t\t<div class=\"elementor-element elementor-element-8167b04 e-flex e-con-boxed e-con e-child\" data-id=\"8167b04\" data-element_type=\"container\">\n\t\t\t\t\t<div class=\"e-con-inner\">\n\t\t\t\t<div class=\"elementor-element elementor-element-ab923e0 elementor-align-center elementor-widget elementor-widget-button\" data-id=\"ab923e0\" data-element_type=\"widget\" data-widget_type=\"button.default\">\n\t\t\t\t<div class=\"elementor-widget-container\">\n\t\t\t\t\t<div class=\"elementor-button-wrapper\">\n\t\t\t<a class=\"elementor-button elementor-button-link elementor-size-sm\" href=\"#\">\n\t\t\t\t\t\t<span class=\"elementor-button-content-wrapper\">\n\t\t\t\t\t\t\t\t\t<span class=\"elementor-button-text\">Sol\u00b7licitar informaci\u00f3<\/span>\n\t\t\t\t\t<\/span>\n\t\t\t\t\t<\/a>\n\t\t<\/div>\n\t\t\t\t<\/div>\n\t\t\t\t<\/div>\n\t\t\t\t\t<\/div>\n\t\t\t\t<\/div>\n\t\t\t\t\t<\/div>\n\t\t\t\t<\/div>\n\t\t\t\t<\/div>\n\t\t","protected":false},"excerpt":{"rendered":"<p>Serveis Destrucci\u00f3 de documents i dades confidencials La destrucci\u00f3 confidencial de documentaci\u00f3 \u00e9s un servei estretament vinculat amb les actuals normatives de seguretat. Totes les empreses emmagatzemen dades sensibles de clients, treballadors o de la pr\u00f2pia entitat. La destrucci\u00f3 de material sensible s&#8217; ha de fer de manera segura i sota termes d&#8217; estricta confidencialitat. [&hellip;]<\/p>\n","protected":false},"author":1,"featured_media":0,"parent":3850,"menu_order":0,"comment_status":"closed","ping_status":"closed","template":"","meta":{"_acf_changed":false,"footnotes":""},"class_list":["post-2374","page","type-page","status-publish","hentry"],"acf":[],"yoast_head":"<!-- This site is optimized with the Yoast SEO plugin v23.8 - https:\/\/yoast.com\/wordpress\/plugins\/seo\/ -->\n<title>Destrucci\u00f3 de documents i dades confidencials - Sircat<\/title>\n<meta name=\"description\" content=\"Confia en Sircat per a la destrucci\u00f3 de documents i dades confidencials. Seguretat, compliment normatiu i protecci\u00f3 garantida. Sol\u00b7licita informaci\u00f3!\" \/>\n<meta name=\"robots\" content=\"index, follow, max-snippet:-1, max-image-preview:large, max-video-preview:-1\" \/>\n<link rel=\"canonical\" href=\"https:\/\/sircat.com\/servicios\/destruccion-de-documentos-y-datos-confidenciales\/\" \/>\n<meta property=\"og:locale\" content=\"ca_ES\" \/>\n<meta property=\"og:type\" content=\"article\" \/>\n<meta property=\"og:title\" content=\"Destrucci\u00f3 de documents i dades confidencials - Sircat\" \/>\n<meta property=\"og:description\" content=\"Confia en Sircat per a la destrucci\u00f3 de documents i dades confidencials. Seguretat, compliment normatiu i protecci\u00f3 garantida. Sol\u00b7licita informaci\u00f3!\" \/>\n<meta property=\"og:url\" content=\"https:\/\/sircat.com\/servicios\/destruccion-de-documentos-y-datos-confidenciales\/\" \/>\n<meta property=\"og:site_name\" content=\"Sircat\" \/>\n<meta property=\"article:modified_time\" content=\"2024-11-26T12:27:27+00:00\" \/>\n<meta property=\"og:image\" content=\"https:\/\/sircat.com\/wp-content\/uploads\/2024\/07\/icon_Transporte.svg\" \/>\n<meta name=\"twitter:card\" content=\"summary_large_image\" \/>\n<meta name=\"twitter:label1\" content=\"Temps estimat de lectura\" \/>\n\t<meta name=\"twitter:data1\" content=\"2 minuts\" \/>\n<script type=\"application\/ld+json\" class=\"yoast-schema-graph\">{\"@context\":\"https:\/\/schema.org\",\"@graph\":[{\"@type\":\"WebPage\",\"@id\":\"https:\/\/sircat.com\/servicios\/destruccion-de-documentos-y-datos-confidenciales\/\",\"url\":\"https:\/\/sircat.com\/servicios\/destruccion-de-documentos-y-datos-confidenciales\/\",\"name\":\"Destrucci\u00f3 de documents i dades confidencials - Sircat\",\"isPartOf\":{\"@id\":\"https:\/\/sircat.com\/#website\"},\"primaryImageOfPage\":{\"@id\":\"https:\/\/sircat.com\/servicios\/destruccion-de-documentos-y-datos-confidenciales\/#primaryimage\"},\"image\":{\"@id\":\"https:\/\/sircat.com\/servicios\/destruccion-de-documentos-y-datos-confidenciales\/#primaryimage\"},\"thumbnailUrl\":\"https:\/\/sircat.com\/wp-content\/uploads\/2024\/07\/icon_Transporte.svg\",\"datePublished\":\"2024-05-24T09:01:45+00:00\",\"dateModified\":\"2024-11-26T12:27:27+00:00\",\"description\":\"Confia en Sircat per a la destrucci\u00f3 de documents i dades confidencials. Seguretat, compliment normatiu i protecci\u00f3 garantida. Sol\u00b7licita informaci\u00f3!\",\"breadcrumb\":{\"@id\":\"https:\/\/sircat.com\/servicios\/destruccion-de-documentos-y-datos-confidenciales\/#breadcrumb\"},\"inLanguage\":\"ca\",\"potentialAction\":[{\"@type\":\"ReadAction\",\"target\":[\"https:\/\/sircat.com\/servicios\/destruccion-de-documentos-y-datos-confidenciales\/\"]}]},{\"@type\":\"ImageObject\",\"inLanguage\":\"ca\",\"@id\":\"https:\/\/sircat.com\/servicios\/destruccion-de-documentos-y-datos-confidenciales\/#primaryimage\",\"url\":\"https:\/\/sircat.com\/wp-content\/uploads\/2024\/07\/icon_Transporte.svg\",\"contentUrl\":\"https:\/\/sircat.com\/wp-content\/uploads\/2024\/07\/icon_Transporte.svg\"},{\"@type\":\"BreadcrumbList\",\"@id\":\"https:\/\/sircat.com\/servicios\/destruccion-de-documentos-y-datos-confidenciales\/#breadcrumb\",\"itemListElement\":[{\"@type\":\"ListItem\",\"position\":1,\"name\":\"Portada\",\"item\":\"https:\/\/sircat.com\/\"},{\"@type\":\"ListItem\",\"position\":2,\"name\":\"Serveis\",\"item\":\"https:\/\/sircat.com\/servicios\/\"},{\"@type\":\"ListItem\",\"position\":3,\"name\":\"Destrucci\u00f3 de documents i dades confidencials\"}]},{\"@type\":\"WebSite\",\"@id\":\"https:\/\/sircat.com\/#website\",\"url\":\"https:\/\/sircat.com\/\",\"name\":\"Sircat\",\"description\":\"Servicios Medioambientales a todo tipo de empresas\",\"publisher\":{\"@id\":\"https:\/\/sircat.com\/#organization\"},\"potentialAction\":[{\"@type\":\"SearchAction\",\"target\":{\"@type\":\"EntryPoint\",\"urlTemplate\":\"https:\/\/sircat.com\/?s={search_term_string}\"},\"query-input\":{\"@type\":\"PropertyValueSpecification\",\"valueRequired\":true,\"valueName\":\"search_term_string\"}}],\"inLanguage\":\"ca\"},{\"@type\":\"Organization\",\"@id\":\"https:\/\/sircat.com\/#organization\",\"name\":\"Sircat\",\"url\":\"https:\/\/sircat.com\/\",\"logo\":{\"@type\":\"ImageObject\",\"inLanguage\":\"ca\",\"@id\":\"https:\/\/sircat.com\/#\/schema\/logo\/image\/\",\"url\":\"https:\/\/sircat.com\/wp-content\/uploads\/2024\/05\/sircat.svg\",\"contentUrl\":\"https:\/\/sircat.com\/wp-content\/uploads\/2024\/05\/sircat.svg\",\"width\":292,\"height\":80,\"caption\":\"Sircat\"},\"image\":{\"@id\":\"https:\/\/sircat.com\/#\/schema\/logo\/image\/\"}}]}<\/script>\n<!-- \/ Yoast SEO plugin. -->","yoast_head_json":{"title":"Destrucci\u00f3 de documents i dades confidencials - Sircat","description":"Confia en Sircat per a la destrucci\u00f3 de documents i dades confidencials. Seguretat, compliment normatiu i protecci\u00f3 garantida. Sol\u00b7licita informaci\u00f3!","robots":{"index":"index","follow":"follow","max-snippet":"max-snippet:-1","max-image-preview":"max-image-preview:large","max-video-preview":"max-video-preview:-1"},"canonical":"https:\/\/sircat.com\/servicios\/destruccion-de-documentos-y-datos-confidenciales\/","og_locale":"ca_ES","og_type":"article","og_title":"Destrucci\u00f3 de documents i dades confidencials - Sircat","og_description":"Confia en Sircat per a la destrucci\u00f3 de documents i dades confidencials. Seguretat, compliment normatiu i protecci\u00f3 garantida. Sol\u00b7licita informaci\u00f3!","og_url":"https:\/\/sircat.com\/servicios\/destruccion-de-documentos-y-datos-confidenciales\/","og_site_name":"Sircat","article_modified_time":"2024-11-26T12:27:27+00:00","og_image":[{"url":"https:\/\/sircat.com\/wp-content\/uploads\/2024\/07\/icon_Transporte.svg"}],"twitter_card":"summary_large_image","twitter_misc":{"Temps estimat de lectura":"2 minuts"},"schema":{"@context":"https:\/\/schema.org","@graph":[{"@type":"WebPage","@id":"https:\/\/sircat.com\/servicios\/destruccion-de-documentos-y-datos-confidenciales\/","url":"https:\/\/sircat.com\/servicios\/destruccion-de-documentos-y-datos-confidenciales\/","name":"Destrucci\u00f3 de documents i dades confidencials - Sircat","isPartOf":{"@id":"https:\/\/sircat.com\/#website"},"primaryImageOfPage":{"@id":"https:\/\/sircat.com\/servicios\/destruccion-de-documentos-y-datos-confidenciales\/#primaryimage"},"image":{"@id":"https:\/\/sircat.com\/servicios\/destruccion-de-documentos-y-datos-confidenciales\/#primaryimage"},"thumbnailUrl":"https:\/\/sircat.com\/wp-content\/uploads\/2024\/07\/icon_Transporte.svg","datePublished":"2024-05-24T09:01:45+00:00","dateModified":"2024-11-26T12:27:27+00:00","description":"Confia en Sircat per a la destrucci\u00f3 de documents i dades confidencials. Seguretat, compliment normatiu i protecci\u00f3 garantida. Sol\u00b7licita informaci\u00f3!","breadcrumb":{"@id":"https:\/\/sircat.com\/servicios\/destruccion-de-documentos-y-datos-confidenciales\/#breadcrumb"},"inLanguage":"ca","potentialAction":[{"@type":"ReadAction","target":["https:\/\/sircat.com\/servicios\/destruccion-de-documentos-y-datos-confidenciales\/"]}]},{"@type":"ImageObject","inLanguage":"ca","@id":"https:\/\/sircat.com\/servicios\/destruccion-de-documentos-y-datos-confidenciales\/#primaryimage","url":"https:\/\/sircat.com\/wp-content\/uploads\/2024\/07\/icon_Transporte.svg","contentUrl":"https:\/\/sircat.com\/wp-content\/uploads\/2024\/07\/icon_Transporte.svg"},{"@type":"BreadcrumbList","@id":"https:\/\/sircat.com\/servicios\/destruccion-de-documentos-y-datos-confidenciales\/#breadcrumb","itemListElement":[{"@type":"ListItem","position":1,"name":"Portada","item":"https:\/\/sircat.com\/"},{"@type":"ListItem","position":2,"name":"Serveis","item":"https:\/\/sircat.com\/servicios\/"},{"@type":"ListItem","position":3,"name":"Destrucci\u00f3 de documents i dades confidencials"}]},{"@type":"WebSite","@id":"https:\/\/sircat.com\/#website","url":"https:\/\/sircat.com\/","name":"Sircat","description":"Servicios Medioambientales a todo tipo de empresas","publisher":{"@id":"https:\/\/sircat.com\/#organization"},"potentialAction":[{"@type":"SearchAction","target":{"@type":"EntryPoint","urlTemplate":"https:\/\/sircat.com\/?s={search_term_string}"},"query-input":{"@type":"PropertyValueSpecification","valueRequired":true,"valueName":"search_term_string"}}],"inLanguage":"ca"},{"@type":"Organization","@id":"https:\/\/sircat.com\/#organization","name":"Sircat","url":"https:\/\/sircat.com\/","logo":{"@type":"ImageObject","inLanguage":"ca","@id":"https:\/\/sircat.com\/#\/schema\/logo\/image\/","url":"https:\/\/sircat.com\/wp-content\/uploads\/2024\/05\/sircat.svg","contentUrl":"https:\/\/sircat.com\/wp-content\/uploads\/2024\/05\/sircat.svg","width":292,"height":80,"caption":"Sircat"},"image":{"@id":"https:\/\/sircat.com\/#\/schema\/logo\/image\/"}}]}},"_links":{"self":[{"href":"https:\/\/sircat.com\/ca\/wp-json\/wp\/v2\/pages\/2374","targetHints":{"allow":["GET"]}}],"collection":[{"href":"https:\/\/sircat.com\/ca\/wp-json\/wp\/v2\/pages"}],"about":[{"href":"https:\/\/sircat.com\/ca\/wp-json\/wp\/v2\/types\/page"}],"author":[{"embeddable":true,"href":"https:\/\/sircat.com\/ca\/wp-json\/wp\/v2\/users\/1"}],"replies":[{"embeddable":true,"href":"https:\/\/sircat.com\/ca\/wp-json\/wp\/v2\/comments?post=2374"}],"version-history":[{"count":11,"href":"https:\/\/sircat.com\/ca\/wp-json\/wp\/v2\/pages\/2374\/revisions"}],"predecessor-version":[{"id":5533,"href":"https:\/\/sircat.com\/ca\/wp-json\/wp\/v2\/pages\/2374\/revisions\/5533"}],"up":[{"embeddable":true,"href":"https:\/\/sircat.com\/ca\/wp-json\/wp\/v2\/pages\/3850"}],"wp:attachment":[{"href":"https:\/\/sircat.com\/ca\/wp-json\/wp\/v2\/media?parent=2374"}],"curies":[{"name":"wp","href":"https:\/\/api.w.org\/{rel}","templated":true}]}}