{"id":2362,"date":"2024-05-24T09:02:58","date_gmt":"2024-05-24T09:02:58","guid":{"rendered":"https:\/\/321brand.net\/sircat\/subministrament-de-draps-de-neteja-reutilitzables\/"},"modified":"2024-11-26T12:34:01","modified_gmt":"2024-11-26T12:34:01","slug":"subministrament-de-draps-de-neteja-reutilitzables","status":"publish","type":"page","link":"https:\/\/sircat.com\/ca\/serveis\/subministrament-de-draps-de-neteja-reutilitzables\/","title":{"rendered":"Subministrament de draps de neteja reutilitzables"},"content":{"rendered":"\t\t<div data-elementor-type=\"wp-page\" data-elementor-id=\"2362\" class=\"elementor elementor-2362 elementor-30\" data-elementor-post-type=\"page\">\n\t\t\t\t<div class=\"elementor-element elementor-element-a5b9aa8 e-flex e-con-boxed elementor-invisible e-con e-parent\" data-id=\"a5b9aa8\" data-element_type=\"container\" data-settings=\"{&quot;background_background&quot;:&quot;classic&quot;,&quot;animation&quot;:&quot;fadeInUp&quot;}\">\n\t\t\t\t\t<div class=\"e-con-inner\">\n\t\t<div class=\"elementor-element elementor-element-dd76737 e-flex e-con-boxed e-con e-child\" data-id=\"dd76737\" data-element_type=\"container\">\n\t\t\t\t\t<div class=\"e-con-inner\">\n\t\t<div class=\"elementor-element elementor-element-ded6334 e-flex e-con-boxed e-con e-child\" data-id=\"ded6334\" data-element_type=\"container\">\n\t\t\t\t\t<div class=\"e-con-inner\">\n\t\t\t\t<div class=\"elementor-element elementor-element-75d99ce elementor-widget elementor-widget-text-editor\" data-id=\"75d99ce\" data-element_type=\"widget\" data-widget_type=\"text-editor.default\">\n\t\t\t\t<div class=\"elementor-widget-container\">\n\t\t\t\t\t\t\t<p>Serveis<\/p>\n\t\t\t\t\t\t<\/div>\n\t\t\t\t<\/div>\n\t\t\t\t\t<\/div>\n\t\t\t\t<\/div>\n\t\t\t\t\t<\/div>\n\t\t\t\t<\/div>\n\t\t<div class=\"elementor-element elementor-element-d842cce e-flex e-con-boxed e-con e-child\" data-id=\"d842cce\" data-element_type=\"container\">\n\t\t\t\t\t<div class=\"e-con-inner\">\n\t\t<div class=\"elementor-element elementor-element-d5c6c8f e-con-full e-flex e-con e-child\" data-id=\"d5c6c8f\" data-element_type=\"container\">\n\t\t\t\t<div class=\"elementor-element elementor-element-b6c91b7 elementor-widget elementor-widget-text-editor\" data-id=\"b6c91b7\" data-element_type=\"widget\" data-widget_type=\"text-editor.default\">\n\t\t\t\t<div class=\"elementor-widget-container\">\n\t\t\t\t\t\t\t<h1>Draps de neteja reutilitzables<\/h1>\n\t\t\t\t\t\t<\/div>\n\t\t\t\t<\/div>\n\t\t\t\t<\/div>\n\t\t<div class=\"elementor-element elementor-element-854d9dc e-con-full e-flex e-con e-child\" data-id=\"854d9dc\" data-element_type=\"container\">\n\t\t\t\t<\/div>\n\t\t<div class=\"elementor-element elementor-element-581b9cd e-flex e-con-boxed e-con e-child\" data-id=\"581b9cd\" data-element_type=\"container\">\n\t\t\t\t\t<div class=\"e-con-inner\">\n\t\t\t\t<div class=\"elementor-element elementor-element-2574c9f elementor-widget elementor-widget-text-editor\" data-id=\"2574c9f\" data-element_type=\"widget\" data-widget_type=\"text-editor.default\">\n\t\t\t\t<div class=\"elementor-widget-container\">\n\t\t\t\t\t\t\t<h5>Oferim el servei de subministrament de draps de neteja industrial reutilitzables com a part de la nostra pol\u00edtica de minimitzaci\u00f3 de residus i responsabilitat mediambiental.<\/h5>\n\t\t\t\t\t\t<\/div>\n\t\t\t\t<\/div>\n\t\t\t\t\t<\/div>\n\t\t\t\t<\/div>\n\t\t\t\t\t<\/div>\n\t\t\t\t<\/div>\n\t\t\t\t\t<\/div>\n\t\t\t\t<\/div>\n\t\t<div class=\"elementor-element elementor-element-e9a7e52 e-flex e-con-boxed e-con e-parent\" data-id=\"e9a7e52\" data-element_type=\"container\">\n\t\t\t\t\t<div class=\"e-con-inner\">\n\t\t<div class=\"elementor-element elementor-element-3f27a30 e-con-full e-flex elementor-invisible e-con e-child\" data-id=\"3f27a30\" data-element_type=\"container\" data-settings=\"{&quot;background_background&quot;:&quot;classic&quot;,&quot;animation&quot;:&quot;fadeInUp&quot;}\">\n\t\t\t\t<\/div>\n\t\t\t\t\t<\/div>\n\t\t\t\t<\/div>\n\t\t<div class=\"elementor-element elementor-element-d7e9c60 e-flex e-con-boxed e-con e-parent\" data-id=\"d7e9c60\" data-element_type=\"container\" data-settings=\"{&quot;background_background&quot;:&quot;classic&quot;}\">\n\t\t\t\t\t<div class=\"e-con-inner\">\n\t\t<div class=\"elementor-element elementor-element-501bf0e e-flex e-con-boxed e-con e-child\" data-id=\"501bf0e\" data-element_type=\"container\">\n\t\t\t\t\t<div class=\"e-con-inner\">\n\t\t<div class=\"elementor-element elementor-element-da7f8ab e-con-full e-flex elementor-invisible e-con e-child\" data-id=\"da7f8ab\" data-element_type=\"container\" data-settings=\"{&quot;animation&quot;:&quot;fadeInUp&quot;}\">\n\t\t\t\t<div class=\"elementor-element elementor-element-40e1719 elementor-widget elementor-widget-text-editor\" data-id=\"40e1719\" data-element_type=\"widget\" data-widget_type=\"text-editor.default\">\n\t\t\t\t<div class=\"elementor-widget-container\">\n\t\t\t\t\t\t\t<p>A trav\u00e9s d&#8217;aquesta modalitat allarguem la vida d&#8217;un element amb alta penetraci\u00f3 i \u00fas en el sector industrial.<\/p>\n\t\t\t\t\t\t<\/div>\n\t\t\t\t<\/div>\n\t\t\t\t<\/div>\n\t\t<div class=\"elementor-element elementor-element-295cf56 e-con-full elementor-hidden-mobile e-flex e-con e-child\" data-id=\"295cf56\" data-element_type=\"container\">\n\t\t\t\t<\/div>\n\t\t<div class=\"elementor-element elementor-element-058f2ad e-flex e-con-boxed elementor-invisible e-con e-child\" data-id=\"058f2ad\" data-element_type=\"container\" data-settings=\"{&quot;animation&quot;:&quot;fadeInUp&quot;}\">\n\t\t\t\t\t<div class=\"e-con-inner\">\n\t\t\t\t<div class=\"elementor-element elementor-element-727dc0b elementor-widget elementor-widget-text-editor\" data-id=\"727dc0b\" data-element_type=\"widget\" data-widget_type=\"text-editor.default\">\n\t\t\t\t<div class=\"elementor-widget-container\">\n\t\t\t\t\t\t\t<p>La reutilitzaci\u00f3 de draps de neteja redueix la demanda de fabricaci\u00f3, allarga la vida dels draps i redueix la generaci\u00f3 d&#8217;aquest residu.<\/p>\n<p>Establim un servei circular que beneficia les empreses i l&#8217;entorn natural.<\/p>\n\t\t\t\t\t\t<\/div>\n\t\t\t\t<\/div>\n\t\t\t\t\t<\/div>\n\t\t\t\t<\/div>\n\t\t\t\t\t<\/div>\n\t\t\t\t<\/div>\n\t\t\t\t\t<\/div>\n\t\t\t\t<\/div>\n\t\t<div class=\"elementor-element elementor-element-2c06706 e-flex e-con-boxed e-con e-parent\" data-id=\"2c06706\" data-element_type=\"container\" data-settings=\"{&quot;background_background&quot;:&quot;classic&quot;}\">\n\t\t\t\t\t<div class=\"e-con-inner\">\n\t\t<div class=\"elementor-element elementor-element-ef458b5 e-con-full e-flex elementor-invisible e-con e-child\" data-id=\"ef458b5\" data-element_type=\"container\" data-settings=\"{&quot;background_background&quot;:&quot;classic&quot;,&quot;animation&quot;:&quot;fadeInUp&quot;}\">\n\t\t\t\t<div class=\"elementor-element elementor-element-4fb5e71 elementor-widget elementor-widget-text-editor\" data-id=\"4fb5e71\" data-element_type=\"widget\" data-widget_type=\"text-editor.default\">\n\t\t\t\t<div class=\"elementor-widget-container\">\n\t\t\t\t\t\t\t<h5><img decoding=\"async\" class=\"alignnone wp-image-630\" src=\"https:\/\/sircat.com\/wp-content\/uploads\/2024\/07\/icon_Contenedores.svg\" alt=\"Contenidors\" width=\"60\" height=\"60\"><\/h5>\n<h5>Selecci\u00f3 de materials sostenibles<\/h5>\n<p>Oferim draps de neteja fabricats amb materials sostenibles i resistents de diferents qualitats segons les seves necessitats.<\/p>\n\t\t\t\t\t\t<\/div>\n\t\t\t\t<\/div>\n\t\t\t\t<\/div>\n\t\t<div class=\"elementor-element elementor-element-0a38b75 e-con-full e-flex elementor-invisible e-con e-child\" data-id=\"0a38b75\" data-element_type=\"container\" data-settings=\"{&quot;background_background&quot;:&quot;classic&quot;,&quot;animation&quot;:&quot;fadeInUp&quot;}\">\n\t\t\t\t<div class=\"elementor-element elementor-element-1e58f0b elementor-widget elementor-widget-text-editor\" data-id=\"1e58f0b\" data-element_type=\"widget\" data-widget_type=\"text-editor.default\">\n\t\t\t\t<div class=\"elementor-widget-container\">\n\t\t\t\t\t\t\t<h5><img decoding=\"async\" class=\"alignnone wp-image-673\" src=\"https:\/\/sircat.com\/wp-content\/uploads\/2024\/07\/icon_Transporte.svg\" alt=\"Transport\" width=\"113\" height=\"60\"><\/h5>\n<h5>Sistema de recollida<\/h5>\n<p>Implementem un sistema peri\u00f2dic de recollida per sotmetre els draps a processos de rentat i descontaminaci\u00f3 que assegurin la seva reutilitzaci\u00f3. <\/p>\n\t\t\t\t\t\t<\/div>\n\t\t\t\t<\/div>\n\t\t\t\t<\/div>\n\t\t\t\t\t<\/div>\n\t\t\t\t<\/div>\n\t\t<div class=\"elementor-element elementor-element-6f1c7db e-flex e-con-boxed elementor-invisible e-con e-parent\" data-id=\"6f1c7db\" data-element_type=\"container\" data-settings=\"{&quot;background_background&quot;:&quot;classic&quot;,&quot;animation&quot;:&quot;fadeInUp&quot;}\">\n\t\t\t\t\t<div class=\"e-con-inner\">\n\t\t<div class=\"elementor-element elementor-element-4ca2b24 e-con-full e-flex e-con e-child\" data-id=\"4ca2b24\" data-element_type=\"container\">\n\t\t\t\t<div class=\"elementor-element elementor-element-48de5cd elementor-widget elementor-widget-text-editor\" data-id=\"48de5cd\" data-element_type=\"widget\" data-widget_type=\"text-editor.default\">\n\t\t\t\t<div class=\"elementor-widget-container\">\n\t\t\t\t\t\t\t<h4><span style=\"color: #ffffff;\">Si necessites m\u00e9s informaci\u00f3 sobre les nostres plantes de gesti\u00f3, vols sol\u00b7licitar algun dels nostres serveis o vols saber-ne m\u00e9s sobre la nostra companyia<\/p>\n<p><\/span><\/h4>\n\t\t\t\t\t\t<\/div>\n\t\t\t\t<\/div>\n\t\t\t\t<\/div>\n\t\t<div class=\"elementor-element elementor-element-4f6aca9 e-flex e-con-boxed e-con e-child\" data-id=\"4f6aca9\" data-element_type=\"container\">\n\t\t\t\t\t<div class=\"e-con-inner\">\n\t\t\t\t<div class=\"elementor-element elementor-element-2588ca4 elementor-align-center elementor-widget elementor-widget-button\" data-id=\"2588ca4\" data-element_type=\"widget\" data-widget_type=\"button.default\">\n\t\t\t\t<div class=\"elementor-widget-container\">\n\t\t\t\t\t<div class=\"elementor-button-wrapper\">\n\t\t\t<a class=\"elementor-button elementor-button-link elementor-size-sm\" href=\"#\">\n\t\t\t\t\t\t<span class=\"elementor-button-content-wrapper\">\n\t\t\t\t\t\t\t\t\t<span class=\"elementor-button-text\">Sol\u00b7licitar informaci\u00f3<\/span>\n\t\t\t\t\t<\/span>\n\t\t\t\t\t<\/a>\n\t\t<\/div>\n\t\t\t\t<\/div>\n\t\t\t\t<\/div>\n\t\t\t\t\t<\/div>\n\t\t\t\t<\/div>\n\t\t\t\t\t<\/div>\n\t\t\t\t<\/div>\n\t\t\t\t<\/div>\n\t\t","protected":false},"excerpt":{"rendered":"<p>Serveis Draps de neteja reutilitzables Oferim el servei de subministrament de draps de neteja industrial reutilitzables com a part de la nostra pol\u00edtica de minimitzaci\u00f3 de residus i responsabilitat mediambiental. A trav\u00e9s d&#8217;aquesta modalitat allarguem la vida d&#8217;un element amb alta penetraci\u00f3 i \u00fas en el sector industrial. La reutilitzaci\u00f3 de draps de neteja redueix [&hellip;]<\/p>\n","protected":false},"author":1,"featured_media":0,"parent":3850,"menu_order":0,"comment_status":"closed","ping_status":"closed","template":"","meta":{"_acf_changed":false,"footnotes":""},"class_list":["post-2362","page","type-page","status-publish","hentry"],"acf":[],"yoast_head":"<!-- This site is optimized with the Yoast SEO plugin v23.8 - https:\/\/yoast.com\/wordpress\/plugins\/seo\/ -->\n<title>Draps de neteja reutilitzables - Sircat<\/title>\n<meta name=\"description\" content=\"Subministrem draps de neteja reutilitzables, una opci\u00f3 sostenible i econ\u00f2mica per a ind\u00fastries. Qualitat garantida i lliurament eficient. Demana&#039;ns informaci\u00f3!\" \/>\n<meta name=\"robots\" content=\"index, follow, max-snippet:-1, max-image-preview:large, max-video-preview:-1\" \/>\n<link rel=\"canonical\" href=\"https:\/\/sircat.com\/servicios\/suministro-de-trapos-de-limpieza-reutilizables\/\" \/>\n<meta property=\"og:locale\" content=\"ca_ES\" \/>\n<meta property=\"og:type\" content=\"article\" \/>\n<meta property=\"og:title\" content=\"Draps de neteja reutilitzables - Sircat\" \/>\n<meta property=\"og:description\" content=\"Subministrem draps de neteja reutilitzables, una opci\u00f3 sostenible i econ\u00f2mica per a ind\u00fastries. Qualitat garantida i lliurament eficient. Demana&#039;ns informaci\u00f3!\" \/>\n<meta property=\"og:url\" content=\"https:\/\/sircat.com\/servicios\/suministro-de-trapos-de-limpieza-reutilizables\/\" \/>\n<meta property=\"og:site_name\" content=\"Sircat\" \/>\n<meta property=\"article:modified_time\" content=\"2024-11-26T12:34:01+00:00\" \/>\n<meta property=\"og:image\" content=\"https:\/\/sircat.com\/wp-content\/uploads\/2024\/07\/icon_Contenedores.svg\" \/>\n<meta name=\"twitter:card\" content=\"summary_large_image\" \/>\n<meta name=\"twitter:label1\" content=\"Temps estimat de lectura\" \/>\n\t<meta name=\"twitter:data1\" content=\"2 minuts\" \/>\n<script type=\"application\/ld+json\" class=\"yoast-schema-graph\">{\"@context\":\"https:\/\/schema.org\",\"@graph\":[{\"@type\":\"WebPage\",\"@id\":\"https:\/\/sircat.com\/servicios\/suministro-de-trapos-de-limpieza-reutilizables\/\",\"url\":\"https:\/\/sircat.com\/servicios\/suministro-de-trapos-de-limpieza-reutilizables\/\",\"name\":\"Draps de neteja reutilitzables - Sircat\",\"isPartOf\":{\"@id\":\"https:\/\/sircat.com\/#website\"},\"primaryImageOfPage\":{\"@id\":\"https:\/\/sircat.com\/servicios\/suministro-de-trapos-de-limpieza-reutilizables\/#primaryimage\"},\"image\":{\"@id\":\"https:\/\/sircat.com\/servicios\/suministro-de-trapos-de-limpieza-reutilizables\/#primaryimage\"},\"thumbnailUrl\":\"https:\/\/sircat.com\/wp-content\/uploads\/2024\/07\/icon_Contenedores.svg\",\"datePublished\":\"2024-05-24T09:02:58+00:00\",\"dateModified\":\"2024-11-26T12:34:01+00:00\",\"description\":\"Subministrem draps de neteja reutilitzables, una opci\u00f3 sostenible i econ\u00f2mica per a ind\u00fastries. Qualitat garantida i lliurament eficient. Demana'ns informaci\u00f3!\",\"breadcrumb\":{\"@id\":\"https:\/\/sircat.com\/servicios\/suministro-de-trapos-de-limpieza-reutilizables\/#breadcrumb\"},\"inLanguage\":\"ca\",\"potentialAction\":[{\"@type\":\"ReadAction\",\"target\":[\"https:\/\/sircat.com\/servicios\/suministro-de-trapos-de-limpieza-reutilizables\/\"]}]},{\"@type\":\"ImageObject\",\"inLanguage\":\"ca\",\"@id\":\"https:\/\/sircat.com\/servicios\/suministro-de-trapos-de-limpieza-reutilizables\/#primaryimage\",\"url\":\"https:\/\/sircat.com\/wp-content\/uploads\/2024\/07\/icon_Contenedores.svg\",\"contentUrl\":\"https:\/\/sircat.com\/wp-content\/uploads\/2024\/07\/icon_Contenedores.svg\"},{\"@type\":\"BreadcrumbList\",\"@id\":\"https:\/\/sircat.com\/servicios\/suministro-de-trapos-de-limpieza-reutilizables\/#breadcrumb\",\"itemListElement\":[{\"@type\":\"ListItem\",\"position\":1,\"name\":\"Portada\",\"item\":\"https:\/\/sircat.com\/\"},{\"@type\":\"ListItem\",\"position\":2,\"name\":\"Serveis\",\"item\":\"https:\/\/sircat.com\/servicios\/\"},{\"@type\":\"ListItem\",\"position\":3,\"name\":\"Subministrament de draps de neteja reutilitzables\"}]},{\"@type\":\"WebSite\",\"@id\":\"https:\/\/sircat.com\/#website\",\"url\":\"https:\/\/sircat.com\/\",\"name\":\"Sircat\",\"description\":\"Servicios Medioambientales a todo tipo de empresas\",\"publisher\":{\"@id\":\"https:\/\/sircat.com\/#organization\"},\"potentialAction\":[{\"@type\":\"SearchAction\",\"target\":{\"@type\":\"EntryPoint\",\"urlTemplate\":\"https:\/\/sircat.com\/?s={search_term_string}\"},\"query-input\":{\"@type\":\"PropertyValueSpecification\",\"valueRequired\":true,\"valueName\":\"search_term_string\"}}],\"inLanguage\":\"ca\"},{\"@type\":\"Organization\",\"@id\":\"https:\/\/sircat.com\/#organization\",\"name\":\"Sircat\",\"url\":\"https:\/\/sircat.com\/\",\"logo\":{\"@type\":\"ImageObject\",\"inLanguage\":\"ca\",\"@id\":\"https:\/\/sircat.com\/#\/schema\/logo\/image\/\",\"url\":\"https:\/\/sircat.com\/wp-content\/uploads\/2024\/05\/sircat.svg\",\"contentUrl\":\"https:\/\/sircat.com\/wp-content\/uploads\/2024\/05\/sircat.svg\",\"width\":292,\"height\":80,\"caption\":\"Sircat\"},\"image\":{\"@id\":\"https:\/\/sircat.com\/#\/schema\/logo\/image\/\"}}]}<\/script>\n<!-- \/ Yoast SEO plugin. -->","yoast_head_json":{"title":"Draps de neteja reutilitzables - Sircat","description":"Subministrem draps de neteja reutilitzables, una opci\u00f3 sostenible i econ\u00f2mica per a ind\u00fastries. Qualitat garantida i lliurament eficient. Demana'ns informaci\u00f3!","robots":{"index":"index","follow":"follow","max-snippet":"max-snippet:-1","max-image-preview":"max-image-preview:large","max-video-preview":"max-video-preview:-1"},"canonical":"https:\/\/sircat.com\/servicios\/suministro-de-trapos-de-limpieza-reutilizables\/","og_locale":"ca_ES","og_type":"article","og_title":"Draps de neteja reutilitzables - Sircat","og_description":"Subministrem draps de neteja reutilitzables, una opci\u00f3 sostenible i econ\u00f2mica per a ind\u00fastries. Qualitat garantida i lliurament eficient. Demana'ns informaci\u00f3!","og_url":"https:\/\/sircat.com\/servicios\/suministro-de-trapos-de-limpieza-reutilizables\/","og_site_name":"Sircat","article_modified_time":"2024-11-26T12:34:01+00:00","og_image":[{"url":"https:\/\/sircat.com\/wp-content\/uploads\/2024\/07\/icon_Contenedores.svg"}],"twitter_card":"summary_large_image","twitter_misc":{"Temps estimat de lectura":"2 minuts"},"schema":{"@context":"https:\/\/schema.org","@graph":[{"@type":"WebPage","@id":"https:\/\/sircat.com\/servicios\/suministro-de-trapos-de-limpieza-reutilizables\/","url":"https:\/\/sircat.com\/servicios\/suministro-de-trapos-de-limpieza-reutilizables\/","name":"Draps de neteja reutilitzables - Sircat","isPartOf":{"@id":"https:\/\/sircat.com\/#website"},"primaryImageOfPage":{"@id":"https:\/\/sircat.com\/servicios\/suministro-de-trapos-de-limpieza-reutilizables\/#primaryimage"},"image":{"@id":"https:\/\/sircat.com\/servicios\/suministro-de-trapos-de-limpieza-reutilizables\/#primaryimage"},"thumbnailUrl":"https:\/\/sircat.com\/wp-content\/uploads\/2024\/07\/icon_Contenedores.svg","datePublished":"2024-05-24T09:02:58+00:00","dateModified":"2024-11-26T12:34:01+00:00","description":"Subministrem draps de neteja reutilitzables, una opci\u00f3 sostenible i econ\u00f2mica per a ind\u00fastries. Qualitat garantida i lliurament eficient. Demana'ns informaci\u00f3!","breadcrumb":{"@id":"https:\/\/sircat.com\/servicios\/suministro-de-trapos-de-limpieza-reutilizables\/#breadcrumb"},"inLanguage":"ca","potentialAction":[{"@type":"ReadAction","target":["https:\/\/sircat.com\/servicios\/suministro-de-trapos-de-limpieza-reutilizables\/"]}]},{"@type":"ImageObject","inLanguage":"ca","@id":"https:\/\/sircat.com\/servicios\/suministro-de-trapos-de-limpieza-reutilizables\/#primaryimage","url":"https:\/\/sircat.com\/wp-content\/uploads\/2024\/07\/icon_Contenedores.svg","contentUrl":"https:\/\/sircat.com\/wp-content\/uploads\/2024\/07\/icon_Contenedores.svg"},{"@type":"BreadcrumbList","@id":"https:\/\/sircat.com\/servicios\/suministro-de-trapos-de-limpieza-reutilizables\/#breadcrumb","itemListElement":[{"@type":"ListItem","position":1,"name":"Portada","item":"https:\/\/sircat.com\/"},{"@type":"ListItem","position":2,"name":"Serveis","item":"https:\/\/sircat.com\/servicios\/"},{"@type":"ListItem","position":3,"name":"Subministrament de draps de neteja reutilitzables"}]},{"@type":"WebSite","@id":"https:\/\/sircat.com\/#website","url":"https:\/\/sircat.com\/","name":"Sircat","description":"Servicios Medioambientales a todo tipo de empresas","publisher":{"@id":"https:\/\/sircat.com\/#organization"},"potentialAction":[{"@type":"SearchAction","target":{"@type":"EntryPoint","urlTemplate":"https:\/\/sircat.com\/?s={search_term_string}"},"query-input":{"@type":"PropertyValueSpecification","valueRequired":true,"valueName":"search_term_string"}}],"inLanguage":"ca"},{"@type":"Organization","@id":"https:\/\/sircat.com\/#organization","name":"Sircat","url":"https:\/\/sircat.com\/","logo":{"@type":"ImageObject","inLanguage":"ca","@id":"https:\/\/sircat.com\/#\/schema\/logo\/image\/","url":"https:\/\/sircat.com\/wp-content\/uploads\/2024\/05\/sircat.svg","contentUrl":"https:\/\/sircat.com\/wp-content\/uploads\/2024\/05\/sircat.svg","width":292,"height":80,"caption":"Sircat"},"image":{"@id":"https:\/\/sircat.com\/#\/schema\/logo\/image\/"}}]}},"_links":{"self":[{"href":"https:\/\/sircat.com\/ca\/wp-json\/wp\/v2\/pages\/2362","targetHints":{"allow":["GET"]}}],"collection":[{"href":"https:\/\/sircat.com\/ca\/wp-json\/wp\/v2\/pages"}],"about":[{"href":"https:\/\/sircat.com\/ca\/wp-json\/wp\/v2\/types\/page"}],"author":[{"embeddable":true,"href":"https:\/\/sircat.com\/ca\/wp-json\/wp\/v2\/users\/1"}],"replies":[{"embeddable":true,"href":"https:\/\/sircat.com\/ca\/wp-json\/wp\/v2\/comments?post=2362"}],"version-history":[{"count":12,"href":"https:\/\/sircat.com\/ca\/wp-json\/wp\/v2\/pages\/2362\/revisions"}],"predecessor-version":[{"id":4780,"href":"https:\/\/sircat.com\/ca\/wp-json\/wp\/v2\/pages\/2362\/revisions\/4780"}],"up":[{"embeddable":true,"href":"https:\/\/sircat.com\/ca\/wp-json\/wp\/v2\/pages\/3850"}],"wp:attachment":[{"href":"https:\/\/sircat.com\/ca\/wp-json\/wp\/v2\/media?parent=2362"}],"curies":[{"name":"wp","href":"https:\/\/api.w.org\/{rel}","templated":true}]}}