{"id":2352,"date":"2024-05-24T09:03:29","date_gmt":"2024-05-24T09:03:29","guid":{"rendered":"https:\/\/321brand.net\/sircat\/lloguer-de-premses-compactadors-i-contenidors\/"},"modified":"2024-11-26T12:41:21","modified_gmt":"2024-11-26T12:41:21","slug":"lloguer-de-premses-compactadors-i-contenidors","status":"publish","type":"page","link":"https:\/\/sircat.com\/ca\/serveis\/lloguer-de-premses-compactadors-i-contenidors\/","title":{"rendered":"Lloguer de premses, compactadors i contenidors"},"content":{"rendered":"\t\t<div data-elementor-type=\"wp-page\" data-elementor-id=\"2352\" class=\"elementor elementor-2352 elementor-32\" data-elementor-post-type=\"page\">\n\t\t\t\t<div class=\"elementor-element elementor-element-ef1e026 e-flex e-con-boxed e-con e-parent\" data-id=\"ef1e026\" data-element_type=\"container\" data-settings=\"{&quot;background_background&quot;:&quot;classic&quot;}\">\n\t\t\t\t\t<div class=\"e-con-inner\">\n\t\t<div class=\"elementor-element elementor-element-ccab4e1 e-flex e-con-boxed e-con e-child\" data-id=\"ccab4e1\" data-element_type=\"container\">\n\t\t\t\t\t<div class=\"e-con-inner\">\n\t\t<div class=\"elementor-element elementor-element-0e9db05 e-flex e-con-boxed e-con e-child\" data-id=\"0e9db05\" data-element_type=\"container\">\n\t\t\t\t\t<div class=\"e-con-inner\">\n\t\t\t\t<div class=\"elementor-element elementor-element-35ff87e elementor-widget elementor-widget-text-editor\" data-id=\"35ff87e\" data-element_type=\"widget\" data-widget_type=\"text-editor.default\">\n\t\t\t\t<div class=\"elementor-widget-container\">\n\t\t\t\t\t\t\t<p>Serveis<\/p>\n\t\t\t\t\t\t<\/div>\n\t\t\t\t<\/div>\n\t\t\t\t\t<\/div>\n\t\t\t\t<\/div>\n\t\t\t\t\t<\/div>\n\t\t\t\t<\/div>\n\t\t<div class=\"elementor-element elementor-element-cb3aede e-flex e-con-boxed e-con e-child\" data-id=\"cb3aede\" data-element_type=\"container\">\n\t\t\t\t\t<div class=\"e-con-inner\">\n\t\t<div class=\"elementor-element elementor-element-cbacc06 e-con-full e-flex e-con e-child\" data-id=\"cbacc06\" data-element_type=\"container\">\n\t\t\t\t<div class=\"elementor-element elementor-element-e25f1bc elementor-widget elementor-widget-text-editor\" data-id=\"e25f1bc\" data-element_type=\"widget\" data-widget_type=\"text-editor.default\">\n\t\t\t\t<div class=\"elementor-widget-container\">\n\t\t\t\t\t\t\t<h1>Lloguer de premses, compactadors i contenidors<\/h1>\n\t\t\t\t\t\t<\/div>\n\t\t\t\t<\/div>\n\t\t\t\t<\/div>\n\t\t<div class=\"elementor-element elementor-element-6558149 e-con-full e-flex e-con e-child\" data-id=\"6558149\" data-element_type=\"container\">\n\t\t\t\t<\/div>\n\t\t<div class=\"elementor-element elementor-element-8b8a921 e-flex e-con-boxed e-con e-child\" data-id=\"8b8a921\" data-element_type=\"container\">\n\t\t\t\t\t<div class=\"e-con-inner\">\n\t\t\t\t<div class=\"elementor-element elementor-element-c445145 elementor-widget elementor-widget-text-editor\" data-id=\"c445145\" data-element_type=\"widget\" data-widget_type=\"text-editor.default\">\n\t\t\t\t<div class=\"elementor-widget-container\">\n\t\t\t\t\t\t\t<h5>Oferim el lloguer de premses, compactadors i contenidors de diferent tipologia per donar soluci\u00f3 a tota mena de necessitats.<\/h5>\n\t\t\t\t\t\t<\/div>\n\t\t\t\t<\/div>\n\t\t\t\t\t<\/div>\n\t\t\t\t<\/div>\n\t\t\t\t\t<\/div>\n\t\t\t\t<\/div>\n\t\t\t\t\t<\/div>\n\t\t\t\t<\/div>\n\t\t<div class=\"elementor-element elementor-element-e15588a elementor-hidden-mobile e-flex e-con-boxed e-con e-parent\" data-id=\"e15588a\" data-element_type=\"container\" data-settings=\"{&quot;background_background&quot;:&quot;classic&quot;}\">\n\t\t\t\t\t<div class=\"e-con-inner\">\n\t\t\t\t\t<\/div>\n\t\t\t\t<\/div>\n\t\t<div class=\"elementor-element elementor-element-d90d4e4 elementor-hidden-desktop elementor-hidden-tablet e-flex e-con-boxed e-con e-parent\" data-id=\"d90d4e4\" data-element_type=\"container\" data-settings=\"{&quot;background_background&quot;:&quot;classic&quot;}\">\n\t\t\t\t\t<div class=\"e-con-inner\">\n\t\t\t\t\t<\/div>\n\t\t\t\t<\/div>\n\t\t<div class=\"elementor-element elementor-element-f8c245f e-flex e-con-boxed e-con e-parent\" data-id=\"f8c245f\" data-element_type=\"container\" data-settings=\"{&quot;background_background&quot;:&quot;classic&quot;}\">\n\t\t\t\t\t<div class=\"e-con-inner\">\n\t\t<div class=\"elementor-element elementor-element-55ccafc e-flex e-con-boxed e-con e-child\" data-id=\"55ccafc\" data-element_type=\"container\">\n\t\t\t\t\t<div class=\"e-con-inner\">\n\t\t<div class=\"elementor-element elementor-element-2604f51 e-con-full e-flex e-con e-child\" data-id=\"2604f51\" data-element_type=\"container\">\n\t\t\t\t<div class=\"elementor-element elementor-element-66d3822 elementor-widget elementor-widget-text-editor\" data-id=\"66d3822\" data-element_type=\"widget\" data-widget_type=\"text-editor.default\">\n\t\t\t\t<div class=\"elementor-widget-container\">\n\t\t\t\t\t\t\t<p>El lloguer d&#8217;aquest tipus d&#8217;equips permet a les empreses optimitzar espai i donar resposta tant a necessitats puntuals com peri\u00f2diques.<\/p>\n\t\t\t\t\t\t<\/div>\n\t\t\t\t<\/div>\n\t\t\t\t<\/div>\n\t\t<div class=\"elementor-element elementor-element-507c1c2 e-con-full elementor-hidden-mobile e-flex e-con e-child\" data-id=\"507c1c2\" data-element_type=\"container\">\n\t\t\t\t<\/div>\n\t\t<div class=\"elementor-element elementor-element-79c3be9 e-flex e-con-boxed e-con e-child\" data-id=\"79c3be9\" data-element_type=\"container\">\n\t\t\t\t\t<div class=\"e-con-inner\">\n\t\t\t\t<div class=\"elementor-element elementor-element-6761ae9 elementor-widget elementor-widget-text-editor\" data-id=\"6761ae9\" data-element_type=\"widget\" data-widget_type=\"text-editor.default\">\n\t\t\t\t<div class=\"elementor-widget-container\">\n\t\t\t\t\t\t\t<p>A trav\u00e9s de premses i compactadores es minimitzen considerablement les necessitats d&#8217;espai d&#8217;emmagatzematge. <\/p>\n\t\t\t\t\t\t<\/div>\n\t\t\t\t<\/div>\n\t\t\t\t\t<\/div>\n\t\t\t\t<\/div>\n\t\t\t\t\t<\/div>\n\t\t\t\t<\/div>\n\t\t\t\t\t<\/div>\n\t\t\t\t<\/div>\n\t\t<div class=\"elementor-element elementor-element-2beada7 e-flex e-con-boxed e-con e-parent\" data-id=\"2beada7\" data-element_type=\"container\" data-settings=\"{&quot;background_background&quot;:&quot;classic&quot;}\">\n\t\t\t\t\t<div class=\"e-con-inner\">\n\t\t<div class=\"elementor-element elementor-element-1268912 e-flex e-con-boxed e-con e-child\" data-id=\"1268912\" data-element_type=\"container\">\n\t\t\t\t\t<div class=\"e-con-inner\">\n\t\t<div class=\"elementor-element elementor-element-455e1ef e-con-full e-flex e-con e-child\" data-id=\"455e1ef\" data-element_type=\"container\">\n\t\t\t\t<div class=\"elementor-element elementor-element-04b6c2a elementor-widget elementor-widget-text-editor\" data-id=\"04b6c2a\" data-element_type=\"widget\" data-widget_type=\"text-editor.default\">\n\t\t\t\t<div class=\"elementor-widget-container\">\n\t\t\t\t\t\t\t<h3>Premses i compactadors<\/h3>\n\t\t\t\t\t\t<\/div>\n\t\t\t\t<\/div>\n\t\t\t\t<div class=\"elementor-element elementor-element-e0335ee elementor-widget elementor-widget-text-editor\" data-id=\"e0335ee\" data-element_type=\"widget\" data-widget_type=\"text-editor.default\">\n\t\t\t\t<div class=\"elementor-widget-container\">\n\t\t\t\t\t\t\t<p>Proporcionem equips d&#8217;\u00faltima generaci\u00f3 que s&#8217;adapten a diferents tipus de materials, ajudant a minimitzar l&#8217;espai d&#8217;emmagatzematge i reduir els costos associats a la gesti\u00f3 de residus.<\/p>\n\t\t\t\t\t\t<\/div>\n\t\t\t\t<\/div>\n\t\t\t\t<div class=\"elementor-element elementor-element-9e2df04 elementor-widget elementor-widget-gallery\" data-id=\"9e2df04\" data-element_type=\"widget\" data-settings=\"{&quot;columns&quot;:1,&quot;aspect_ratio&quot;:&quot;1:1&quot;,&quot;lazyload&quot;:&quot;yes&quot;,&quot;gallery_layout&quot;:&quot;grid&quot;,&quot;columns_tablet&quot;:2,&quot;columns_mobile&quot;:1,&quot;gap&quot;:{&quot;unit&quot;:&quot;px&quot;,&quot;size&quot;:10,&quot;sizes&quot;:[]},&quot;gap_tablet&quot;:{&quot;unit&quot;:&quot;px&quot;,&quot;size&quot;:10,&quot;sizes&quot;:[]},&quot;gap_mobile&quot;:{&quot;unit&quot;:&quot;px&quot;,&quot;size&quot;:10,&quot;sizes&quot;:[]},&quot;link_to&quot;:&quot;file&quot;,&quot;overlay_background&quot;:&quot;yes&quot;,&quot;content_hover_animation&quot;:&quot;fade-in&quot;}\" data-widget_type=\"gallery.default\">\n\t\t\t\t<div class=\"elementor-widget-container\">\n\t\t\t\t\t<div class=\"elementor-gallery__container\">\n\t\t\t\t\t\t\t<a class=\"e-gallery-item elementor-gallery-item elementor-animated-content\" href=\"https:\/\/sircat.com\/wp-content\/uploads\/2024\/07\/prensa-y-compactadores.jpg\" data-elementor-open-lightbox=\"yes\" data-elementor-lightbox-slideshow=\"9e2df04\" data-elementor-lightbox-title=\"prensa-y-compactadores\" data-e-action-hash=\"#elementor-action%3Aaction%3Dlightbox%26settings%3DeyJpZCI6OTc2LCJ1cmwiOiJodHRwczpcL1wvc2lyY2F0LmNvbVwvd3AtY29udGVudFwvdXBsb2Fkc1wvMjAyNFwvMDdcL3ByZW5zYS15LWNvbXBhY3RhZG9yZXMuanBnIiwic2xpZGVzaG93IjoiOWUyZGYwNCJ9\">\n\t\t\t\t\t<div class=\"e-gallery-image elementor-gallery-item__image\" data-thumbnail=\"https:\/\/sircat.com\/wp-content\/uploads\/2024\/07\/prensa-y-compactadores.jpg\" data-width=\"606\" data-height=\"552\" aria-label=\"\" role=\"img\" ><\/div>\n\t\t\t\t\t\t\t\t\t\t\t<div class=\"elementor-gallery-item__overlay\"><\/div>\n\t\t\t\t\t\t\t\t\t\t\t\t\t\t<\/a>\n\t\t\t\t\t<\/div>\n\t\t\t<\/div>\n\t\t\t\t<\/div>\n\t\t\t\t<\/div>\n\t\t<div class=\"elementor-element elementor-element-8b16619 e-con-full elementor-hidden-mobile e-flex e-con e-child\" data-id=\"8b16619\" data-element_type=\"container\">\n\t\t\t\t<\/div>\n\t\t<div class=\"elementor-element elementor-element-1c36232 e-con-full e-flex e-con e-child\" data-id=\"1c36232\" data-element_type=\"container\">\n\t\t\t\t<div class=\"elementor-element elementor-element-2808973 elementor-widget elementor-widget-text-editor\" data-id=\"2808973\" data-element_type=\"widget\" data-widget_type=\"text-editor.default\">\n\t\t\t\t<div class=\"elementor-widget-container\">\n\t\t\t\t\t\t\t<h3>Contenidors<\/h3>\n\t\t\t\t\t\t<\/div>\n\t\t\t\t<\/div>\n\t\t\t\t<div class=\"elementor-element elementor-element-6a6a0b9 elementor-widget elementor-widget-text-editor\" data-id=\"6a6a0b9\" data-element_type=\"widget\" data-widget_type=\"text-editor.default\">\n\t\t\t\t<div class=\"elementor-widget-container\">\n\t\t\t\t\t\t\t<p>Oferim una \u00e0mplia gamma de contenidors d&#8217;emmagatzematge de residus per satisfer les necessitats espec\u00edfiques de cada client. <\/p>\n\t\t\t\t\t\t<\/div>\n\t\t\t\t<\/div>\n\t\t\t\t<div class=\"elementor-element elementor-element-4283532 elementor-widget elementor-widget-gallery\" data-id=\"4283532\" data-element_type=\"widget\" data-settings=\"{&quot;columns&quot;:1,&quot;aspect_ratio&quot;:&quot;1:1&quot;,&quot;lazyload&quot;:&quot;yes&quot;,&quot;gallery_layout&quot;:&quot;grid&quot;,&quot;columns_tablet&quot;:2,&quot;columns_mobile&quot;:1,&quot;gap&quot;:{&quot;unit&quot;:&quot;px&quot;,&quot;size&quot;:10,&quot;sizes&quot;:[]},&quot;gap_tablet&quot;:{&quot;unit&quot;:&quot;px&quot;,&quot;size&quot;:10,&quot;sizes&quot;:[]},&quot;gap_mobile&quot;:{&quot;unit&quot;:&quot;px&quot;,&quot;size&quot;:10,&quot;sizes&quot;:[]},&quot;link_to&quot;:&quot;file&quot;,&quot;overlay_background&quot;:&quot;yes&quot;,&quot;content_hover_animation&quot;:&quot;fade-in&quot;}\" data-widget_type=\"gallery.default\">\n\t\t\t\t<div class=\"elementor-widget-container\">\n\t\t\t\t\t<div class=\"elementor-gallery__container\">\n\t\t\t\t\t\t\t<a class=\"e-gallery-item elementor-gallery-item elementor-animated-content\" href=\"https:\/\/sircat.com\/wp-content\/uploads\/2024\/07\/contenedores.jpg\" data-elementor-open-lightbox=\"yes\" data-elementor-lightbox-slideshow=\"4283532\" data-elementor-lightbox-title=\"Contenedores\" data-elementor-lightbox-description=\"Contenedores\" data-e-action-hash=\"#elementor-action%3Aaction%3Dlightbox%26settings%3DeyJpZCI6OTc3LCJ1cmwiOiJodHRwczpcL1wvc2lyY2F0LmNvbVwvd3AtY29udGVudFwvdXBsb2Fkc1wvMjAyNFwvMDdcL2NvbnRlbmVkb3Jlcy5qcGciLCJzbGlkZXNob3ciOiI0MjgzNTMyIn0%3D\">\n\t\t\t\t\t<div class=\"e-gallery-image elementor-gallery-item__image\" data-thumbnail=\"https:\/\/sircat.com\/wp-content\/uploads\/2024\/07\/contenedores.jpg\" data-width=\"606\" data-height=\"552\" aria-label=\"Contenedores\" role=\"img\" ><\/div>\n\t\t\t\t\t\t\t\t\t\t\t<div class=\"elementor-gallery-item__overlay\"><\/div>\n\t\t\t\t\t\t\t\t\t\t\t\t\t\t<\/a>\n\t\t\t\t\t<\/div>\n\t\t\t<\/div>\n\t\t\t\t<\/div>\n\t\t\t\t<\/div>\n\t\t\t\t\t<\/div>\n\t\t\t\t<\/div>\n\t\t\t\t\t<\/div>\n\t\t\t\t<\/div>\n\t\t<div class=\"elementor-element elementor-element-fbda22d e-flex e-con-boxed e-con e-parent\" data-id=\"fbda22d\" data-element_type=\"container\" data-settings=\"{&quot;background_background&quot;:&quot;classic&quot;}\">\n\t\t\t\t\t<div class=\"e-con-inner\">\n\t\t<div class=\"elementor-element elementor-element-0da95d1 e-con-full e-flex e-con e-child\" data-id=\"0da95d1\" data-element_type=\"container\">\n\t\t\t\t<div class=\"elementor-element elementor-element-72f0ad0 elementor-widget elementor-widget-text-editor\" data-id=\"72f0ad0\" data-element_type=\"widget\" data-widget_type=\"text-editor.default\">\n\t\t\t\t<div class=\"elementor-widget-container\">\n\t\t\t\t\t\t\t<h4><span style=\"color: #ffffff;\">Si necessites m\u00e9s informaci\u00f3 sobre les nostres plantes de gesti\u00f3, vols sol\u00b7licitar algun dels nostres serveis o vols saber-ne m\u00e9s sobre la nostra companyia<\/p>\n<p><\/span><\/h4>\n\t\t\t\t\t\t<\/div>\n\t\t\t\t<\/div>\n\t\t\t\t<\/div>\n\t\t<div class=\"elementor-element elementor-element-31fce69 e-flex e-con-boxed e-con e-child\" data-id=\"31fce69\" data-element_type=\"container\">\n\t\t\t\t\t<div class=\"e-con-inner\">\n\t\t\t\t<div class=\"elementor-element elementor-element-861cf18 elementor-align-center elementor-widget elementor-widget-button\" data-id=\"861cf18\" data-element_type=\"widget\" data-widget_type=\"button.default\">\n\t\t\t\t<div class=\"elementor-widget-container\">\n\t\t\t\t\t<div class=\"elementor-button-wrapper\">\n\t\t\t<a class=\"elementor-button elementor-button-link elementor-size-sm\" href=\"https:\/\/sircat.com\/ca\/contacte\/\">\n\t\t\t\t\t\t<span class=\"elementor-button-content-wrapper\">\n\t\t\t\t\t\t\t\t\t<span class=\"elementor-button-text\">Sol\u00b7licitar informaci\u00f3<\/span>\n\t\t\t\t\t<\/span>\n\t\t\t\t\t<\/a>\n\t\t<\/div>\n\t\t\t\t<\/div>\n\t\t\t\t<\/div>\n\t\t\t\t\t<\/div>\n\t\t\t\t<\/div>\n\t\t\t\t\t<\/div>\n\t\t\t\t<\/div>\n\t\t\t\t<\/div>\n\t\t","protected":false},"excerpt":{"rendered":"<p>Serveis Lloguer de premses, compactadors i contenidors Oferim el lloguer de premses, compactadors i contenidors de diferent tipologia per donar soluci\u00f3 a tota mena de necessitats. El lloguer d&#8217;aquest tipus d&#8217;equips permet a les empreses optimitzar espai i donar resposta tant a necessitats puntuals com peri\u00f2diques. A trav\u00e9s de premses i compactadores es minimitzen considerablement [&hellip;]<\/p>\n","protected":false},"author":1,"featured_media":0,"parent":3850,"menu_order":0,"comment_status":"closed","ping_status":"closed","template":"","meta":{"_acf_changed":false,"footnotes":""},"class_list":["post-2352","page","type-page","status-publish","hentry"],"acf":[],"yoast_head":"<!-- This site is optimized with the Yoast SEO plugin v23.8 - https:\/\/yoast.com\/wordpress\/plugins\/seo\/ -->\n<title>Lloguer de premses, compactadores i contenidors - Sircat<\/title>\n<meta name=\"description\" content=\"Solucions en lloguer de premses, compactadores i contenidors per a la gesti\u00f3 de residus. Qualitat, professionalitat i sostenibilitat. Sol\u00b7licita informaci\u00f3!\" \/>\n<meta name=\"robots\" content=\"index, follow, max-snippet:-1, max-image-preview:large, max-video-preview:-1\" \/>\n<link rel=\"canonical\" href=\"https:\/\/sircat.com\/servicios\/alquiler-de-prensas-compactadores-y-contenedores\/\" \/>\n<meta property=\"og:locale\" content=\"ca_ES\" \/>\n<meta property=\"og:type\" content=\"article\" \/>\n<meta property=\"og:title\" content=\"Lloguer de premses, compactadores i contenidors - Sircat\" \/>\n<meta property=\"og:description\" content=\"Solucions en lloguer de premses, compactadores i contenidors per a la gesti\u00f3 de residus. Qualitat, professionalitat i sostenibilitat. Sol\u00b7licita informaci\u00f3!\" \/>\n<meta property=\"og:url\" content=\"https:\/\/sircat.com\/servicios\/alquiler-de-prensas-compactadores-y-contenedores\/\" \/>\n<meta property=\"og:site_name\" content=\"Sircat\" \/>\n<meta property=\"article:modified_time\" content=\"2024-11-26T12:41:21+00:00\" \/>\n<meta name=\"twitter:card\" content=\"summary_large_image\" \/>\n<meta name=\"twitter:label1\" content=\"Temps estimat de lectura\" \/>\n\t<meta name=\"twitter:data1\" content=\"1 minut\" \/>\n<script type=\"application\/ld+json\" class=\"yoast-schema-graph\">{\"@context\":\"https:\/\/schema.org\",\"@graph\":[{\"@type\":\"WebPage\",\"@id\":\"https:\/\/sircat.com\/servicios\/alquiler-de-prensas-compactadores-y-contenedores\/\",\"url\":\"https:\/\/sircat.com\/servicios\/alquiler-de-prensas-compactadores-y-contenedores\/\",\"name\":\"Lloguer de premses, compactadores i contenidors - Sircat\",\"isPartOf\":{\"@id\":\"https:\/\/sircat.com\/#website\"},\"datePublished\":\"2024-05-24T09:03:29+00:00\",\"dateModified\":\"2024-11-26T12:41:21+00:00\",\"description\":\"Solucions en lloguer de premses, compactadores i contenidors per a la gesti\u00f3 de residus. Qualitat, professionalitat i sostenibilitat. Sol\u00b7licita informaci\u00f3!\",\"breadcrumb\":{\"@id\":\"https:\/\/sircat.com\/servicios\/alquiler-de-prensas-compactadores-y-contenedores\/#breadcrumb\"},\"inLanguage\":\"ca\",\"potentialAction\":[{\"@type\":\"ReadAction\",\"target\":[\"https:\/\/sircat.com\/servicios\/alquiler-de-prensas-compactadores-y-contenedores\/\"]}]},{\"@type\":\"BreadcrumbList\",\"@id\":\"https:\/\/sircat.com\/servicios\/alquiler-de-prensas-compactadores-y-contenedores\/#breadcrumb\",\"itemListElement\":[{\"@type\":\"ListItem\",\"position\":1,\"name\":\"Portada\",\"item\":\"https:\/\/sircat.com\/\"},{\"@type\":\"ListItem\",\"position\":2,\"name\":\"Serveis\",\"item\":\"https:\/\/sircat.com\/servicios\/\"},{\"@type\":\"ListItem\",\"position\":3,\"name\":\"Lloguer de premses, compactadors i contenidors\"}]},{\"@type\":\"WebSite\",\"@id\":\"https:\/\/sircat.com\/#website\",\"url\":\"https:\/\/sircat.com\/\",\"name\":\"Sircat\",\"description\":\"Servicios Medioambientales a todo tipo de empresas\",\"publisher\":{\"@id\":\"https:\/\/sircat.com\/#organization\"},\"potentialAction\":[{\"@type\":\"SearchAction\",\"target\":{\"@type\":\"EntryPoint\",\"urlTemplate\":\"https:\/\/sircat.com\/?s={search_term_string}\"},\"query-input\":{\"@type\":\"PropertyValueSpecification\",\"valueRequired\":true,\"valueName\":\"search_term_string\"}}],\"inLanguage\":\"ca\"},{\"@type\":\"Organization\",\"@id\":\"https:\/\/sircat.com\/#organization\",\"name\":\"Sircat\",\"url\":\"https:\/\/sircat.com\/\",\"logo\":{\"@type\":\"ImageObject\",\"inLanguage\":\"ca\",\"@id\":\"https:\/\/sircat.com\/#\/schema\/logo\/image\/\",\"url\":\"https:\/\/sircat.com\/wp-content\/uploads\/2024\/05\/sircat.svg\",\"contentUrl\":\"https:\/\/sircat.com\/wp-content\/uploads\/2024\/05\/sircat.svg\",\"width\":292,\"height\":80,\"caption\":\"Sircat\"},\"image\":{\"@id\":\"https:\/\/sircat.com\/#\/schema\/logo\/image\/\"}}]}<\/script>\n<!-- \/ Yoast SEO plugin. -->","yoast_head_json":{"title":"Lloguer de premses, compactadores i contenidors - Sircat","description":"Solucions en lloguer de premses, compactadores i contenidors per a la gesti\u00f3 de residus. Qualitat, professionalitat i sostenibilitat. Sol\u00b7licita informaci\u00f3!","robots":{"index":"index","follow":"follow","max-snippet":"max-snippet:-1","max-image-preview":"max-image-preview:large","max-video-preview":"max-video-preview:-1"},"canonical":"https:\/\/sircat.com\/servicios\/alquiler-de-prensas-compactadores-y-contenedores\/","og_locale":"ca_ES","og_type":"article","og_title":"Lloguer de premses, compactadores i contenidors - Sircat","og_description":"Solucions en lloguer de premses, compactadores i contenidors per a la gesti\u00f3 de residus. Qualitat, professionalitat i sostenibilitat. Sol\u00b7licita informaci\u00f3!","og_url":"https:\/\/sircat.com\/servicios\/alquiler-de-prensas-compactadores-y-contenedores\/","og_site_name":"Sircat","article_modified_time":"2024-11-26T12:41:21+00:00","twitter_card":"summary_large_image","twitter_misc":{"Temps estimat de lectura":"1 minut"},"schema":{"@context":"https:\/\/schema.org","@graph":[{"@type":"WebPage","@id":"https:\/\/sircat.com\/servicios\/alquiler-de-prensas-compactadores-y-contenedores\/","url":"https:\/\/sircat.com\/servicios\/alquiler-de-prensas-compactadores-y-contenedores\/","name":"Lloguer de premses, compactadores i contenidors - Sircat","isPartOf":{"@id":"https:\/\/sircat.com\/#website"},"datePublished":"2024-05-24T09:03:29+00:00","dateModified":"2024-11-26T12:41:21+00:00","description":"Solucions en lloguer de premses, compactadores i contenidors per a la gesti\u00f3 de residus. Qualitat, professionalitat i sostenibilitat. Sol\u00b7licita informaci\u00f3!","breadcrumb":{"@id":"https:\/\/sircat.com\/servicios\/alquiler-de-prensas-compactadores-y-contenedores\/#breadcrumb"},"inLanguage":"ca","potentialAction":[{"@type":"ReadAction","target":["https:\/\/sircat.com\/servicios\/alquiler-de-prensas-compactadores-y-contenedores\/"]}]},{"@type":"BreadcrumbList","@id":"https:\/\/sircat.com\/servicios\/alquiler-de-prensas-compactadores-y-contenedores\/#breadcrumb","itemListElement":[{"@type":"ListItem","position":1,"name":"Portada","item":"https:\/\/sircat.com\/"},{"@type":"ListItem","position":2,"name":"Serveis","item":"https:\/\/sircat.com\/servicios\/"},{"@type":"ListItem","position":3,"name":"Lloguer de premses, compactadors i contenidors"}]},{"@type":"WebSite","@id":"https:\/\/sircat.com\/#website","url":"https:\/\/sircat.com\/","name":"Sircat","description":"Servicios Medioambientales a todo tipo de empresas","publisher":{"@id":"https:\/\/sircat.com\/#organization"},"potentialAction":[{"@type":"SearchAction","target":{"@type":"EntryPoint","urlTemplate":"https:\/\/sircat.com\/?s={search_term_string}"},"query-input":{"@type":"PropertyValueSpecification","valueRequired":true,"valueName":"search_term_string"}}],"inLanguage":"ca"},{"@type":"Organization","@id":"https:\/\/sircat.com\/#organization","name":"Sircat","url":"https:\/\/sircat.com\/","logo":{"@type":"ImageObject","inLanguage":"ca","@id":"https:\/\/sircat.com\/#\/schema\/logo\/image\/","url":"https:\/\/sircat.com\/wp-content\/uploads\/2024\/05\/sircat.svg","contentUrl":"https:\/\/sircat.com\/wp-content\/uploads\/2024\/05\/sircat.svg","width":292,"height":80,"caption":"Sircat"},"image":{"@id":"https:\/\/sircat.com\/#\/schema\/logo\/image\/"}}]}},"_links":{"self":[{"href":"https:\/\/sircat.com\/ca\/wp-json\/wp\/v2\/pages\/2352","targetHints":{"allow":["GET"]}}],"collection":[{"href":"https:\/\/sircat.com\/ca\/wp-json\/wp\/v2\/pages"}],"about":[{"href":"https:\/\/sircat.com\/ca\/wp-json\/wp\/v2\/types\/page"}],"author":[{"embeddable":true,"href":"https:\/\/sircat.com\/ca\/wp-json\/wp\/v2\/users\/1"}],"replies":[{"embeddable":true,"href":"https:\/\/sircat.com\/ca\/wp-json\/wp\/v2\/comments?post=2352"}],"version-history":[{"count":13,"href":"https:\/\/sircat.com\/ca\/wp-json\/wp\/v2\/pages\/2352\/revisions"}],"predecessor-version":[{"id":4992,"href":"https:\/\/sircat.com\/ca\/wp-json\/wp\/v2\/pages\/2352\/revisions\/4992"}],"up":[{"embeddable":true,"href":"https:\/\/sircat.com\/ca\/wp-json\/wp\/v2\/pages\/3850"}],"wp:attachment":[{"href":"https:\/\/sircat.com\/ca\/wp-json\/wp\/v2\/media?parent=2352"}],"curies":[{"name":"wp","href":"https:\/\/api.w.org\/{rel}","templated":true}]}}