{"id":2339,"date":"2024-07-12T07:09:24","date_gmt":"2024-07-12T07:09:24","guid":{"rendered":"https:\/\/321brand.net\/sircat\/politica-de-cookies\/"},"modified":"2024-07-30T08:49:32","modified_gmt":"2024-07-30T08:49:32","slug":"politica-de-cookies","status":"publish","type":"page","link":"https:\/\/sircat.com\/ca\/politica-de-cookies\/","title":{"rendered":"Pol\u00edtica de cookies<br>"},"content":{"rendered":"\t\t<div data-elementor-type=\"wp-page\" data-elementor-id=\"2339\" class=\"elementor elementor-2339 elementor-1607\" data-elementor-post-type=\"page\">\n\t\t\t\t<div class=\"elementor-element elementor-element-09841f5 e-flex e-con-boxed elementor-invisible e-con e-parent\" data-id=\"09841f5\" data-element_type=\"container\" data-settings=\"{&quot;background_background&quot;:&quot;classic&quot;,&quot;animation&quot;:&quot;fadeInUp&quot;}\">\n\t\t\t\t\t<div class=\"e-con-inner\">\n\t\t<div class=\"elementor-element elementor-element-c95b675 e-flex e-con-boxed e-con e-child\" data-id=\"c95b675\" data-element_type=\"container\">\n\t\t\t\t\t<div class=\"e-con-inner\">\n\t\t<div class=\"elementor-element elementor-element-27221dc e-flex e-con-boxed e-con e-child\" data-id=\"27221dc\" data-element_type=\"container\">\n\t\t\t\t\t<div class=\"e-con-inner\">\n\t\t\t\t\t<\/div>\n\t\t\t\t<\/div>\n\t\t\t\t\t<\/div>\n\t\t\t\t<\/div>\n\t\t<div class=\"elementor-element elementor-element-33e8ae3 e-flex e-con-boxed e-con e-child\" data-id=\"33e8ae3\" data-element_type=\"container\">\n\t\t\t\t\t<div class=\"e-con-inner\">\n\t\t<div class=\"elementor-element elementor-element-b878bf0 e-con-full e-flex e-con e-child\" data-id=\"b878bf0\" data-element_type=\"container\">\n\t\t\t\t<div class=\"elementor-element elementor-element-53bd1db elementor-widget elementor-widget-text-editor\" data-id=\"53bd1db\" data-element_type=\"widget\" data-widget_type=\"text-editor.default\">\n\t\t\t\t<div class=\"elementor-widget-container\">\n\t\t\t\t\t\t\t<h2>Pol\u00edtica de cookies<br \/><\/h2>\n\t\t\t\t\t\t<\/div>\n\t\t\t\t<\/div>\n\t\t\t\t<\/div>\n\t\t<div class=\"elementor-element elementor-element-8eade2c e-con-full e-flex e-con e-child\" data-id=\"8eade2c\" data-element_type=\"container\">\n\t\t\t\t<\/div>\n\t\t<div class=\"elementor-element elementor-element-401d253 e-flex e-con-boxed e-con e-child\" data-id=\"401d253\" data-element_type=\"container\">\n\t\t\t\t\t<div class=\"e-con-inner\">\n\t\t\t\t\t<\/div>\n\t\t\t\t<\/div>\n\t\t\t\t\t<\/div>\n\t\t\t\t<\/div>\n\t\t\t\t\t<\/div>\n\t\t\t\t<\/div>\n\t\t<div class=\"elementor-element elementor-element-8eea372 e-flex e-con-boxed e-con e-parent\" data-id=\"8eea372\" data-element_type=\"container\">\n\t\t\t\t\t<div class=\"e-con-inner\">\n\t\t\t\t<div class=\"elementor-element elementor-element-466a87cb elementor-widget elementor-widget-text-editor\" data-id=\"466a87cb\" data-element_type=\"widget\" data-widget_type=\"text-editor.default\">\n\t\t\t\t<div class=\"elementor-widget-container\">\n\t\t\t\t\t\t\t\n<p>SIRCAT, a trav\u00e9s del present document, recull la seva Pol\u00edtica de recollida i tractament de cookies, en compliment del que disposa l&#8217;article 22.2 de la Llei 34\/2002, d&#8217;11 de juliol, de Serveis de la Societat de la Informaci\u00f3 i de Comer\u00e7 Electr\u00f2nic (LSSICE).<br><\/p>\n\n\n\n<p>Les cookies s&#8217;emmagatzemen en l&#8217;equip terminal de l&#8217;usuari (ordinador o dispositiu m\u00f2bil) i recopilen informaci\u00f3 en visitar les p\u00e0gines web de SIRCAT (<a href=\"http:\/\/www.sircat.net\/\">http:\/\/www.Sircat.net\/<\/a>), amb la finalitat de millorar-ne la usabilitat, con\u00e8ixer els h\u00e0bits o necessitats de navegaci\u00f3 dels usuaris per poder adaptar-s&#8217;hi, aix\u00ed com obtenir informaci\u00f3 amb finalitats estad\u00edstiques. En el cas d&#8217;aquells usuaris que ja siguin clients de SIRCAT, la informaci\u00f3 recaptada amb les cookies servir\u00e0 tamb\u00e9 per a la seva identificaci\u00f3 en accedir a les diferents eines que SIRCAT posa a la seva disposici\u00f3 per a la gesti\u00f3 dels serveis. <\/p>\n\n\n\n<p>La present Pol\u00edtica de Cookies ser\u00e0 d&#8217;aplicaci\u00f3 a aquells usuaris que volunt\u00e0riament visiten les p\u00e0gines web de SIRCAT, emplenen formularis de recollida de dades, accedeixen a les eines que SIRCAT posa a disposici\u00f3 dels seus clients per gestionar els seus serveis, o utilitzen qualsevol altre servei present al lloc web que impliqui la comunicaci\u00f3 de dades a SIRCAT, o l&#8217; acc\u00e9s a dades per SIRCAT per a la prestaci\u00f3 dels seus serveis.<br><\/p>\n\n\n\n<p>SIRCAT informa els usuaris de les seves p\u00e0gines web, de l&#8217;exist\u00e8ncia de cookies i posa a la seva disposici\u00f3 la present Pol\u00edtica amb la finalitat d&#8217;informar-los sobre l&#8217;\u00fas i de l&#8217;objecte de les mateixes. El fet de continuar la navegaci\u00f3 a trav\u00e9s de les seves p\u00e0gines suposa el coneixement i l&#8217; acceptaci\u00f3 de la present Pol\u00edtica per part d&#8217; aquests usuaris. <\/p>\n\n\n\n<p>SIRCAT utilitza els seg\u00fcents tipus de cookies:<br><\/p>\n\n\n\n<ul>\n<li>Classificades per la seva titularitat:\n<ul>\n<li>Cookies pr\u00f2pies: enviades i gestionades directament per SIRCAT.<\/li>\n\n\n\n<li>Cookies de tercers: trameses i gestionades per un tercer ali\u00e8 a SIRCAT, de forma an\u00f2nima, amb la finalitat de realitzar estudis estad\u00edstics de navegaci\u00f3 per les p\u00e0gines web de SIRCAT.<\/li>\n<\/ul>\n<\/li>\n\n\n\n<li>Classificades per la seva finalitat:\n<ul>\n<li>Cookies t\u00e8cniques i\/o de personalitzaci\u00f3: faciliten la navegaci\u00f3, en identificar la sessi\u00f3, permetre l&#8217;acc\u00e9s a eines d&#8217;acc\u00e9s restringit, a m\u00e9s de configurar a mida les opcions disponibles. Possibiliten la prestaci\u00f3 del servei demanat pr\u00e8viament per l&#8217; usuari. <\/li>\n\n\n\n<li>Cookies d&#8217;an\u00e0lisi i\/o publicitat: permeten con\u00e8ixer el nombre de visites rebudes en les diferents seccions de les p\u00e0gines web, els h\u00e0bits i tend\u00e8ncies dels seus usuaris i, en conseq\u00fc\u00e8ncia, poder millorar la navegaci\u00f3 i el servei ofert per SIRCAT (fonamentalment, Google Analytics), aix\u00ed com gestionar els espais publicitaris inclosos en la p\u00e0gina web visitada per l&#8217;usuari. Recopila dades de forma an\u00f2nima amb la finalitat d&#8217; obtenir perfils de navegaci\u00f3 dels usuaris. <\/li>\n<\/ul>\n<\/li>\n\n\n\n<li>Classificades per la seva durada:\n<ul>\n<li>Cookies de sessi\u00f3: recaven i emmagatzemen les dades mentre l&#8217;usuari accedeix a la p\u00e0gina web.<\/li>\n\n\n\n<li>Cookies persistents: recaven i emmagatzemen les dades en el terminal de l&#8217;usuari durant un per\u00edode de temps variable en funci\u00f3 de quina sigui la finalitat per a la qual han estat utilitzades.<\/li>\n<\/ul>\n<\/li>\n<\/ul>\n\n\n\n<p>El temps de conservaci\u00f3 de les cookies dependr\u00e0 del tipus de qu\u00e8 es tracti i sempre ser\u00e0 el m\u00ednim indispensable per complir la seva finalitat.<br><\/p>\n\n\n\n<p>En qualsevol cas, els usuaris poden configurar el seu navegador, de manera que es deshabiliti o bloquegi la recepci\u00f3 de totes o algunes de les cookies. El fet de no desitjar rebre aquestes cookies, no constitueix un impediment per poder accedir a la informaci\u00f3 dels llocs web de SIRCAT, tot i que l&#8217;\u00fas d&#8217;alguns serveis podr\u00e0 ser limitat. Si un cop atorgat el consentiment per a la recepci\u00f3 de cookies, es desitg\u00e9s retirar aquest, s&#8217; hauran d&#8217; eliminar aquelles emmagatzemades a l&#8217; equip de l&#8217; usuari, a trav\u00e9s de les opcions dels diferents navegadors.<br>  <\/p>\n\n\n\n<p>La forma de configurar els diferents navegadors per exercitar les accions assenyalades en els par\u00e0grafs anteriors es pot consultar en:<br><\/p>\n\n\n\n<ul>\n<li>Firefox: <a href=\"http:\/\/support.mozilla.org\/es\/kb\/cookies-informacion-que-los-sitios-web-guardan-en-?redirectlocale=en-US&amp;redirectslug=Cookies\">http:\/\/support.mozilla.org\/es\/kb\/cookies-informacion-que-los-sitios-web-guardan-en-?redirectlocale=en-USredirectslug=Cookies<\/a><\/li>\n\n\n\n<li>Chrome: <a href=\"https:\/\/support.google.com\/chrome\/answer\/95647?hl=es\">https:\/\/support.google.com\/chrome\/answer\/95647?hl=es<\/a><\/li>\n\n\n\n<li>Explorer: <a href=\"https:\/\/support.microsoft.com\/es-es\/help\/17442\/windows-internet-explorer-delete-manage-cookies\">https:\/\/support.microsoft.com\/es-es\/help\/17442\/windows-internet-explorer-delete-manage-cookies<\/a><\/li>\n\n\n\n<li>Safari: <a href=\"https:\/\/support.apple.com\/es-es\/HT201265\">https:\/\/support.apple.com\/es-es\/HT201265<\/a><\/li>\n<\/ul>\n\n\n\n<p>SIRCAT modificar\u00e0 la present Pol\u00edtica de cookies sempre que es produeixin canvis en la configuraci\u00f3 i\/o utilitzaci\u00f3 de les mateixes, publicant la seva versi\u00f3 actualitzada en els seus llocs web.<br><\/p>\n\t\t\t\t\t\t<\/div>\n\t\t\t\t<\/div>\n\t\t\t\t\t<\/div>\n\t\t\t\t<\/div>\n\t\t\t\t<\/div>\n\t\t","protected":false},"excerpt":{"rendered":"<p>Pol\u00edtica de cookies SIRCAT, a trav\u00e9s del present document, recull la seva Pol\u00edtica de recollida i tractament de cookies, en compliment del que disposa l&#8217;article 22.2 de la Llei 34\/2002, d&#8217;11 de juliol, de Serveis de la Societat de la Informaci\u00f3 i de Comer\u00e7 Electr\u00f2nic (LSSICE). Les cookies s&#8217;emmagatzemen en l&#8217;equip terminal de l&#8217;usuari (ordinador [&hellip;]<\/p>\n","protected":false},"author":1,"featured_media":0,"parent":0,"menu_order":0,"comment_status":"closed","ping_status":"closed","template":"","meta":{"_acf_changed":false,"footnotes":""},"class_list":["post-2339","page","type-page","status-publish","hentry"],"acf":[],"yoast_head":"<!-- This site is optimized with the Yoast SEO plugin v23.8 - https:\/\/yoast.com\/wordpress\/plugins\/seo\/ -->\n<title>Pol\u00edtica de cookies - Sircat<\/title>\n<meta name=\"robots\" content=\"index, follow, max-snippet:-1, max-image-preview:large, max-video-preview:-1\" \/>\n<link rel=\"canonical\" href=\"https:\/\/sircat.com\/ca\/politica-de-cookies\/\" \/>\n<meta property=\"og:locale\" content=\"ca_ES\" \/>\n<meta property=\"og:type\" content=\"article\" \/>\n<meta property=\"og:title\" content=\"Pol\u00edtica de cookies - Sircat\" \/>\n<meta property=\"og:description\" content=\"Pol\u00edtica de cookies SIRCAT, a trav\u00e9s del present document, recull la seva Pol\u00edtica de recollida i tractament de cookies, en compliment del que disposa l&#8217;article 22.2 de la Llei 34\/2002, d&#8217;11 de juliol, de Serveis de la Societat de la Informaci\u00f3 i de Comer\u00e7 Electr\u00f2nic (LSSICE). Les cookies s&#8217;emmagatzemen en l&#8217;equip terminal de l&#8217;usuari (ordinador [&hellip;]\" \/>\n<meta property=\"og:url\" content=\"https:\/\/sircat.com\/ca\/politica-de-cookies\/\" \/>\n<meta property=\"og:site_name\" content=\"Sircat\" \/>\n<meta property=\"article:modified_time\" content=\"2024-07-30T08:49:32+00:00\" \/>\n<meta name=\"twitter:card\" content=\"summary_large_image\" \/>\n<meta name=\"twitter:label1\" content=\"Temps estimat de lectura\" \/>\n\t<meta name=\"twitter:data1\" content=\"4 minuts\" \/>\n<script type=\"application\/ld+json\" class=\"yoast-schema-graph\">{\"@context\":\"https:\/\/schema.org\",\"@graph\":[{\"@type\":\"WebPage\",\"@id\":\"https:\/\/sircat.com\/ca\/politica-de-cookies\/\",\"url\":\"https:\/\/sircat.com\/ca\/politica-de-cookies\/\",\"name\":\"Pol\u00edtica de cookies - Sircat\",\"isPartOf\":{\"@id\":\"https:\/\/sircat.com\/#website\"},\"datePublished\":\"2024-07-12T07:09:24+00:00\",\"dateModified\":\"2024-07-30T08:49:32+00:00\",\"breadcrumb\":{\"@id\":\"https:\/\/sircat.com\/ca\/politica-de-cookies\/#breadcrumb\"},\"inLanguage\":\"ca\",\"potentialAction\":[{\"@type\":\"ReadAction\",\"target\":[\"https:\/\/sircat.com\/ca\/politica-de-cookies\/\"]}]},{\"@type\":\"BreadcrumbList\",\"@id\":\"https:\/\/sircat.com\/ca\/politica-de-cookies\/#breadcrumb\",\"itemListElement\":[{\"@type\":\"ListItem\",\"position\":1,\"name\":\"Portada\",\"item\":\"https:\/\/sircat.com\/\"},{\"@type\":\"ListItem\",\"position\":2,\"name\":\"Pol\u00edtica de cookies\"}]},{\"@type\":\"WebSite\",\"@id\":\"https:\/\/sircat.com\/#website\",\"url\":\"https:\/\/sircat.com\/\",\"name\":\"Sircat\",\"description\":\"Servicios Medioambientales a todo tipo de empresas\",\"publisher\":{\"@id\":\"https:\/\/sircat.com\/#organization\"},\"potentialAction\":[{\"@type\":\"SearchAction\",\"target\":{\"@type\":\"EntryPoint\",\"urlTemplate\":\"https:\/\/sircat.com\/?s={search_term_string}\"},\"query-input\":{\"@type\":\"PropertyValueSpecification\",\"valueRequired\":true,\"valueName\":\"search_term_string\"}}],\"inLanguage\":\"ca\"},{\"@type\":\"Organization\",\"@id\":\"https:\/\/sircat.com\/#organization\",\"name\":\"Sircat\",\"url\":\"https:\/\/sircat.com\/\",\"logo\":{\"@type\":\"ImageObject\",\"inLanguage\":\"ca\",\"@id\":\"https:\/\/sircat.com\/#\/schema\/logo\/image\/\",\"url\":\"https:\/\/sircat.com\/wp-content\/uploads\/2024\/05\/sircat.svg\",\"contentUrl\":\"https:\/\/sircat.com\/wp-content\/uploads\/2024\/05\/sircat.svg\",\"width\":292,\"height\":80,\"caption\":\"Sircat\"},\"image\":{\"@id\":\"https:\/\/sircat.com\/#\/schema\/logo\/image\/\"}}]}<\/script>\n<!-- \/ Yoast SEO plugin. -->","yoast_head_json":{"title":"Pol\u00edtica de cookies - Sircat","robots":{"index":"index","follow":"follow","max-snippet":"max-snippet:-1","max-image-preview":"max-image-preview:large","max-video-preview":"max-video-preview:-1"},"canonical":"https:\/\/sircat.com\/ca\/politica-de-cookies\/","og_locale":"ca_ES","og_type":"article","og_title":"Pol\u00edtica de cookies - Sircat","og_description":"Pol\u00edtica de cookies SIRCAT, a trav\u00e9s del present document, recull la seva Pol\u00edtica de recollida i tractament de cookies, en compliment del que disposa l&#8217;article 22.2 de la Llei 34\/2002, d&#8217;11 de juliol, de Serveis de la Societat de la Informaci\u00f3 i de Comer\u00e7 Electr\u00f2nic (LSSICE). Les cookies s&#8217;emmagatzemen en l&#8217;equip terminal de l&#8217;usuari (ordinador [&hellip;]","og_url":"https:\/\/sircat.com\/ca\/politica-de-cookies\/","og_site_name":"Sircat","article_modified_time":"2024-07-30T08:49:32+00:00","twitter_card":"summary_large_image","twitter_misc":{"Temps estimat de lectura":"4 minuts"},"schema":{"@context":"https:\/\/schema.org","@graph":[{"@type":"WebPage","@id":"https:\/\/sircat.com\/ca\/politica-de-cookies\/","url":"https:\/\/sircat.com\/ca\/politica-de-cookies\/","name":"Pol\u00edtica de cookies - Sircat","isPartOf":{"@id":"https:\/\/sircat.com\/#website"},"datePublished":"2024-07-12T07:09:24+00:00","dateModified":"2024-07-30T08:49:32+00:00","breadcrumb":{"@id":"https:\/\/sircat.com\/ca\/politica-de-cookies\/#breadcrumb"},"inLanguage":"ca","potentialAction":[{"@type":"ReadAction","target":["https:\/\/sircat.com\/ca\/politica-de-cookies\/"]}]},{"@type":"BreadcrumbList","@id":"https:\/\/sircat.com\/ca\/politica-de-cookies\/#breadcrumb","itemListElement":[{"@type":"ListItem","position":1,"name":"Portada","item":"https:\/\/sircat.com\/"},{"@type":"ListItem","position":2,"name":"Pol\u00edtica de cookies"}]},{"@type":"WebSite","@id":"https:\/\/sircat.com\/#website","url":"https:\/\/sircat.com\/","name":"Sircat","description":"Servicios Medioambientales a todo tipo de empresas","publisher":{"@id":"https:\/\/sircat.com\/#organization"},"potentialAction":[{"@type":"SearchAction","target":{"@type":"EntryPoint","urlTemplate":"https:\/\/sircat.com\/?s={search_term_string}"},"query-input":{"@type":"PropertyValueSpecification","valueRequired":true,"valueName":"search_term_string"}}],"inLanguage":"ca"},{"@type":"Organization","@id":"https:\/\/sircat.com\/#organization","name":"Sircat","url":"https:\/\/sircat.com\/","logo":{"@type":"ImageObject","inLanguage":"ca","@id":"https:\/\/sircat.com\/#\/schema\/logo\/image\/","url":"https:\/\/sircat.com\/wp-content\/uploads\/2024\/05\/sircat.svg","contentUrl":"https:\/\/sircat.com\/wp-content\/uploads\/2024\/05\/sircat.svg","width":292,"height":80,"caption":"Sircat"},"image":{"@id":"https:\/\/sircat.com\/#\/schema\/logo\/image\/"}}]}},"_links":{"self":[{"href":"https:\/\/sircat.com\/ca\/wp-json\/wp\/v2\/pages\/2339","targetHints":{"allow":["GET"]}}],"collection":[{"href":"https:\/\/sircat.com\/ca\/wp-json\/wp\/v2\/pages"}],"about":[{"href":"https:\/\/sircat.com\/ca\/wp-json\/wp\/v2\/types\/page"}],"author":[{"embeddable":true,"href":"https:\/\/sircat.com\/ca\/wp-json\/wp\/v2\/users\/1"}],"replies":[{"embeddable":true,"href":"https:\/\/sircat.com\/ca\/wp-json\/wp\/v2\/comments?post=2339"}],"version-history":[{"count":3,"href":"https:\/\/sircat.com\/ca\/wp-json\/wp\/v2\/pages\/2339\/revisions"}],"predecessor-version":[{"id":2342,"href":"https:\/\/sircat.com\/ca\/wp-json\/wp\/v2\/pages\/2339\/revisions\/2342"}],"wp:attachment":[{"href":"https:\/\/sircat.com\/ca\/wp-json\/wp\/v2\/media?parent=2339"}],"curies":[{"name":"wp","href":"https:\/\/api.w.org\/{rel}","templated":true}]}}