{"id":2325,"date":"2024-05-24T09:05:22","date_gmt":"2024-05-24T09:05:22","guid":{"rendered":"https:\/\/321brand.net\/sircat\/rsc\/residu-zero\/"},"modified":"2024-11-26T14:44:49","modified_gmt":"2024-11-26T14:44:49","slug":"residu-zero","status":"publish","type":"page","link":"https:\/\/sircat.com\/ca\/rsc\/residu-zero\/","title":{"rendered":"Residu zero"},"content":{"rendered":"\t\t<div data-elementor-type=\"wp-page\" data-elementor-id=\"2325\" class=\"elementor elementor-2325 elementor-54\" data-elementor-post-type=\"page\">\n\t\t\t\t<div class=\"elementor-element elementor-element-d7d55a6 e-flex e-con-boxed elementor-invisible e-con e-parent\" data-id=\"d7d55a6\" data-element_type=\"container\" data-settings=\"{&quot;background_background&quot;:&quot;classic&quot;,&quot;animation&quot;:&quot;fadeInUp&quot;}\">\n\t\t\t\t\t<div class=\"e-con-inner\">\n\t\t<div class=\"elementor-element elementor-element-82e73c6 e-flex e-con-boxed e-con e-child\" data-id=\"82e73c6\" data-element_type=\"container\">\n\t\t\t\t\t<div class=\"e-con-inner\">\n\t\t<div class=\"elementor-element elementor-element-795b8e5 e-flex e-con-boxed e-con e-child\" data-id=\"795b8e5\" data-element_type=\"container\">\n\t\t\t\t\t<div class=\"e-con-inner\">\n\t\t\t\t<div class=\"elementor-element elementor-element-f2fbaa1 elementor-widget elementor-widget-text-editor\" data-id=\"f2fbaa1\" data-element_type=\"widget\" data-widget_type=\"text-editor.default\">\n\t\t\t\t<div class=\"elementor-widget-container\">\n\t\t\t\t\t\t\t<p>RSC<\/p>\n\t\t\t\t\t\t<\/div>\n\t\t\t\t<\/div>\n\t\t\t\t\t<\/div>\n\t\t\t\t<\/div>\n\t\t\t\t\t<\/div>\n\t\t\t\t<\/div>\n\t\t<div class=\"elementor-element elementor-element-a7fdda5 e-flex e-con-boxed e-con e-child\" data-id=\"a7fdda5\" data-element_type=\"container\">\n\t\t\t\t\t<div class=\"e-con-inner\">\n\t\t<div class=\"elementor-element elementor-element-9179c78 e-con-full e-flex e-con e-child\" data-id=\"9179c78\" data-element_type=\"container\">\n\t\t\t\t<div class=\"elementor-element elementor-element-9d13f55 elementor-widget elementor-widget-text-editor\" data-id=\"9d13f55\" data-element_type=\"widget\" data-widget_type=\"text-editor.default\">\n\t\t\t\t<div class=\"elementor-widget-container\">\n\t\t\t\t\t\t\t<h2>Residu zero<\/h2>\n\t\t\t\t\t\t<\/div>\n\t\t\t\t<\/div>\n\t\t\t\t<\/div>\n\t\t<div class=\"elementor-element elementor-element-ca80178 e-con-full e-flex e-con e-child\" data-id=\"ca80178\" data-element_type=\"container\">\n\t\t\t\t<\/div>\n\t\t<div class=\"elementor-element elementor-element-d8c1d31 e-flex e-con-boxed e-con e-child\" data-id=\"d8c1d31\" data-element_type=\"container\">\n\t\t\t\t\t<div class=\"e-con-inner\">\n\t\t\t\t<div class=\"elementor-element elementor-element-ea00eff elementor-widget elementor-widget-text-editor\" data-id=\"ea00eff\" data-element_type=\"widget\" data-widget_type=\"text-editor.default\">\n\t\t\t\t<div class=\"elementor-widget-container\">\n\t\t\t\t\t\t\t<h5><strong>El certificat &#8216;Residu Zero&#8217; reconeix les organitzacions, que aposten per la sostenibilitat com a marc estrat\u00e8gic per al desenvolupament de la seva activitat i que valoren les diferents fraccions de residus que generen, evitant que aquests tinguin com a dest\u00ed final la seva eliminaci\u00f3 en abocador.<\/strong><\/h5>\n\t\t\t\t\t\t<\/div>\n\t\t\t\t<\/div>\n\t\t\t\t\t<\/div>\n\t\t\t\t<\/div>\n\t\t\t\t\t<\/div>\n\t\t\t\t<\/div>\n\t\t\t\t\t<\/div>\n\t\t\t\t<\/div>\n\t\t<div class=\"elementor-element elementor-element-c1e66ec e-flex e-con-boxed elementor-invisible e-con e-parent\" data-id=\"c1e66ec\" data-element_type=\"container\" data-settings=\"{&quot;background_background&quot;:&quot;classic&quot;,&quot;animation&quot;:&quot;fadeInUp&quot;}\">\n\t\t\t\t\t<div class=\"e-con-inner\">\n\t\t\t\t\t<\/div>\n\t\t\t\t<\/div>\n\t\t<div class=\"elementor-element elementor-element-d114c77 e-flex e-con-boxed e-con e-parent\" data-id=\"d114c77\" data-element_type=\"container\" data-settings=\"{&quot;background_background&quot;:&quot;classic&quot;}\">\n\t\t\t\t\t<div class=\"e-con-inner\">\n\t\t<div class=\"elementor-element elementor-element-6b6ca3b e-flex e-con-boxed e-con e-child\" data-id=\"6b6ca3b\" data-element_type=\"container\">\n\t\t\t\t\t<div class=\"e-con-inner\">\n\t\t<div class=\"elementor-element elementor-element-2764d93 e-con-full e-flex elementor-invisible e-con e-child\" data-id=\"2764d93\" data-element_type=\"container\" data-settings=\"{&quot;animation&quot;:&quot;fadeInUp&quot;}\">\n\t\t\t\t<div class=\"elementor-element elementor-element-762e627 elementor-widget elementor-widget-text-editor\" data-id=\"762e627\" data-element_type=\"widget\" data-widget_type=\"text-editor.default\">\n\t\t\t\t<div class=\"elementor-widget-container\">\n\t\t\t\t\t\t\t<p>El nostre sistema de treball permet garantir als nostres clients un nivell molt alt de valoritzaci\u00f3 dels seus residus, posicionant-los en un escenari ideal per a poder certificar-se amb la marca \u2018Residu Zero\u2019.<\/p>\t\t\t\t\t\t<\/div>\n\t\t\t\t<\/div>\n\t\t\t\t<\/div>\n\t\t<div class=\"elementor-element elementor-element-4c75fc3 e-con-full elementor-hidden-mobile e-flex e-con e-child\" data-id=\"4c75fc3\" data-element_type=\"container\">\n\t\t\t\t<\/div>\n\t\t<div class=\"elementor-element elementor-element-c1a7b1f e-flex e-con-boxed elementor-invisible e-con e-child\" data-id=\"c1a7b1f\" data-element_type=\"container\" data-settings=\"{&quot;animation&quot;:&quot;fadeInUp&quot;}\">\n\t\t\t\t\t<div class=\"e-con-inner\">\n\t\t\t\t<div class=\"elementor-element elementor-element-206ce55 elementor-widget elementor-widget-text-editor\" data-id=\"206ce55\" data-element_type=\"widget\" data-widget_type=\"text-editor.default\">\n\t\t\t\t<div class=\"elementor-widget-container\">\n\t\t\t\t\t\t\t<h5><strong>Oferim un servei especialitzat d&#8217;assessorament i acompanyament en el proc\u00e9s preparatiu per a l&#8217;obtenci\u00f3 del certificat \u2018Residu Zero\u2019, generant un valor afegit als nostres serveis de gesti\u00f3.<\/strong><\/h5>\t\t\t\t\t\t<\/div>\n\t\t\t\t<\/div>\n\t\t\t\t\t<\/div>\n\t\t\t\t<\/div>\n\t\t\t\t\t<\/div>\n\t\t\t\t<\/div>\n\t\t\t\t\t<\/div>\n\t\t\t\t<\/div>\n\t\t<div class=\"elementor-element elementor-element-9a44d06 e-flex e-con-boxed e-con e-parent\" data-id=\"9a44d06\" data-element_type=\"container\" data-settings=\"{&quot;background_background&quot;:&quot;classic&quot;}\">\n\t\t\t\t\t<div class=\"e-con-inner\">\n\t\t<div class=\"elementor-element elementor-element-5940cbb e-flex e-con-boxed e-con e-child\" data-id=\"5940cbb\" data-element_type=\"container\">\n\t\t\t\t\t<div class=\"e-con-inner\">\n\t\t<div class=\"elementor-element elementor-element-53ec632 e-con-full e-flex elementor-invisible e-con e-child\" data-id=\"53ec632\" data-element_type=\"container\" data-settings=\"{&quot;animation&quot;:&quot;fadeInUp&quot;}\">\n\t\t\t\t<div class=\"elementor-element elementor-element-25c2605 elementor-widget elementor-widget-text-editor\" data-id=\"25c2605\" data-element_type=\"widget\" data-widget_type=\"text-editor.default\">\n\t\t\t\t<div class=\"elementor-widget-container\">\n\t\t\t\t\t\t\t<p>Els nostres clients obtenen aix\u00ed un suport compatible i complementari al seu Sistema de Gesti\u00f3 Ambiental ISO 14001.<\/p>\t\t\t\t\t\t<\/div>\n\t\t\t\t<\/div>\n\t\t\t\t<\/div>\n\t\t<div class=\"elementor-element elementor-element-1bfef8d e-con-full elementor-hidden-mobile e-flex e-con e-child\" data-id=\"1bfef8d\" data-element_type=\"container\">\n\t\t\t\t<\/div>\n\t\t<div class=\"elementor-element elementor-element-58cbf2c e-flex e-con-boxed elementor-invisible e-con e-child\" data-id=\"58cbf2c\" data-element_type=\"container\" data-settings=\"{&quot;animation&quot;:&quot;fadeInUp&quot;}\">\n\t\t\t\t\t<div class=\"e-con-inner\">\n\t\t\t\t<div class=\"elementor-element elementor-element-3cda669 elementor-align-right elementor-widget elementor-widget-button\" data-id=\"3cda669\" data-element_type=\"widget\" data-widget_type=\"button.default\">\n\t\t\t\t<div class=\"elementor-widget-container\">\n\t\t\t\t\t<div class=\"elementor-button-wrapper\">\n\t\t\t<a class=\"elementor-button elementor-button-link elementor-size-sm\" href=\"https:\/\/sircat.com\/wp-content\/uploads\/2024\/09\/ISO-14001-\u2013-00031905.pdf\">\n\t\t\t\t\t\t<span class=\"elementor-button-content-wrapper\">\n\t\t\t\t\t\t\t\t\t<span class=\"elementor-button-text\">Descarregar certificat<\/span>\n\t\t\t\t\t<\/span>\n\t\t\t\t\t<\/a>\n\t\t<\/div>\n\t\t\t\t<\/div>\n\t\t\t\t<\/div>\n\t\t\t\t\t<\/div>\n\t\t\t\t<\/div>\n\t\t\t\t\t<\/div>\n\t\t\t\t<\/div>\n\t\t\t\t\t<\/div>\n\t\t\t\t<\/div>\n\t\t<div class=\"elementor-element elementor-element-e55b539 e-flex e-con-boxed e-con e-parent\" data-id=\"e55b539\" data-element_type=\"container\" data-settings=\"{&quot;background_background&quot;:&quot;classic&quot;}\">\n\t\t\t\t\t<div class=\"e-con-inner\">\n\t\t<div class=\"elementor-element elementor-element-6fd531c e-flex e-con-boxed e-con e-child\" data-id=\"6fd531c\" data-element_type=\"container\">\n\t\t\t\t\t<div class=\"e-con-inner\">\n\t\t<div class=\"elementor-element elementor-element-0255111 e-con-full e-flex e-con e-child\" data-id=\"0255111\" data-element_type=\"container\">\n\t\t\t\t<\/div>\n\t\t<div class=\"elementor-element elementor-element-4ad8f05 e-con-full elementor-hidden-mobile e-flex e-con e-child\" data-id=\"4ad8f05\" data-element_type=\"container\">\n\t\t\t\t<\/div>\n\t\t<div class=\"elementor-element elementor-element-615f549 e-flex e-con-boxed elementor-invisible e-con e-child\" data-id=\"615f549\" data-element_type=\"container\" data-settings=\"{&quot;animation&quot;:&quot;fadeInUp&quot;}\">\n\t\t\t\t\t<div class=\"e-con-inner\">\n\t\t\t\t<div class=\"elementor-element elementor-element-6417e61 elementor-widget elementor-widget-text-editor\" data-id=\"6417e61\" data-element_type=\"widget\" data-widget_type=\"text-editor.default\">\n\t\t\t\t<div class=\"elementor-widget-container\">\n\t\t\t\t\t\t\t<p>Mitjan\u00e7ant l&#8217;\u00c0rea Client de la nostra web, facilitem tota la informaci\u00f3 i documentaci\u00f3 necess\u00e0ria per a l&#8217;estricte compliment dels requisits d&#8217;aquest certificat:<\/p>\n\t\t\t\t\t\t<\/div>\n\t\t\t\t<\/div>\n\t\t\t\t\t<\/div>\n\t\t\t\t<\/div>\n\t\t\t\t\t<\/div>\n\t\t\t\t<\/div>\n\t\t\t\t\t<\/div>\n\t\t\t\t<\/div>\n\t\t<div class=\"elementor-element elementor-element-370868a e-flex e-con-boxed e-con e-parent\" data-id=\"370868a\" data-element_type=\"container\" data-settings=\"{&quot;background_background&quot;:&quot;classic&quot;}\">\n\t\t\t\t\t<div class=\"e-con-inner\">\n\t\t<div class=\"elementor-element elementor-element-d173bb7 e-flex e-con-boxed elementor-invisible e-con e-child\" data-id=\"d173bb7\" data-element_type=\"container\" data-settings=\"{&quot;background_background&quot;:&quot;classic&quot;,&quot;animation&quot;:&quot;fadeInUp&quot;}\">\n\t\t\t\t\t<div class=\"e-con-inner\">\n\t\t\t\t<div class=\"elementor-element elementor-element-68be7b1 elementor-widget elementor-widget-image\" data-id=\"68be7b1\" data-element_type=\"widget\" data-widget_type=\"image.default\">\n\t\t\t\t<div class=\"elementor-widget-container\">\n\t\t\t\t\t\t\t\t\t\t\t\t\t<img fetchpriority=\"high\" decoding=\"async\" width=\"800\" height=\"531\" src=\"https:\/\/sircat.com\/wp-content\/uploads\/2024\/11\/Inventari-residus-sircat.jpg\" class=\"attachment-large size-large wp-image-5569\" alt=\"\" srcset=\"https:\/\/sircat.com\/wp-content\/uploads\/2024\/11\/Inventari-residus-sircat.jpg 1024w, https:\/\/sircat.com\/wp-content\/uploads\/2024\/11\/Inventari-residus-sircat-300x199.jpg 300w, https:\/\/sircat.com\/wp-content\/uploads\/2024\/11\/Inventari-residus-sircat-768x510.jpg 768w\" sizes=\"(max-width: 800px) 100vw, 800px\" \/>\t\t\t\t\t\t\t\t\t\t\t\t\t<\/div>\n\t\t\t\t<\/div>\n\t\t\t\t<div class=\"elementor-element elementor-element-952d2c5 elementor-widget elementor-widget-text-editor\" data-id=\"952d2c5\" data-element_type=\"widget\" data-widget_type=\"text-editor.default\">\n\t\t\t\t<div class=\"elementor-widget-container\">\n\t\t\t\t\t\t\t<p>Inventari de residus, identificant tipologies i quantitats.<\/p>\n\t\t\t\t\t\t<\/div>\n\t\t\t\t<\/div>\n\t\t\t\t\t<\/div>\n\t\t\t\t<\/div>\n\t\t<div class=\"elementor-element elementor-element-58d5996 e-flex e-con-boxed elementor-invisible e-con e-child\" data-id=\"58d5996\" data-element_type=\"container\" data-settings=\"{&quot;background_background&quot;:&quot;classic&quot;,&quot;animation&quot;:&quot;fadeInUp&quot;}\">\n\t\t\t\t\t<div class=\"e-con-inner\">\n\t\t\t\t<div class=\"elementor-element elementor-element-d9776ff elementor-widget elementor-widget-image\" data-id=\"d9776ff\" data-element_type=\"widget\" data-widget_type=\"image.default\">\n\t\t\t\t<div class=\"elementor-widget-container\">\n\t\t\t\t\t\t\t\t\t\t\t\t\t<img decoding=\"async\" width=\"800\" height=\"534\" src=\"https:\/\/sircat.com\/wp-content\/uploads\/2024\/11\/Documentacio-tracabilitat-residus.jpg\" class=\"attachment-large size-large wp-image-5575\" alt=\"\" srcset=\"https:\/\/sircat.com\/wp-content\/uploads\/2024\/11\/Documentacio-tracabilitat-residus.jpg 1024w, https:\/\/sircat.com\/wp-content\/uploads\/2024\/11\/Documentacio-tracabilitat-residus-300x200.jpg 300w, https:\/\/sircat.com\/wp-content\/uploads\/2024\/11\/Documentacio-tracabilitat-residus-768x512.jpg 768w\" sizes=\"(max-width: 800px) 100vw, 800px\" \/>\t\t\t\t\t\t\t\t\t\t\t\t\t<\/div>\n\t\t\t\t<\/div>\n\t\t\t\t<div class=\"elementor-element elementor-element-1bd8a13 elementor-widget elementor-widget-text-editor\" data-id=\"1bd8a13\" data-element_type=\"widget\" data-widget_type=\"text-editor.default\">\n\t\t\t\t<div class=\"elementor-widget-container\">\n\t\t\t\t\t\t\t<p>Documentaci\u00f3 de la totalitat del proc\u00e9s de tra\u00e7abilitat dels residus des del centre de producci\u00f3 a la destinaci\u00f3 final.<\/p>\n\t\t\t\t\t\t<\/div>\n\t\t\t\t<\/div>\n\t\t\t\t\t<\/div>\n\t\t\t\t<\/div>\n\t\t<div class=\"elementor-element elementor-element-74bed9e e-flex e-con-boxed elementor-invisible e-con e-child\" data-id=\"74bed9e\" data-element_type=\"container\" data-settings=\"{&quot;background_background&quot;:&quot;classic&quot;,&quot;animation&quot;:&quot;fadeInUp&quot;}\">\n\t\t\t\t\t<div class=\"e-con-inner\">\n\t\t\t\t<div class=\"elementor-element elementor-element-2132519 elementor-widget elementor-widget-image\" data-id=\"2132519\" data-element_type=\"widget\" data-widget_type=\"image.default\">\n\t\t\t\t<div class=\"elementor-widget-container\">\n\t\t\t\t\t\t\t\t\t\t\t\t\t<img decoding=\"async\" width=\"800\" height=\"480\" src=\"https:\/\/sircat.com\/wp-content\/uploads\/2024\/11\/Documentacio-residu-zero-sircat.jpg\" class=\"attachment-large size-large wp-image-5581\" alt=\"\" srcset=\"https:\/\/sircat.com\/wp-content\/uploads\/2024\/11\/Documentacio-residu-zero-sircat.jpg 1024w, https:\/\/sircat.com\/wp-content\/uploads\/2024\/11\/Documentacio-residu-zero-sircat-300x180.jpg 300w, https:\/\/sircat.com\/wp-content\/uploads\/2024\/11\/Documentacio-residu-zero-sircat-768x461.jpg 768w\" sizes=\"(max-width: 800px) 100vw, 800px\" \/>\t\t\t\t\t\t\t\t\t\t\t\t\t<\/div>\n\t\t\t\t<\/div>\n\t\t\t\t<div class=\"elementor-element elementor-element-f999015 elementor-widget elementor-widget-text-editor\" data-id=\"f999015\" data-element_type=\"widget\" data-widget_type=\"text-editor.default\">\n\t\t\t\t<div class=\"elementor-widget-container\">\n\t\t\t\t\t\t\t<p>Documentaci\u00f3 de la gesti\u00f3 conforme al principi b\u00e0sic de &#8216;Residu Zero&#8217;.<\/p>\n\t\t\t\t\t\t<\/div>\n\t\t\t\t<\/div>\n\t\t\t\t\t<\/div>\n\t\t\t\t<\/div>\n\t\t\t\t\t<\/div>\n\t\t\t\t<\/div>\n\t\t\t\t<\/div>\n\t\t","protected":false},"excerpt":{"rendered":"<p>RSC Residu zero El certificat &#8216;Residu Zero&#8217; reconeix les organitzacions, que aposten per la sostenibilitat com a marc estrat\u00e8gic per al desenvolupament de la seva activitat i que valoren les diferents fraccions de residus que generen, evitant que aquests tinguin com a dest\u00ed final la seva eliminaci\u00f3 en abocador. El nostre sistema de treball permet [&hellip;]<\/p>\n","protected":false},"author":1,"featured_media":0,"parent":2323,"menu_order":0,"comment_status":"closed","ping_status":"closed","template":"","meta":{"_acf_changed":false,"footnotes":""},"class_list":["post-2325","page","type-page","status-publish","hentry"],"acf":[],"yoast_head":"<!-- This site is optimized with the Yoast SEO plugin v23.8 - https:\/\/yoast.com\/wordpress\/plugins\/seo\/ -->\n<title>Residu zero a Sircat - Sircat<\/title>\n<meta name=\"description\" content=\"Impulsem el concepte de residu zero amb estrat\u00e8gies sostenibles per a minimitzar deixalles i protegir el medi ambient. Descobreix com ho aconseguim!\" \/>\n<meta name=\"robots\" content=\"index, follow, max-snippet:-1, max-image-preview:large, max-video-preview:-1\" \/>\n<link rel=\"canonical\" href=\"https:\/\/sircat.com\/ca\/rsc\/residu-zero\/\" \/>\n<meta property=\"og:locale\" content=\"ca_ES\" \/>\n<meta property=\"og:type\" content=\"article\" \/>\n<meta property=\"og:title\" content=\"Residu zero a Sircat - Sircat\" \/>\n<meta property=\"og:description\" content=\"Impulsem el concepte de residu zero amb estrat\u00e8gies sostenibles per a minimitzar deixalles i protegir el medi ambient. Descobreix com ho aconseguim!\" \/>\n<meta property=\"og:url\" content=\"https:\/\/sircat.com\/ca\/rsc\/residu-zero\/\" \/>\n<meta property=\"og:site_name\" content=\"Sircat\" \/>\n<meta property=\"article:modified_time\" content=\"2024-11-26T14:44:49+00:00\" \/>\n<meta property=\"og:image\" content=\"https:\/\/sircat.com\/wp-content\/uploads\/2024\/11\/Inventari-residus-sircat.jpg\" \/>\n<meta name=\"twitter:card\" content=\"summary_large_image\" \/>\n<meta name=\"twitter:label1\" content=\"Temps estimat de lectura\" \/>\n\t<meta name=\"twitter:data1\" content=\"2 minuts\" \/>\n<script type=\"application\/ld+json\" class=\"yoast-schema-graph\">{\"@context\":\"https:\/\/schema.org\",\"@graph\":[{\"@type\":\"WebPage\",\"@id\":\"https:\/\/sircat.com\/ca\/rsc\/residu-zero\/\",\"url\":\"https:\/\/sircat.com\/ca\/rsc\/residu-zero\/\",\"name\":\"Residu zero a Sircat - Sircat\",\"isPartOf\":{\"@id\":\"https:\/\/sircat.com\/#website\"},\"primaryImageOfPage\":{\"@id\":\"https:\/\/sircat.com\/ca\/rsc\/residu-zero\/#primaryimage\"},\"image\":{\"@id\":\"https:\/\/sircat.com\/ca\/rsc\/residu-zero\/#primaryimage\"},\"thumbnailUrl\":\"https:\/\/sircat.com\/wp-content\/uploads\/2024\/11\/Inventari-residus-sircat.jpg\",\"datePublished\":\"2024-05-24T09:05:22+00:00\",\"dateModified\":\"2024-11-26T14:44:49+00:00\",\"description\":\"Impulsem el concepte de residu zero amb estrat\u00e8gies sostenibles per a minimitzar deixalles i protegir el medi ambient. Descobreix com ho aconseguim!\",\"breadcrumb\":{\"@id\":\"https:\/\/sircat.com\/ca\/rsc\/residu-zero\/#breadcrumb\"},\"inLanguage\":\"ca\",\"potentialAction\":[{\"@type\":\"ReadAction\",\"target\":[\"https:\/\/sircat.com\/ca\/rsc\/residu-zero\/\"]}]},{\"@type\":\"ImageObject\",\"inLanguage\":\"ca\",\"@id\":\"https:\/\/sircat.com\/ca\/rsc\/residu-zero\/#primaryimage\",\"url\":\"https:\/\/sircat.com\/wp-content\/uploads\/2024\/11\/Inventari-residus-sircat.jpg\",\"contentUrl\":\"https:\/\/sircat.com\/wp-content\/uploads\/2024\/11\/Inventari-residus-sircat.jpg\"},{\"@type\":\"BreadcrumbList\",\"@id\":\"https:\/\/sircat.com\/ca\/rsc\/residu-zero\/#breadcrumb\",\"itemListElement\":[{\"@type\":\"ListItem\",\"position\":1,\"name\":\"Portada\",\"item\":\"https:\/\/sircat.com\/\"},{\"@type\":\"ListItem\",\"position\":2,\"name\":\"RSC\",\"item\":\"https:\/\/sircat.com\/rsc\/\"},{\"@type\":\"ListItem\",\"position\":3,\"name\":\"Residu zero\"}]},{\"@type\":\"WebSite\",\"@id\":\"https:\/\/sircat.com\/#website\",\"url\":\"https:\/\/sircat.com\/\",\"name\":\"Sircat\",\"description\":\"Servicios Medioambientales a todo tipo de empresas\",\"publisher\":{\"@id\":\"https:\/\/sircat.com\/#organization\"},\"potentialAction\":[{\"@type\":\"SearchAction\",\"target\":{\"@type\":\"EntryPoint\",\"urlTemplate\":\"https:\/\/sircat.com\/?s={search_term_string}\"},\"query-input\":{\"@type\":\"PropertyValueSpecification\",\"valueRequired\":true,\"valueName\":\"search_term_string\"}}],\"inLanguage\":\"ca\"},{\"@type\":\"Organization\",\"@id\":\"https:\/\/sircat.com\/#organization\",\"name\":\"Sircat\",\"url\":\"https:\/\/sircat.com\/\",\"logo\":{\"@type\":\"ImageObject\",\"inLanguage\":\"ca\",\"@id\":\"https:\/\/sircat.com\/#\/schema\/logo\/image\/\",\"url\":\"https:\/\/sircat.com\/wp-content\/uploads\/2024\/05\/sircat.svg\",\"contentUrl\":\"https:\/\/sircat.com\/wp-content\/uploads\/2024\/05\/sircat.svg\",\"width\":292,\"height\":80,\"caption\":\"Sircat\"},\"image\":{\"@id\":\"https:\/\/sircat.com\/#\/schema\/logo\/image\/\"}}]}<\/script>\n<!-- \/ Yoast SEO plugin. -->","yoast_head_json":{"title":"Residu zero a Sircat - Sircat","description":"Impulsem el concepte de residu zero amb estrat\u00e8gies sostenibles per a minimitzar deixalles i protegir el medi ambient. Descobreix com ho aconseguim!","robots":{"index":"index","follow":"follow","max-snippet":"max-snippet:-1","max-image-preview":"max-image-preview:large","max-video-preview":"max-video-preview:-1"},"canonical":"https:\/\/sircat.com\/ca\/rsc\/residu-zero\/","og_locale":"ca_ES","og_type":"article","og_title":"Residu zero a Sircat - Sircat","og_description":"Impulsem el concepte de residu zero amb estrat\u00e8gies sostenibles per a minimitzar deixalles i protegir el medi ambient. Descobreix com ho aconseguim!","og_url":"https:\/\/sircat.com\/ca\/rsc\/residu-zero\/","og_site_name":"Sircat","article_modified_time":"2024-11-26T14:44:49+00:00","og_image":[{"url":"https:\/\/sircat.com\/wp-content\/uploads\/2024\/11\/Inventari-residus-sircat.jpg"}],"twitter_card":"summary_large_image","twitter_misc":{"Temps estimat de lectura":"2 minuts"},"schema":{"@context":"https:\/\/schema.org","@graph":[{"@type":"WebPage","@id":"https:\/\/sircat.com\/ca\/rsc\/residu-zero\/","url":"https:\/\/sircat.com\/ca\/rsc\/residu-zero\/","name":"Residu zero a Sircat - Sircat","isPartOf":{"@id":"https:\/\/sircat.com\/#website"},"primaryImageOfPage":{"@id":"https:\/\/sircat.com\/ca\/rsc\/residu-zero\/#primaryimage"},"image":{"@id":"https:\/\/sircat.com\/ca\/rsc\/residu-zero\/#primaryimage"},"thumbnailUrl":"https:\/\/sircat.com\/wp-content\/uploads\/2024\/11\/Inventari-residus-sircat.jpg","datePublished":"2024-05-24T09:05:22+00:00","dateModified":"2024-11-26T14:44:49+00:00","description":"Impulsem el concepte de residu zero amb estrat\u00e8gies sostenibles per a minimitzar deixalles i protegir el medi ambient. Descobreix com ho aconseguim!","breadcrumb":{"@id":"https:\/\/sircat.com\/ca\/rsc\/residu-zero\/#breadcrumb"},"inLanguage":"ca","potentialAction":[{"@type":"ReadAction","target":["https:\/\/sircat.com\/ca\/rsc\/residu-zero\/"]}]},{"@type":"ImageObject","inLanguage":"ca","@id":"https:\/\/sircat.com\/ca\/rsc\/residu-zero\/#primaryimage","url":"https:\/\/sircat.com\/wp-content\/uploads\/2024\/11\/Inventari-residus-sircat.jpg","contentUrl":"https:\/\/sircat.com\/wp-content\/uploads\/2024\/11\/Inventari-residus-sircat.jpg"},{"@type":"BreadcrumbList","@id":"https:\/\/sircat.com\/ca\/rsc\/residu-zero\/#breadcrumb","itemListElement":[{"@type":"ListItem","position":1,"name":"Portada","item":"https:\/\/sircat.com\/"},{"@type":"ListItem","position":2,"name":"RSC","item":"https:\/\/sircat.com\/rsc\/"},{"@type":"ListItem","position":3,"name":"Residu zero"}]},{"@type":"WebSite","@id":"https:\/\/sircat.com\/#website","url":"https:\/\/sircat.com\/","name":"Sircat","description":"Servicios Medioambientales a todo tipo de empresas","publisher":{"@id":"https:\/\/sircat.com\/#organization"},"potentialAction":[{"@type":"SearchAction","target":{"@type":"EntryPoint","urlTemplate":"https:\/\/sircat.com\/?s={search_term_string}"},"query-input":{"@type":"PropertyValueSpecification","valueRequired":true,"valueName":"search_term_string"}}],"inLanguage":"ca"},{"@type":"Organization","@id":"https:\/\/sircat.com\/#organization","name":"Sircat","url":"https:\/\/sircat.com\/","logo":{"@type":"ImageObject","inLanguage":"ca","@id":"https:\/\/sircat.com\/#\/schema\/logo\/image\/","url":"https:\/\/sircat.com\/wp-content\/uploads\/2024\/05\/sircat.svg","contentUrl":"https:\/\/sircat.com\/wp-content\/uploads\/2024\/05\/sircat.svg","width":292,"height":80,"caption":"Sircat"},"image":{"@id":"https:\/\/sircat.com\/#\/schema\/logo\/image\/"}}]}},"_links":{"self":[{"href":"https:\/\/sircat.com\/ca\/wp-json\/wp\/v2\/pages\/2325","targetHints":{"allow":["GET"]}}],"collection":[{"href":"https:\/\/sircat.com\/ca\/wp-json\/wp\/v2\/pages"}],"about":[{"href":"https:\/\/sircat.com\/ca\/wp-json\/wp\/v2\/types\/page"}],"author":[{"embeddable":true,"href":"https:\/\/sircat.com\/ca\/wp-json\/wp\/v2\/users\/1"}],"replies":[{"embeddable":true,"href":"https:\/\/sircat.com\/ca\/wp-json\/wp\/v2\/comments?post=2325"}],"version-history":[{"count":36,"href":"https:\/\/sircat.com\/ca\/wp-json\/wp\/v2\/pages\/2325\/revisions"}],"predecessor-version":[{"id":5586,"href":"https:\/\/sircat.com\/ca\/wp-json\/wp\/v2\/pages\/2325\/revisions\/5586"}],"up":[{"embeddable":true,"href":"https:\/\/sircat.com\/ca\/wp-json\/wp\/v2\/pages\/2323"}],"wp:attachment":[{"href":"https:\/\/sircat.com\/ca\/wp-json\/wp\/v2\/media?parent=2325"}],"curies":[{"name":"wp","href":"https:\/\/api.w.org\/{rel}","templated":true}]}}