{"id":2323,"date":"2024-05-24T09:05:01","date_gmt":"2024-05-24T09:05:01","guid":{"rendered":"https:\/\/321brand.net\/sircat\/rsc\/"},"modified":"2024-11-21T11:36:57","modified_gmt":"2024-11-21T11:36:57","slug":"rsc","status":"publish","type":"page","link":"https:\/\/sircat.com\/ca\/rsc\/","title":{"rendered":"RSC"},"content":{"rendered":"\t\t<div data-elementor-type=\"wp-page\" data-elementor-id=\"2323\" class=\"elementor elementor-2323 elementor-50\" data-elementor-post-type=\"page\">\n\t\t\t\t<div class=\"elementor-element elementor-element-f282bb0 e-flex e-con-boxed e-con e-parent\" data-id=\"f282bb0\" data-element_type=\"container\" data-settings=\"{&quot;background_background&quot;:&quot;classic&quot;}\">\n\t\t\t\t\t<div class=\"e-con-inner\">\n\t\t<div class=\"elementor-element elementor-element-85cdae6 e-flex e-con-boxed e-con e-child\" data-id=\"85cdae6\" data-element_type=\"container\">\n\t\t\t\t\t<div class=\"e-con-inner\">\n\t\t<div class=\"elementor-element elementor-element-ddc0d95 e-flex e-con-boxed e-con e-child\" data-id=\"ddc0d95\" data-element_type=\"container\">\n\t\t\t\t\t<div class=\"e-con-inner\">\n\t\t\t\t<div class=\"elementor-element elementor-element-a9be6be elementor-widget elementor-widget-text-editor\" data-id=\"a9be6be\" data-element_type=\"widget\" data-widget_type=\"text-editor.default\">\n\t\t\t\t<div class=\"elementor-widget-container\">\n\t\t\t\t\t\t\t<p>RSC<\/p>\n\t\t\t\t\t\t<\/div>\n\t\t\t\t<\/div>\n\t\t\t\t\t<\/div>\n\t\t\t\t<\/div>\n\t\t\t\t\t<\/div>\n\t\t\t\t<\/div>\n\t\t<div class=\"elementor-element elementor-element-5b67aa5 e-flex e-con-boxed e-con e-child\" data-id=\"5b67aa5\" data-element_type=\"container\">\n\t\t\t\t\t<div class=\"e-con-inner\">\n\t\t<div class=\"elementor-element elementor-element-d41d6e4 e-con-full e-flex e-con e-child\" data-id=\"d41d6e4\" data-element_type=\"container\">\n\t\t\t\t<div class=\"elementor-element elementor-element-e22f7cd elementor-widget elementor-widget-text-editor\" data-id=\"e22f7cd\" data-element_type=\"widget\" data-widget_type=\"text-editor.default\">\n\t\t\t\t<div class=\"elementor-widget-container\">\n\t\t\t\t\t\t\t<h2>El nostre comprom\u00eds mediambiental<\/h2>\n\t\t\t\t\t\t<\/div>\n\t\t\t\t<\/div>\n\t\t\t\t<\/div>\n\t\t<div class=\"elementor-element elementor-element-10a3a24 e-con-full e-flex e-con e-child\" data-id=\"10a3a24\" data-element_type=\"container\">\n\t\t\t\t<\/div>\n\t\t<div class=\"elementor-element elementor-element-dfbe725 e-flex e-con-boxed e-con e-child\" data-id=\"dfbe725\" data-element_type=\"container\">\n\t\t\t\t\t<div class=\"e-con-inner\">\n\t\t\t\t<div class=\"elementor-element elementor-element-c9d86c0 elementor-widget elementor-widget-text-editor\" data-id=\"c9d86c0\" data-element_type=\"widget\" data-widget_type=\"text-editor.default\">\n\t\t\t\t<div class=\"elementor-widget-container\">\n\t\t\t\t\t\t\t<h5>A Sircat, la Responsabilitat Social Corporativa (RSC) mou les nostres accions cap a un impacte positiu en la societat i el medi ambient. Estem compromesos a anar m\u00e9s enll\u00e0 de les nostres operacions comercials regulars per contribuir al benestar de la comunitat i promoure pr\u00e0ctiques sostenibles. <\/h5>\n\t\t\t\t\t\t<\/div>\n\t\t\t\t<\/div>\n\t\t\t\t\t<\/div>\n\t\t\t\t<\/div>\n\t\t\t\t\t<\/div>\n\t\t\t\t<\/div>\n\t\t\t\t\t<\/div>\n\t\t\t\t<\/div>\n\t\t<div class=\"elementor-element elementor-element-65cc742 e-flex e-con-boxed e-con e-parent\" data-id=\"65cc742\" data-element_type=\"container\" data-settings=\"{&quot;background_background&quot;:&quot;classic&quot;}\">\n\t\t\t\t\t<div class=\"e-con-inner\">\n\t\t<div class=\"elementor-element elementor-element-ad74f2e e-flex e-con-boxed e-con e-child\" data-id=\"ad74f2e\" data-element_type=\"container\" data-settings=\"{&quot;background_background&quot;:&quot;classic&quot;}\">\n\t\t\t\t\t<div class=\"e-con-inner\">\n\t\t\t\t<div class=\"elementor-element elementor-element-1e699ba elementor-widget elementor-widget-image\" data-id=\"1e699ba\" data-element_type=\"widget\" data-widget_type=\"image.default\">\n\t\t\t\t<div class=\"elementor-widget-container\">\n\t\t\t\t\t\t\t\t\t\t\t\t\t<img fetchpriority=\"high\" decoding=\"async\" width=\"800\" height=\"500\" src=\"https:\/\/sircat.com\/wp-content\/uploads\/2024\/11\/Economia-circular-sircat-RSC.jpg\" class=\"attachment-large size-large wp-image-5430\" alt=\"\" srcset=\"https:\/\/sircat.com\/wp-content\/uploads\/2024\/11\/Economia-circular-sircat-RSC.jpg 1024w, https:\/\/sircat.com\/wp-content\/uploads\/2024\/11\/Economia-circular-sircat-RSC-300x188.jpg 300w, https:\/\/sircat.com\/wp-content\/uploads\/2024\/11\/Economia-circular-sircat-RSC-768x480.jpg 768w\" sizes=\"(max-width: 800px) 100vw, 800px\" \/>\t\t\t\t\t\t\t\t\t\t\t\t\t<\/div>\n\t\t\t\t<\/div>\n\t\t\t\t<div class=\"elementor-element elementor-element-ed9520b elementor-widget elementor-widget-text-editor\" data-id=\"ed9520b\" data-element_type=\"widget\" data-widget_type=\"text-editor.default\">\n\t\t\t\t<div class=\"elementor-widget-container\">\n\t\t\t\t\t\t\t<h5>Economia circular i gesti\u00f3 de residus<\/h5>\n\t\t\t\t\t\t<\/div>\n\t\t\t\t<\/div>\n\t\t\t\t<div class=\"elementor-element elementor-element-90367ac elementor-widget elementor-widget-text-editor\" data-id=\"90367ac\" data-element_type=\"widget\" data-widget_type=\"text-editor.default\">\n\t\t\t\t<div class=\"elementor-widget-container\">\n\t\t\t\t\t\t\t<p><a href=\"https:\/\/sircat.com\/ca\/rsc\/economia-circular\/\">Saber m\u00e9s<\/a><\/p>\t\t\t\t\t\t<\/div>\n\t\t\t\t<\/div>\n\t\t\t\t\t<\/div>\n\t\t\t\t<\/div>\n\t\t<div class=\"elementor-element elementor-element-45f2e07 e-flex e-con-boxed e-con e-child\" data-id=\"45f2e07\" data-element_type=\"container\" data-settings=\"{&quot;background_background&quot;:&quot;classic&quot;}\">\n\t\t\t\t\t<div class=\"e-con-inner\">\n\t\t\t\t<div class=\"elementor-element elementor-element-0056c1a elementor-widget elementor-widget-image\" data-id=\"0056c1a\" data-element_type=\"widget\" data-widget_type=\"image.default\">\n\t\t\t\t<div class=\"elementor-widget-container\">\n\t\t\t\t\t\t\t\t\t\t\t\t\t<img decoding=\"async\" width=\"800\" height=\"500\" src=\"https:\/\/sircat.com\/wp-content\/uploads\/2024\/11\/residu-zero-sircat.jpg\" class=\"attachment-large size-large wp-image-5418\" alt=\"\" srcset=\"https:\/\/sircat.com\/wp-content\/uploads\/2024\/11\/residu-zero-sircat.jpg 1024w, https:\/\/sircat.com\/wp-content\/uploads\/2024\/11\/residu-zero-sircat-300x188.jpg 300w, https:\/\/sircat.com\/wp-content\/uploads\/2024\/11\/residu-zero-sircat-768x480.jpg 768w\" sizes=\"(max-width: 800px) 100vw, 800px\" \/>\t\t\t\t\t\t\t\t\t\t\t\t\t<\/div>\n\t\t\t\t<\/div>\n\t\t\t\t<div class=\"elementor-element elementor-element-61f3ac4 elementor-widget elementor-widget-text-editor\" data-id=\"61f3ac4\" data-element_type=\"widget\" data-widget_type=\"text-editor.default\">\n\t\t\t\t<div class=\"elementor-widget-container\">\n\t\t\t\t\t\t\t<h5>Residu zero<\/h5>\n\t\t\t\t\t\t<\/div>\n\t\t\t\t<\/div>\n\t\t\t\t<div class=\"elementor-element elementor-element-4dbe3c5 elementor-widget elementor-widget-text-editor\" data-id=\"4dbe3c5\" data-element_type=\"widget\" data-widget_type=\"text-editor.default\">\n\t\t\t\t<div class=\"elementor-widget-container\">\n\t\t\t\t\t\t\t<p><a href=\"https:\/\/sircat.com\/ca\/rsc\/residu-zero\/\">Saber m\u00e9s<\/a><\/p>\t\t\t\t\t\t<\/div>\n\t\t\t\t<\/div>\n\t\t\t\t\t<\/div>\n\t\t\t\t<\/div>\n\t\t<div class=\"elementor-element elementor-element-45dd86d e-flex e-con-boxed e-con e-child\" data-id=\"45dd86d\" data-element_type=\"container\" data-settings=\"{&quot;background_background&quot;:&quot;classic&quot;}\">\n\t\t\t\t\t<div class=\"e-con-inner\">\n\t\t\t\t<div class=\"elementor-element elementor-element-84ed451 elementor-widget elementor-widget-image\" data-id=\"84ed451\" data-element_type=\"widget\" data-widget_type=\"image.default\">\n\t\t\t\t<div class=\"elementor-widget-container\">\n\t\t\t\t\t\t\t\t\t\t\t\t\t<img decoding=\"async\" width=\"800\" height=\"500\" src=\"https:\/\/sircat.com\/wp-content\/uploads\/2024\/11\/normativa-qualitat-mediambiental-sircat-1.jpg\" class=\"attachment-large size-large wp-image-5421\" alt=\"\" srcset=\"https:\/\/sircat.com\/wp-content\/uploads\/2024\/11\/normativa-qualitat-mediambiental-sircat-1.jpg 1024w, https:\/\/sircat.com\/wp-content\/uploads\/2024\/11\/normativa-qualitat-mediambiental-sircat-1-300x188.jpg 300w, https:\/\/sircat.com\/wp-content\/uploads\/2024\/11\/normativa-qualitat-mediambiental-sircat-1-768x480.jpg 768w\" sizes=\"(max-width: 800px) 100vw, 800px\" \/>\t\t\t\t\t\t\t\t\t\t\t\t\t<\/div>\n\t\t\t\t<\/div>\n\t\t\t\t<div class=\"elementor-element elementor-element-e1b22c4 elementor-widget elementor-widget-text-editor\" data-id=\"e1b22c4\" data-element_type=\"widget\" data-widget_type=\"text-editor.default\">\n\t\t\t\t<div class=\"elementor-widget-container\">\n\t\t\t\t\t\t\t<h5>Normativa de qualitat i mediambiental<\/h5>\n\t\t\t\t\t\t<\/div>\n\t\t\t\t<\/div>\n\t\t\t\t<div class=\"elementor-element elementor-element-fdebd93 elementor-widget elementor-widget-text-editor\" data-id=\"fdebd93\" data-element_type=\"widget\" data-widget_type=\"text-editor.default\">\n\t\t\t\t<div class=\"elementor-widget-container\">\n\t\t\t\t\t\t\t<p><a href=\"https:\/\/sircat.com\/ca\/rsc\/normativa-de-qualitat-i-mediambiental\/\">Saber m\u00e9s<br \/><\/a><\/p>\t\t\t\t\t\t<\/div>\n\t\t\t\t<\/div>\n\t\t\t\t\t<\/div>\n\t\t\t\t<\/div>\n\t\t\t\t\t<\/div>\n\t\t\t\t<\/div>\n\t\t\t\t<\/div>\n\t\t","protected":false},"excerpt":{"rendered":"<p>RSC El nostre comprom\u00eds mediambiental A Sircat, la Responsabilitat Social Corporativa (RSC) mou les nostres accions cap a un impacte positiu en la societat i el medi ambient. Estem compromesos a anar m\u00e9s enll\u00e0 de les nostres operacions comercials regulars per contribuir al benestar de la comunitat i promoure pr\u00e0ctiques sostenibles. Economia circular i gesti\u00f3 [&hellip;]<\/p>\n","protected":false},"author":1,"featured_media":0,"parent":0,"menu_order":0,"comment_status":"closed","ping_status":"closed","template":"","meta":{"_acf_changed":false,"footnotes":""},"class_list":["post-2323","page","type-page","status-publish","hentry"],"acf":[],"yoast_head":"<!-- This site is optimized with the Yoast SEO plugin v23.8 - https:\/\/yoast.com\/wordpress\/plugins\/seo\/ -->\n<title>RSC - Sircat<\/title>\n<meta name=\"robots\" content=\"index, follow, max-snippet:-1, max-image-preview:large, max-video-preview:-1\" \/>\n<link rel=\"canonical\" href=\"https:\/\/sircat.com\/rsc\/\" \/>\n<meta property=\"og:locale\" content=\"ca_ES\" \/>\n<meta property=\"og:type\" content=\"article\" \/>\n<meta property=\"og:title\" content=\"RSC - Sircat\" \/>\n<meta property=\"og:description\" content=\"RSC El nostre comprom\u00eds mediambiental A Sircat, la Responsabilitat Social Corporativa (RSC) mou les nostres accions cap a un impacte positiu en la societat i el medi ambient. Estem compromesos a anar m\u00e9s enll\u00e0 de les nostres operacions comercials regulars per contribuir al benestar de la comunitat i promoure pr\u00e0ctiques sostenibles. Economia circular i gesti\u00f3 [&hellip;]\" \/>\n<meta property=\"og:url\" content=\"https:\/\/sircat.com\/rsc\/\" \/>\n<meta property=\"og:site_name\" content=\"Sircat\" \/>\n<meta property=\"article:modified_time\" content=\"2024-11-21T11:36:57+00:00\" \/>\n<meta property=\"og:image\" content=\"https:\/\/sircat.com\/wp-content\/uploads\/2024\/11\/Economia-circular-sircat-RSC.jpg\" \/>\n\t<meta property=\"og:image:width\" content=\"1024\" \/>\n\t<meta property=\"og:image:height\" content=\"640\" \/>\n\t<meta property=\"og:image:type\" content=\"image\/jpeg\" \/>\n<meta name=\"twitter:card\" content=\"summary_large_image\" \/>\n<meta name=\"twitter:label1\" content=\"Temps estimat de lectura\" \/>\n\t<meta name=\"twitter:data1\" content=\"1 minut\" \/>\n<script type=\"application\/ld+json\" class=\"yoast-schema-graph\">{\"@context\":\"https:\/\/schema.org\",\"@graph\":[{\"@type\":\"WebPage\",\"@id\":\"https:\/\/sircat.com\/rsc\/\",\"url\":\"https:\/\/sircat.com\/rsc\/\",\"name\":\"RSC - Sircat\",\"isPartOf\":{\"@id\":\"https:\/\/sircat.com\/#website\"},\"primaryImageOfPage\":{\"@id\":\"https:\/\/sircat.com\/rsc\/#primaryimage\"},\"image\":{\"@id\":\"https:\/\/sircat.com\/rsc\/#primaryimage\"},\"thumbnailUrl\":\"https:\/\/sircat.com\/wp-content\/uploads\/2024\/11\/Economia-circular-sircat-RSC.jpg\",\"datePublished\":\"2024-05-24T09:05:01+00:00\",\"dateModified\":\"2024-11-21T11:36:57+00:00\",\"breadcrumb\":{\"@id\":\"https:\/\/sircat.com\/rsc\/#breadcrumb\"},\"inLanguage\":\"ca\",\"potentialAction\":[{\"@type\":\"ReadAction\",\"target\":[\"https:\/\/sircat.com\/rsc\/\"]}]},{\"@type\":\"ImageObject\",\"inLanguage\":\"ca\",\"@id\":\"https:\/\/sircat.com\/rsc\/#primaryimage\",\"url\":\"https:\/\/sircat.com\/wp-content\/uploads\/2024\/11\/Economia-circular-sircat-RSC.jpg\",\"contentUrl\":\"https:\/\/sircat.com\/wp-content\/uploads\/2024\/11\/Economia-circular-sircat-RSC.jpg\"},{\"@type\":\"BreadcrumbList\",\"@id\":\"https:\/\/sircat.com\/rsc\/#breadcrumb\",\"itemListElement\":[{\"@type\":\"ListItem\",\"position\":1,\"name\":\"Portada\",\"item\":\"https:\/\/sircat.com\/\"},{\"@type\":\"ListItem\",\"position\":2,\"name\":\"RSC\"}]},{\"@type\":\"WebSite\",\"@id\":\"https:\/\/sircat.com\/#website\",\"url\":\"https:\/\/sircat.com\/\",\"name\":\"Sircat\",\"description\":\"Servicios Medioambientales a todo tipo de empresas\",\"publisher\":{\"@id\":\"https:\/\/sircat.com\/#organization\"},\"potentialAction\":[{\"@type\":\"SearchAction\",\"target\":{\"@type\":\"EntryPoint\",\"urlTemplate\":\"https:\/\/sircat.com\/?s={search_term_string}\"},\"query-input\":{\"@type\":\"PropertyValueSpecification\",\"valueRequired\":true,\"valueName\":\"search_term_string\"}}],\"inLanguage\":\"ca\"},{\"@type\":\"Organization\",\"@id\":\"https:\/\/sircat.com\/#organization\",\"name\":\"Sircat\",\"url\":\"https:\/\/sircat.com\/\",\"logo\":{\"@type\":\"ImageObject\",\"inLanguage\":\"ca\",\"@id\":\"https:\/\/sircat.com\/#\/schema\/logo\/image\/\",\"url\":\"https:\/\/sircat.com\/wp-content\/uploads\/2024\/05\/sircat.svg\",\"contentUrl\":\"https:\/\/sircat.com\/wp-content\/uploads\/2024\/05\/sircat.svg\",\"width\":292,\"height\":80,\"caption\":\"Sircat\"},\"image\":{\"@id\":\"https:\/\/sircat.com\/#\/schema\/logo\/image\/\"}}]}<\/script>\n<!-- \/ Yoast SEO plugin. -->","yoast_head_json":{"title":"RSC - Sircat","robots":{"index":"index","follow":"follow","max-snippet":"max-snippet:-1","max-image-preview":"max-image-preview:large","max-video-preview":"max-video-preview:-1"},"canonical":"https:\/\/sircat.com\/rsc\/","og_locale":"ca_ES","og_type":"article","og_title":"RSC - Sircat","og_description":"RSC El nostre comprom\u00eds mediambiental A Sircat, la Responsabilitat Social Corporativa (RSC) mou les nostres accions cap a un impacte positiu en la societat i el medi ambient. Estem compromesos a anar m\u00e9s enll\u00e0 de les nostres operacions comercials regulars per contribuir al benestar de la comunitat i promoure pr\u00e0ctiques sostenibles. Economia circular i gesti\u00f3 [&hellip;]","og_url":"https:\/\/sircat.com\/rsc\/","og_site_name":"Sircat","article_modified_time":"2024-11-21T11:36:57+00:00","og_image":[{"width":1024,"height":640,"url":"https:\/\/sircat.com\/wp-content\/uploads\/2024\/11\/Economia-circular-sircat-RSC.jpg","type":"image\/jpeg"}],"twitter_card":"summary_large_image","twitter_misc":{"Temps estimat de lectura":"1 minut"},"schema":{"@context":"https:\/\/schema.org","@graph":[{"@type":"WebPage","@id":"https:\/\/sircat.com\/rsc\/","url":"https:\/\/sircat.com\/rsc\/","name":"RSC - Sircat","isPartOf":{"@id":"https:\/\/sircat.com\/#website"},"primaryImageOfPage":{"@id":"https:\/\/sircat.com\/rsc\/#primaryimage"},"image":{"@id":"https:\/\/sircat.com\/rsc\/#primaryimage"},"thumbnailUrl":"https:\/\/sircat.com\/wp-content\/uploads\/2024\/11\/Economia-circular-sircat-RSC.jpg","datePublished":"2024-05-24T09:05:01+00:00","dateModified":"2024-11-21T11:36:57+00:00","breadcrumb":{"@id":"https:\/\/sircat.com\/rsc\/#breadcrumb"},"inLanguage":"ca","potentialAction":[{"@type":"ReadAction","target":["https:\/\/sircat.com\/rsc\/"]}]},{"@type":"ImageObject","inLanguage":"ca","@id":"https:\/\/sircat.com\/rsc\/#primaryimage","url":"https:\/\/sircat.com\/wp-content\/uploads\/2024\/11\/Economia-circular-sircat-RSC.jpg","contentUrl":"https:\/\/sircat.com\/wp-content\/uploads\/2024\/11\/Economia-circular-sircat-RSC.jpg"},{"@type":"BreadcrumbList","@id":"https:\/\/sircat.com\/rsc\/#breadcrumb","itemListElement":[{"@type":"ListItem","position":1,"name":"Portada","item":"https:\/\/sircat.com\/"},{"@type":"ListItem","position":2,"name":"RSC"}]},{"@type":"WebSite","@id":"https:\/\/sircat.com\/#website","url":"https:\/\/sircat.com\/","name":"Sircat","description":"Servicios Medioambientales a todo tipo de empresas","publisher":{"@id":"https:\/\/sircat.com\/#organization"},"potentialAction":[{"@type":"SearchAction","target":{"@type":"EntryPoint","urlTemplate":"https:\/\/sircat.com\/?s={search_term_string}"},"query-input":{"@type":"PropertyValueSpecification","valueRequired":true,"valueName":"search_term_string"}}],"inLanguage":"ca"},{"@type":"Organization","@id":"https:\/\/sircat.com\/#organization","name":"Sircat","url":"https:\/\/sircat.com\/","logo":{"@type":"ImageObject","inLanguage":"ca","@id":"https:\/\/sircat.com\/#\/schema\/logo\/image\/","url":"https:\/\/sircat.com\/wp-content\/uploads\/2024\/05\/sircat.svg","contentUrl":"https:\/\/sircat.com\/wp-content\/uploads\/2024\/05\/sircat.svg","width":292,"height":80,"caption":"Sircat"},"image":{"@id":"https:\/\/sircat.com\/#\/schema\/logo\/image\/"}}]}},"_links":{"self":[{"href":"https:\/\/sircat.com\/ca\/wp-json\/wp\/v2\/pages\/2323","targetHints":{"allow":["GET"]}}],"collection":[{"href":"https:\/\/sircat.com\/ca\/wp-json\/wp\/v2\/pages"}],"about":[{"href":"https:\/\/sircat.com\/ca\/wp-json\/wp\/v2\/types\/page"}],"author":[{"embeddable":true,"href":"https:\/\/sircat.com\/ca\/wp-json\/wp\/v2\/users\/1"}],"replies":[{"embeddable":true,"href":"https:\/\/sircat.com\/ca\/wp-json\/wp\/v2\/comments?post=2323"}],"version-history":[{"count":37,"href":"https:\/\/sircat.com\/ca\/wp-json\/wp\/v2\/pages\/2323\/revisions"}],"predecessor-version":[{"id":5444,"href":"https:\/\/sircat.com\/ca\/wp-json\/wp\/v2\/pages\/2323\/revisions\/5444"}],"wp:attachment":[{"href":"https:\/\/sircat.com\/ca\/wp-json\/wp\/v2\/media?parent=2323"}],"curies":[{"name":"wp","href":"https:\/\/api.w.org\/{rel}","templated":true}]}}