{"id":2319,"date":"2024-05-24T09:04:39","date_gmt":"2024-05-24T09:04:39","guid":{"rendered":"https:\/\/321brand.net\/sircat\/diferenciacio\/"},"modified":"2024-11-26T13:00:39","modified_gmt":"2024-11-26T13:00:39","slug":"diferenciacio","status":"publish","type":"page","link":"https:\/\/sircat.com\/ca\/nosaltres\/diferenciacio\/","title":{"rendered":"Diferenciaci\u00f3"},"content":{"rendered":"\t\t<div data-elementor-type=\"wp-page\" data-elementor-id=\"2319\" class=\"elementor elementor-2319 elementor-46\" data-elementor-post-type=\"page\">\n\t\t\t\t<div class=\"elementor-element elementor-element-955eaf1 e-flex e-con-boxed elementor-invisible e-con e-parent\" data-id=\"955eaf1\" data-element_type=\"container\" data-settings=\"{&quot;background_background&quot;:&quot;classic&quot;,&quot;animation&quot;:&quot;fadeInUp&quot;}\">\n\t\t\t\t\t<div class=\"e-con-inner\">\n\t\t<div class=\"elementor-element elementor-element-f82d0a6 e-flex e-con-boxed e-con e-child\" data-id=\"f82d0a6\" data-element_type=\"container\">\n\t\t\t\t\t<div class=\"e-con-inner\">\n\t\t<div class=\"elementor-element elementor-element-6edd420 e-flex e-con-boxed e-con e-child\" data-id=\"6edd420\" data-element_type=\"container\">\n\t\t\t\t\t<div class=\"e-con-inner\">\n\t\t\t\t<div class=\"elementor-element elementor-element-d9ebd49 elementor-widget elementor-widget-text-editor\" data-id=\"d9ebd49\" data-element_type=\"widget\" data-widget_type=\"text-editor.default\">\n\t\t\t\t<div class=\"elementor-widget-container\">\n\t\t\t\t\t\t\t<p>Nosaltres<\/p>\n\t\t\t\t\t\t<\/div>\n\t\t\t\t<\/div>\n\t\t\t\t\t<\/div>\n\t\t\t\t<\/div>\n\t\t\t\t\t<\/div>\n\t\t\t\t<\/div>\n\t\t<div class=\"elementor-element elementor-element-df36bcd e-flex e-con-boxed e-con e-child\" data-id=\"df36bcd\" data-element_type=\"container\">\n\t\t\t\t\t<div class=\"e-con-inner\">\n\t\t<div class=\"elementor-element elementor-element-9079df2 e-con-full e-flex e-con e-child\" data-id=\"9079df2\" data-element_type=\"container\">\n\t\t\t\t<div class=\"elementor-element elementor-element-b36125f elementor-widget elementor-widget-text-editor\" data-id=\"b36125f\" data-element_type=\"widget\" data-widget_type=\"text-editor.default\">\n\t\t\t\t<div class=\"elementor-widget-container\">\n\t\t\t\t\t\t\t<h2>Diferenciaci\u00f3<\/h2>\n\t\t\t\t\t\t<\/div>\n\t\t\t\t<\/div>\n\t\t\t\t<\/div>\n\t\t<div class=\"elementor-element elementor-element-af1d871 e-con-full e-flex e-con e-child\" data-id=\"af1d871\" data-element_type=\"container\">\n\t\t\t\t<\/div>\n\t\t<div class=\"elementor-element elementor-element-5a726c8 e-flex e-con-boxed e-con e-child\" data-id=\"5a726c8\" data-element_type=\"container\">\n\t\t\t\t\t<div class=\"e-con-inner\">\n\t\t\t\t<div class=\"elementor-element elementor-element-0550fde elementor-widget elementor-widget-text-editor\" data-id=\"0550fde\" data-element_type=\"widget\" data-widget_type=\"text-editor.default\">\n\t\t\t\t<div class=\"elementor-widget-container\">\n\t\t\t\t\t\t\t<h5>L&#8217;\u00e8xit del nostre projecte es basa en una s\u00e8rie d&#8217;atributs clau que defineixen la nostra identitat i ens consoliden com a referent en la gesti\u00f3 mediambiental.<\/h5>\n\t\t\t\t\t\t<\/div>\n\t\t\t\t<\/div>\n\t\t\t\t\t<\/div>\n\t\t\t\t<\/div>\n\t\t\t\t\t<\/div>\n\t\t\t\t<\/div>\n\t\t\t\t\t<\/div>\n\t\t\t\t<\/div>\n\t\t<div class=\"elementor-element elementor-element-58d3b38 e-flex e-con-boxed elementor-invisible e-con e-parent\" data-id=\"58d3b38\" data-element_type=\"container\" data-settings=\"{&quot;background_background&quot;:&quot;classic&quot;,&quot;animation&quot;:&quot;fadeInUp&quot;}\">\n\t\t\t\t\t<div class=\"e-con-inner\">\n\t\t\t\t\t<\/div>\n\t\t\t\t<\/div>\n\t\t<div class=\"elementor-element elementor-element-c819aaa e-flex e-con-boxed e-con e-parent\" data-id=\"c819aaa\" data-element_type=\"container\" data-settings=\"{&quot;background_background&quot;:&quot;classic&quot;}\">\n\t\t\t\t\t<div class=\"e-con-inner\">\n\t\t<div class=\"elementor-element elementor-element-374aba6 e-flex e-con-boxed e-con e-child\" data-id=\"374aba6\" data-element_type=\"container\">\n\t\t\t\t\t<div class=\"e-con-inner\">\n\t\t<div class=\"elementor-element elementor-element-2ef8d5a e-con-full e-flex elementor-invisible e-con e-child\" data-id=\"2ef8d5a\" data-element_type=\"container\" data-settings=\"{&quot;animation&quot;:&quot;fadeInUp&quot;}\">\n\t\t\t\t<div class=\"elementor-element elementor-element-318eba5 elementor-widget elementor-widget-text-editor\" data-id=\"318eba5\" data-element_type=\"widget\" data-widget_type=\"text-editor.default\">\n\t\t\t\t<div class=\"elementor-widget-container\">\n\t\t\t\t\t\t\t<p>Aquests pilars no nom\u00e9s representen la nostra forma d&#8217;operar, sin\u00f3 tamb\u00e9 el nostre ferm comprom\u00eds amb l&#8217;excel\u00b7l\u00e8ncia i la sostenibilitat.<\/p>\n\t\t\t\t\t\t<\/div>\n\t\t\t\t<\/div>\n\t\t\t\t<\/div>\n\t\t<div class=\"elementor-element elementor-element-d510459 e-con-full elementor-hidden-mobile e-flex e-con e-child\" data-id=\"d510459\" data-element_type=\"container\">\n\t\t\t\t<\/div>\n\t\t<div class=\"elementor-element elementor-element-ff32563 elementor-hidden-mobile e-flex e-con-boxed e-con e-child\" data-id=\"ff32563\" data-element_type=\"container\">\n\t\t\t\t\t<div class=\"e-con-inner\">\n\t\t\t\t\t<\/div>\n\t\t\t\t<\/div>\n\t\t\t\t\t<\/div>\n\t\t\t\t<\/div>\n\t\t\t\t\t<\/div>\n\t\t\t\t<\/div>\n\t\t<div class=\"elementor-element elementor-element-256ac5e e-flex e-con-boxed e-con e-parent\" data-id=\"256ac5e\" data-element_type=\"container\" data-settings=\"{&quot;background_background&quot;:&quot;classic&quot;}\">\n\t\t\t\t\t<div class=\"e-con-inner\">\n\t\t<div class=\"elementor-element elementor-element-bd0c87a e-flex e-con-boxed e-con e-child\" data-id=\"bd0c87a\" data-element_type=\"container\">\n\t\t\t\t\t<div class=\"e-con-inner\">\n\t\t<div class=\"elementor-element elementor-element-2b51a82 e-flex e-con-boxed elementor-invisible e-con e-child\" data-id=\"2b51a82\" data-element_type=\"container\" data-settings=\"{&quot;background_background&quot;:&quot;classic&quot;,&quot;animation&quot;:&quot;fadeInUp&quot;}\">\n\t\t\t\t\t<div class=\"e-con-inner\">\n\t\t\t\t<div class=\"elementor-element elementor-element-8539a1e elementor-widget elementor-widget-text-editor\" data-id=\"8539a1e\" data-element_type=\"widget\" data-widget_type=\"text-editor.default\">\n\t\t\t\t<div class=\"elementor-widget-container\">\n\t\t\t\t\t\t\t<p>1.<\/p>\n\t\t\t\t\t\t<\/div>\n\t\t\t\t<\/div>\n\t\t\t\t<div class=\"elementor-element elementor-element-62d4116 elementor-widget elementor-widget-text-editor\" data-id=\"62d4116\" data-element_type=\"widget\" data-widget_type=\"text-editor.default\">\n\t\t\t\t<div class=\"elementor-widget-container\">\n\t\t\t\t\t\t\t<h5>Orientaci\u00f3 al client<\/h5>\n<p>Col\u00b7loquem les necessitats dels nostres clients al centre de la nostra operaci\u00f3. La nostra orientaci\u00f3 al client es manifesta en solucions personalitzades, atenci\u00f3 dedicada i la constant recerca de superar les expectatives. Ens esforcem per construir relacions a llarg termini basades en la confian\u00e7a i la satisfacci\u00f3.<\/p>\n\t\t\t\t\t\t<\/div>\n\t\t\t\t<\/div>\n\t\t\t\t\t<\/div>\n\t\t\t\t<\/div>\n\t\t<div class=\"elementor-element elementor-element-6d38564 e-flex e-con-boxed elementor-invisible e-con e-child\" data-id=\"6d38564\" data-element_type=\"container\" data-settings=\"{&quot;background_background&quot;:&quot;classic&quot;,&quot;animation&quot;:&quot;fadeInUp&quot;}\">\n\t\t\t\t\t<div class=\"e-con-inner\">\n\t\t\t\t<div class=\"elementor-element elementor-element-4ff3d97 elementor-widget elementor-widget-text-editor\" data-id=\"4ff3d97\" data-element_type=\"widget\" data-widget_type=\"text-editor.default\">\n\t\t\t\t<div class=\"elementor-widget-container\">\n\t\t\t\t\t\t\t<p>2.<\/p>\n\t\t\t\t\t\t<\/div>\n\t\t\t\t<\/div>\n\t\t\t\t<div class=\"elementor-element elementor-element-e95ce58 elementor-widget elementor-widget-text-editor\" data-id=\"e95ce58\" data-element_type=\"widget\" data-widget_type=\"text-editor.default\">\n\t\t\t\t<div class=\"elementor-widget-container\">\n\t\t\t\t\t\t\t<h5>Innovaci\u00f3<\/h5>\n<p>Impulsa el nostre creixement i ens mant\u00e9 a l&#8217;avantguarda del sector. Busquem constantment noves tecnologies i enfocaments per millorar els nostres serveis, adoptant solucions innovadores que contribueixin a la sostenibilitat i efici\u00e8ncia en la gesti\u00f3 mediambiental.<\/p>\n\t\t\t\t\t\t<\/div>\n\t\t\t\t<\/div>\n\t\t\t\t\t<\/div>\n\t\t\t\t<\/div>\n\t\t<div class=\"elementor-element elementor-element-ffc3b94 e-flex e-con-boxed elementor-invisible e-con e-child\" data-id=\"ffc3b94\" data-element_type=\"container\" data-settings=\"{&quot;background_background&quot;:&quot;classic&quot;,&quot;animation&quot;:&quot;fadeInUp&quot;}\">\n\t\t\t\t\t<div class=\"e-con-inner\">\n\t\t\t\t<div class=\"elementor-element elementor-element-a6b7a46 elementor-widget elementor-widget-text-editor\" data-id=\"a6b7a46\" data-element_type=\"widget\" data-widget_type=\"text-editor.default\">\n\t\t\t\t<div class=\"elementor-widget-container\">\n\t\t\t\t\t\t\t<p>3.<\/p>\n\t\t\t\t\t\t<\/div>\n\t\t\t\t<\/div>\n\t\t\t\t<div class=\"elementor-element elementor-element-4a1ee35 elementor-widget elementor-widget-text-editor\" data-id=\"4a1ee35\" data-element_type=\"widget\" data-widget_type=\"text-editor.default\">\n\t\t\t\t<div class=\"elementor-widget-container\">\n\t\t\t\t\t\t\t<h5>Qualitat <\/h5>\n<p>Ens esforcem per mantenir els m\u00e9s alts est\u00e0ndards de qualitat en cada aspecte de la nostra operaci\u00f3. \u00c9s un comprom\u00eds que mantenim en cada acci\u00f3 que emprenem.<\/p>\n\t\t\t\t\t\t<\/div>\n\t\t\t\t<\/div>\n\t\t\t\t\t<\/div>\n\t\t\t\t<\/div>\n\t\t\t\t\t<\/div>\n\t\t\t\t<\/div>\n\t\t<div class=\"elementor-element elementor-element-7fb4c6c e-flex e-con-boxed e-con e-child\" data-id=\"7fb4c6c\" data-element_type=\"container\">\n\t\t\t\t\t<div class=\"e-con-inner\">\n\t\t<div class=\"elementor-element elementor-element-25bba54 e-flex e-con-boxed elementor-invisible e-con e-child\" data-id=\"25bba54\" data-element_type=\"container\" data-settings=\"{&quot;background_background&quot;:&quot;classic&quot;,&quot;animation&quot;:&quot;fadeInUp&quot;}\">\n\t\t\t\t\t<div class=\"e-con-inner\">\n\t\t\t\t<div class=\"elementor-element elementor-element-3de4fc2 elementor-widget elementor-widget-text-editor\" data-id=\"3de4fc2\" data-element_type=\"widget\" data-widget_type=\"text-editor.default\">\n\t\t\t\t<div class=\"elementor-widget-container\">\n\t\t\t\t\t\t\t<p>4.<\/p>\n\t\t\t\t\t\t<\/div>\n\t\t\t\t<\/div>\n\t\t\t\t<div class=\"elementor-element elementor-element-a3c2b1f elementor-widget elementor-widget-text-editor\" data-id=\"a3c2b1f\" data-element_type=\"widget\" data-widget_type=\"text-editor.default\">\n\t\t\t\t<div class=\"elementor-widget-container\">\n\t\t\t\t\t\t\t<h5>Equip<\/h5>\n<p>Disposem d\u2019un equip de persones altament compromeses i formades Fomentem un entorn de treball col\u00b7laboratiu i valorem la diversitat de talents i experi\u00e8ncies, reconeixent que el treball en equip \u00e9s fonamental per assolir l&#8217;\u00e8xit i oferir un servei excel\u00b7lent.<\/p>\n\t\t\t\t\t\t<\/div>\n\t\t\t\t<\/div>\n\t\t\t\t\t<\/div>\n\t\t\t\t<\/div>\n\t\t<div class=\"elementor-element elementor-element-321cfcd e-con-full e-flex elementor-invisible e-con e-child\" data-id=\"321cfcd\" data-element_type=\"container\" data-settings=\"{&quot;background_background&quot;:&quot;classic&quot;,&quot;animation&quot;:&quot;fadeInUp&quot;}\">\n\t\t\t\t<div class=\"elementor-element elementor-element-600e117 elementor-widget elementor-widget-text-editor\" data-id=\"600e117\" data-element_type=\"widget\" data-widget_type=\"text-editor.default\">\n\t\t\t\t<div class=\"elementor-widget-container\">\n\t\t\t\t\t\t\t<p>5.<\/p>\n\t\t\t\t\t\t<\/div>\n\t\t\t\t<\/div>\n\t\t\t\t<div class=\"elementor-element elementor-element-c674c50 elementor-widget elementor-widget-text-editor\" data-id=\"c674c50\" data-element_type=\"widget\" data-widget_type=\"text-editor.default\">\n\t\t\t\t<div class=\"elementor-widget-container\">\n\t\t\t\t\t\t\t<h5>Transpar\u00e8ncia i sostenibilitat<\/h5>\n<p>Destaquem per estar completament compromesos amb el medi ambient. Les nostres pr\u00e0ctiques s&#8217;orienten cap a la sostenibilitat, i cada decisi\u00f3 es pren amb l&#8217;objectiu de minimitzar el nostre impacte ambiental i contribuir positivament al benestar del planeta.<\/p>\n\t\t\t\t\t\t<\/div>\n\t\t\t\t<\/div>\n\t\t\t\t<\/div>\n\t\t<div class=\"elementor-element elementor-element-aa6f157 e-flex e-con-boxed elementor-invisible e-con e-child\" data-id=\"aa6f157\" data-element_type=\"container\" data-settings=\"{&quot;background_background&quot;:&quot;classic&quot;,&quot;animation&quot;:&quot;fadeInUp&quot;}\">\n\t\t\t\t\t<div class=\"e-con-inner\">\n\t\t\t\t\t<\/div>\n\t\t\t\t<\/div>\n\t\t\t\t\t<\/div>\n\t\t\t\t<\/div>\n\t\t\t\t\t<\/div>\n\t\t\t\t<\/div>\n\t\t\t\t<\/div>\n\t\t","protected":false},"excerpt":{"rendered":"<p>Nosaltres Diferenciaci\u00f3 L&#8217;\u00e8xit del nostre projecte es basa en una s\u00e8rie d&#8217;atributs clau que defineixen la nostra identitat i ens consoliden com a referent en la gesti\u00f3 mediambiental. Aquests pilars no nom\u00e9s representen la nostra forma d&#8217;operar, sin\u00f3 tamb\u00e9 el nostre ferm comprom\u00eds amb l&#8217;excel\u00b7l\u00e8ncia i la sostenibilitat. 1. Orientaci\u00f3 al client Col\u00b7loquem les necessitats [&hellip;]<\/p>\n","protected":false},"author":1,"featured_media":0,"parent":4669,"menu_order":0,"comment_status":"closed","ping_status":"closed","template":"","meta":{"_acf_changed":false,"footnotes":""},"class_list":["post-2319","page","type-page","status-publish","hentry"],"acf":[],"yoast_head":"<!-- This site is optimized with the Yoast SEO plugin v23.8 - https:\/\/yoast.com\/wordpress\/plugins\/seo\/ -->\n<title>Diferenciaci\u00f3 i identitat de Sircat - Sircat<\/title>\n<meta name=\"description\" content=\"Descobreix la diferenciaci\u00f3 de Sircat: innovaci\u00f3, comprom\u00eds ambiental i solucions personalitzades que ens destaquen en la gesti\u00f3 de residus. Coneix-nos m\u00e9s!\" \/>\n<meta name=\"robots\" content=\"index, follow, max-snippet:-1, max-image-preview:large, max-video-preview:-1\" \/>\n<link rel=\"canonical\" href=\"https:\/\/sircat.com\/ca\/nosaltres\/diferenciacio\/\" \/>\n<meta property=\"og:locale\" content=\"ca_ES\" \/>\n<meta property=\"og:type\" content=\"article\" \/>\n<meta property=\"og:title\" content=\"Diferenciaci\u00f3 i identitat de Sircat - Sircat\" \/>\n<meta property=\"og:description\" content=\"Descobreix la diferenciaci\u00f3 de Sircat: innovaci\u00f3, comprom\u00eds ambiental i solucions personalitzades que ens destaquen en la gesti\u00f3 de residus. Coneix-nos m\u00e9s!\" \/>\n<meta property=\"og:url\" content=\"https:\/\/sircat.com\/ca\/nosaltres\/diferenciacio\/\" \/>\n<meta property=\"og:site_name\" content=\"Sircat\" \/>\n<meta property=\"article:modified_time\" content=\"2024-11-26T13:00:39+00:00\" \/>\n<meta name=\"twitter:card\" content=\"summary_large_image\" \/>\n<meta name=\"twitter:label1\" content=\"Temps estimat de lectura\" \/>\n\t<meta name=\"twitter:data1\" content=\"2 minuts\" \/>\n<script type=\"application\/ld+json\" class=\"yoast-schema-graph\">{\"@context\":\"https:\/\/schema.org\",\"@graph\":[{\"@type\":\"WebPage\",\"@id\":\"https:\/\/sircat.com\/ca\/nosaltres\/diferenciacio\/\",\"url\":\"https:\/\/sircat.com\/ca\/nosaltres\/diferenciacio\/\",\"name\":\"Diferenciaci\u00f3 i identitat de Sircat - Sircat\",\"isPartOf\":{\"@id\":\"https:\/\/sircat.com\/#website\"},\"datePublished\":\"2024-05-24T09:04:39+00:00\",\"dateModified\":\"2024-11-26T13:00:39+00:00\",\"description\":\"Descobreix la diferenciaci\u00f3 de Sircat: innovaci\u00f3, comprom\u00eds ambiental i solucions personalitzades que ens destaquen en la gesti\u00f3 de residus. Coneix-nos m\u00e9s!\",\"breadcrumb\":{\"@id\":\"https:\/\/sircat.com\/ca\/nosaltres\/diferenciacio\/#breadcrumb\"},\"inLanguage\":\"ca\",\"potentialAction\":[{\"@type\":\"ReadAction\",\"target\":[\"https:\/\/sircat.com\/ca\/nosaltres\/diferenciacio\/\"]}]},{\"@type\":\"BreadcrumbList\",\"@id\":\"https:\/\/sircat.com\/ca\/nosaltres\/diferenciacio\/#breadcrumb\",\"itemListElement\":[{\"@type\":\"ListItem\",\"position\":1,\"name\":\"Portada\",\"item\":\"https:\/\/sircat.com\/\"},{\"@type\":\"ListItem\",\"position\":2,\"name\":\"Nosaltres\",\"item\":\"https:\/\/sircat.com\/ca\/nosaltres\/\"},{\"@type\":\"ListItem\",\"position\":3,\"name\":\"Diferenciaci\u00f3\"}]},{\"@type\":\"WebSite\",\"@id\":\"https:\/\/sircat.com\/#website\",\"url\":\"https:\/\/sircat.com\/\",\"name\":\"Sircat\",\"description\":\"Servicios Medioambientales a todo tipo de empresas\",\"publisher\":{\"@id\":\"https:\/\/sircat.com\/#organization\"},\"potentialAction\":[{\"@type\":\"SearchAction\",\"target\":{\"@type\":\"EntryPoint\",\"urlTemplate\":\"https:\/\/sircat.com\/?s={search_term_string}\"},\"query-input\":{\"@type\":\"PropertyValueSpecification\",\"valueRequired\":true,\"valueName\":\"search_term_string\"}}],\"inLanguage\":\"ca\"},{\"@type\":\"Organization\",\"@id\":\"https:\/\/sircat.com\/#organization\",\"name\":\"Sircat\",\"url\":\"https:\/\/sircat.com\/\",\"logo\":{\"@type\":\"ImageObject\",\"inLanguage\":\"ca\",\"@id\":\"https:\/\/sircat.com\/#\/schema\/logo\/image\/\",\"url\":\"https:\/\/sircat.com\/wp-content\/uploads\/2024\/05\/sircat.svg\",\"contentUrl\":\"https:\/\/sircat.com\/wp-content\/uploads\/2024\/05\/sircat.svg\",\"width\":292,\"height\":80,\"caption\":\"Sircat\"},\"image\":{\"@id\":\"https:\/\/sircat.com\/#\/schema\/logo\/image\/\"}}]}<\/script>\n<!-- \/ Yoast SEO plugin. -->","yoast_head_json":{"title":"Diferenciaci\u00f3 i identitat de Sircat - Sircat","description":"Descobreix la diferenciaci\u00f3 de Sircat: innovaci\u00f3, comprom\u00eds ambiental i solucions personalitzades que ens destaquen en la gesti\u00f3 de residus. Coneix-nos m\u00e9s!","robots":{"index":"index","follow":"follow","max-snippet":"max-snippet:-1","max-image-preview":"max-image-preview:large","max-video-preview":"max-video-preview:-1"},"canonical":"https:\/\/sircat.com\/ca\/nosaltres\/diferenciacio\/","og_locale":"ca_ES","og_type":"article","og_title":"Diferenciaci\u00f3 i identitat de Sircat - Sircat","og_description":"Descobreix la diferenciaci\u00f3 de Sircat: innovaci\u00f3, comprom\u00eds ambiental i solucions personalitzades que ens destaquen en la gesti\u00f3 de residus. Coneix-nos m\u00e9s!","og_url":"https:\/\/sircat.com\/ca\/nosaltres\/diferenciacio\/","og_site_name":"Sircat","article_modified_time":"2024-11-26T13:00:39+00:00","twitter_card":"summary_large_image","twitter_misc":{"Temps estimat de lectura":"2 minuts"},"schema":{"@context":"https:\/\/schema.org","@graph":[{"@type":"WebPage","@id":"https:\/\/sircat.com\/ca\/nosaltres\/diferenciacio\/","url":"https:\/\/sircat.com\/ca\/nosaltres\/diferenciacio\/","name":"Diferenciaci\u00f3 i identitat de Sircat - Sircat","isPartOf":{"@id":"https:\/\/sircat.com\/#website"},"datePublished":"2024-05-24T09:04:39+00:00","dateModified":"2024-11-26T13:00:39+00:00","description":"Descobreix la diferenciaci\u00f3 de Sircat: innovaci\u00f3, comprom\u00eds ambiental i solucions personalitzades que ens destaquen en la gesti\u00f3 de residus. Coneix-nos m\u00e9s!","breadcrumb":{"@id":"https:\/\/sircat.com\/ca\/nosaltres\/diferenciacio\/#breadcrumb"},"inLanguage":"ca","potentialAction":[{"@type":"ReadAction","target":["https:\/\/sircat.com\/ca\/nosaltres\/diferenciacio\/"]}]},{"@type":"BreadcrumbList","@id":"https:\/\/sircat.com\/ca\/nosaltres\/diferenciacio\/#breadcrumb","itemListElement":[{"@type":"ListItem","position":1,"name":"Portada","item":"https:\/\/sircat.com\/"},{"@type":"ListItem","position":2,"name":"Nosaltres","item":"https:\/\/sircat.com\/ca\/nosaltres\/"},{"@type":"ListItem","position":3,"name":"Diferenciaci\u00f3"}]},{"@type":"WebSite","@id":"https:\/\/sircat.com\/#website","url":"https:\/\/sircat.com\/","name":"Sircat","description":"Servicios Medioambientales a todo tipo de empresas","publisher":{"@id":"https:\/\/sircat.com\/#organization"},"potentialAction":[{"@type":"SearchAction","target":{"@type":"EntryPoint","urlTemplate":"https:\/\/sircat.com\/?s={search_term_string}"},"query-input":{"@type":"PropertyValueSpecification","valueRequired":true,"valueName":"search_term_string"}}],"inLanguage":"ca"},{"@type":"Organization","@id":"https:\/\/sircat.com\/#organization","name":"Sircat","url":"https:\/\/sircat.com\/","logo":{"@type":"ImageObject","inLanguage":"ca","@id":"https:\/\/sircat.com\/#\/schema\/logo\/image\/","url":"https:\/\/sircat.com\/wp-content\/uploads\/2024\/05\/sircat.svg","contentUrl":"https:\/\/sircat.com\/wp-content\/uploads\/2024\/05\/sircat.svg","width":292,"height":80,"caption":"Sircat"},"image":{"@id":"https:\/\/sircat.com\/#\/schema\/logo\/image\/"}}]}},"_links":{"self":[{"href":"https:\/\/sircat.com\/ca\/wp-json\/wp\/v2\/pages\/2319","targetHints":{"allow":["GET"]}}],"collection":[{"href":"https:\/\/sircat.com\/ca\/wp-json\/wp\/v2\/pages"}],"about":[{"href":"https:\/\/sircat.com\/ca\/wp-json\/wp\/v2\/types\/page"}],"author":[{"embeddable":true,"href":"https:\/\/sircat.com\/ca\/wp-json\/wp\/v2\/users\/1"}],"replies":[{"embeddable":true,"href":"https:\/\/sircat.com\/ca\/wp-json\/wp\/v2\/comments?post=2319"}],"version-history":[{"count":6,"href":"https:\/\/sircat.com\/ca\/wp-json\/wp\/v2\/pages\/2319\/revisions"}],"predecessor-version":[{"id":4157,"href":"https:\/\/sircat.com\/ca\/wp-json\/wp\/v2\/pages\/2319\/revisions\/4157"}],"up":[{"embeddable":true,"href":"https:\/\/sircat.com\/ca\/wp-json\/wp\/v2\/pages\/4669"}],"wp:attachment":[{"href":"https:\/\/sircat.com\/ca\/wp-json\/wp\/v2\/media?parent=2319"}],"curies":[{"name":"wp","href":"https:\/\/api.w.org\/{rel}","templated":true}]}}