{"id":2313,"date":"2024-05-24T09:03:57","date_gmt":"2024-05-24T09:03:57","guid":{"rendered":"https:\/\/321brand.net\/sircat\/caracteritzacio-de-residus\/"},"modified":"2024-11-26T12:37:22","modified_gmt":"2024-11-26T12:37:22","slug":"caracteritzacio-de-residus","status":"publish","type":"page","link":"https:\/\/sircat.com\/ca\/serveis\/caracteritzacio-de-residus\/","title":{"rendered":"Caracteritzaci\u00f3 de residus"},"content":{"rendered":"\t\t<div data-elementor-type=\"wp-page\" data-elementor-id=\"2313\" class=\"elementor elementor-2313 elementor-38\" data-elementor-post-type=\"page\">\n\t\t\t\t<div class=\"elementor-element elementor-element-724a3b7 e-flex e-con-boxed elementor-invisible e-con e-parent\" data-id=\"724a3b7\" data-element_type=\"container\" data-settings=\"{&quot;background_background&quot;:&quot;classic&quot;,&quot;animation&quot;:&quot;fadeInUp&quot;}\">\n\t\t\t\t\t<div class=\"e-con-inner\">\n\t\t<div class=\"elementor-element elementor-element-4349dc5 e-flex e-con-boxed e-con e-child\" data-id=\"4349dc5\" data-element_type=\"container\">\n\t\t\t\t\t<div class=\"e-con-inner\">\n\t\t<div class=\"elementor-element elementor-element-31a0800 e-flex e-con-boxed e-con e-child\" data-id=\"31a0800\" data-element_type=\"container\">\n\t\t\t\t\t<div class=\"e-con-inner\">\n\t\t\t\t<div class=\"elementor-element elementor-element-e474c92 elementor-widget elementor-widget-text-editor\" data-id=\"e474c92\" data-element_type=\"widget\" data-widget_type=\"text-editor.default\">\n\t\t\t\t<div class=\"elementor-widget-container\">\n\t\t\t\t\t\t\t<p>Serveis<\/p>\n\t\t\t\t\t\t<\/div>\n\t\t\t\t<\/div>\n\t\t\t\t\t<\/div>\n\t\t\t\t<\/div>\n\t\t\t\t\t<\/div>\n\t\t\t\t<\/div>\n\t\t<div class=\"elementor-element elementor-element-8f4856b e-flex e-con-boxed e-con e-child\" data-id=\"8f4856b\" data-element_type=\"container\">\n\t\t\t\t\t<div class=\"e-con-inner\">\n\t\t<div class=\"elementor-element elementor-element-02c470d e-con-full e-flex e-con e-child\" data-id=\"02c470d\" data-element_type=\"container\">\n\t\t\t\t<div class=\"elementor-element elementor-element-078b691 elementor-widget elementor-widget-text-editor\" data-id=\"078b691\" data-element_type=\"widget\" data-widget_type=\"text-editor.default\">\n\t\t\t\t<div class=\"elementor-widget-container\">\n\t\t\t\t\t\t\t<h1>Caracteritzaci\u00f3 de residus<\/h1>\n\t\t\t\t\t\t<\/div>\n\t\t\t\t<\/div>\n\t\t\t\t<\/div>\n\t\t<div class=\"elementor-element elementor-element-b7c7bd6 e-con-full e-flex e-con e-child\" data-id=\"b7c7bd6\" data-element_type=\"container\">\n\t\t\t\t<\/div>\n\t\t<div class=\"elementor-element elementor-element-d63b8ac e-flex e-con-boxed e-con e-child\" data-id=\"d63b8ac\" data-element_type=\"container\">\n\t\t\t\t\t<div class=\"e-con-inner\">\n\t\t\t\t<div class=\"elementor-element elementor-element-6b2a0e1 elementor-widget elementor-widget-text-editor\" data-id=\"6b2a0e1\" data-element_type=\"widget\" data-widget_type=\"text-editor.default\">\n\t\t\t\t<div class=\"elementor-widget-container\">\n\t\t\t\t\t\t\t<h5>El servei de caracteritzaci\u00f3 de residus est\u00e0 dissenyat per proporcionar a les empreses una comprensi\u00f3 detallada de la composici\u00f3 i caracter\u00edstiques dels seus residus.<\/h5>\n\t\t\t\t\t\t<\/div>\n\t\t\t\t<\/div>\n\t\t\t\t\t<\/div>\n\t\t\t\t<\/div>\n\t\t\t\t\t<\/div>\n\t\t\t\t<\/div>\n\t\t\t\t\t<\/div>\n\t\t\t\t<\/div>\n\t\t<div class=\"elementor-element elementor-element-9b8cc65 e-flex e-con-boxed elementor-invisible e-con e-parent\" data-id=\"9b8cc65\" data-element_type=\"container\" data-settings=\"{&quot;background_background&quot;:&quot;classic&quot;,&quot;animation&quot;:&quot;fadeInUp&quot;}\">\n\t\t\t\t\t<div class=\"e-con-inner\">\n\t\t\t\t\t<\/div>\n\t\t\t\t<\/div>\n\t\t<div class=\"elementor-element elementor-element-52483a2 e-flex e-con-boxed e-con e-parent\" data-id=\"52483a2\" data-element_type=\"container\" data-settings=\"{&quot;background_background&quot;:&quot;classic&quot;}\">\n\t\t\t\t\t<div class=\"e-con-inner\">\n\t\t<div class=\"elementor-element elementor-element-44df122 e-flex e-con-boxed e-con e-child\" data-id=\"44df122\" data-element_type=\"container\">\n\t\t\t\t\t<div class=\"e-con-inner\">\n\t\t<div class=\"elementor-element elementor-element-831cc12 e-con-full e-flex elementor-invisible e-con e-child\" data-id=\"831cc12\" data-element_type=\"container\" data-settings=\"{&quot;animation&quot;:&quot;fadeInUp&quot;}\">\n\t\t\t\t<div class=\"elementor-element elementor-element-57639b2 elementor-widget elementor-widget-text-editor\" data-id=\"57639b2\" data-element_type=\"widget\" data-widget_type=\"text-editor.default\">\n\t\t\t\t<div class=\"elementor-widget-container\">\n\t\t\t\t\t\t\t<p>Comptem amb laboratori propi i laboratoris externs certificats.<\/p>\n\t\t\t\t\t\t<\/div>\n\t\t\t\t<\/div>\n\t\t\t\t<\/div>\n\t\t<div class=\"elementor-element elementor-element-ba1102d e-con-full elementor-hidden-mobile e-flex e-con e-child\" data-id=\"ba1102d\" data-element_type=\"container\">\n\t\t\t\t<\/div>\n\t\t<div class=\"elementor-element elementor-element-b3c3ccb e-flex e-con-boxed e-con e-child\" data-id=\"b3c3ccb\" data-element_type=\"container\">\n\t\t\t\t\t<div class=\"e-con-inner\">\n\t\t\t\t\t<\/div>\n\t\t\t\t<\/div>\n\t\t\t\t\t<\/div>\n\t\t\t\t<\/div>\n\t\t\t\t\t<\/div>\n\t\t\t\t<\/div>\n\t\t<div class=\"elementor-element elementor-element-03de4f8 e-flex e-con-boxed e-con e-parent\" data-id=\"03de4f8\" data-element_type=\"container\" data-settings=\"{&quot;background_background&quot;:&quot;classic&quot;}\">\n\t\t\t\t\t<div class=\"e-con-inner\">\n\t\t<div class=\"elementor-element elementor-element-3579dce e-con-full e-flex elementor-invisible e-con e-child\" data-id=\"3579dce\" data-element_type=\"container\" data-settings=\"{&quot;background_background&quot;:&quot;classic&quot;,&quot;animation&quot;:&quot;fadeInUp&quot;}\">\n\t\t\t\t<div class=\"elementor-element elementor-element-6b4428b elementor-widget elementor-widget-text-editor\" data-id=\"6b4428b\" data-element_type=\"widget\" data-widget_type=\"text-editor.default\">\n\t\t\t\t<div class=\"elementor-widget-container\">\n\t\t\t\t\t\t\t<h5><img decoding=\"async\" class=\"alignnone wp-image-621\" src=\"https:\/\/sircat.com\/wp-content\/uploads\/2024\/07\/icon_Analisis.svg\" alt=\"An\u00e0lisi\" width=\"60\" height=\"60\"><\/h5>\n<h5>An\u00e0lisi<\/h5>\n<p>Realitzem una an\u00e0lisi de laboratori sobre la composici\u00f3 dels residus, identificant els materials presents i les seves proporcions relatives. <\/p>\n\t\t\t\t\t\t<\/div>\n\t\t\t\t<\/div>\n\t\t\t\t<\/div>\n\t\t<div class=\"elementor-element elementor-element-1f710f3 e-con-full e-flex elementor-invisible e-con e-child\" data-id=\"1f710f3\" data-element_type=\"container\" data-settings=\"{&quot;background_background&quot;:&quot;classic&quot;,&quot;animation&quot;:&quot;fadeInUp&quot;}\">\n\t\t\t\t<div class=\"elementor-element elementor-element-e2740a4 elementor-widget elementor-widget-text-editor\" data-id=\"e2740a4\" data-element_type=\"widget\" data-widget_type=\"text-editor.default\">\n\t\t\t\t<div class=\"elementor-widget-container\">\n\t\t\t\t\t\t\t<h5><img decoding=\"async\" class=\"alignnone wp-image-667\" src=\"https:\/\/sircat.com\/wp-content\/uploads\/2024\/07\/icon_Sostenibilidad.svg\" alt=\"sostenibilitat\" width=\"63\" height=\"60\"><\/h5>\n<h5>An\u00e0lisi de potencial de reciclatge<\/h5>\n<p>D&#8217;acord amb la seva caracteritzaci\u00f3 busquem les vies de reciclatge \u00f2ptimes. <\/p>\n\t\t\t\t\t\t<\/div>\n\t\t\t\t<\/div>\n\t\t\t\t<\/div>\n\t\t\t\t\t<\/div>\n\t\t\t\t<\/div>\n\t\t<div class=\"elementor-element elementor-element-f9cd5d9 e-flex e-con-boxed e-con e-parent\" data-id=\"f9cd5d9\" data-element_type=\"container\" data-settings=\"{&quot;background_background&quot;:&quot;classic&quot;}\">\n\t\t\t\t\t<div class=\"e-con-inner\">\n\t\t<div class=\"elementor-element elementor-element-12a805c e-con-full e-flex elementor-invisible e-con e-child\" data-id=\"12a805c\" data-element_type=\"container\" data-settings=\"{&quot;background_background&quot;:&quot;classic&quot;,&quot;animation&quot;:&quot;fadeInUp&quot;}\">\n\t\t\t\t<div class=\"elementor-element elementor-element-3185dfb elementor-widget elementor-widget-text-editor\" data-id=\"3185dfb\" data-element_type=\"widget\" data-widget_type=\"text-editor.default\">\n\t\t\t\t<div class=\"elementor-widget-container\">\n\t\t\t\t\t\t\t<h5><img decoding=\"async\" class=\"alignnone wp-image-663\" src=\"https:\/\/sircat.com\/wp-content\/uploads\/2024\/07\/icon_Residuo-peligroso.svg\" alt=\"residus perillosos\" width=\"49\" height=\"60\"><\/h5>\n<h5>Identificaci\u00f3 de residus perillosos<\/p>\n<\/h5>\n<p>El nostre servei inclou la identificaci\u00f3 de qualsevol residu que pugui classificar-se com a perill\u00f3s, assegurant un maneig adequat i compliment de les regulacions ambientals.<\/p>\n\t\t\t\t\t\t<\/div>\n\t\t\t\t<\/div>\n\t\t\t\t<\/div>\n\t\t<div class=\"elementor-element elementor-element-67b2948 e-con-full e-flex elementor-invisible e-con e-child\" data-id=\"67b2948\" data-element_type=\"container\" data-settings=\"{&quot;background_background&quot;:&quot;classic&quot;,&quot;animation&quot;:&quot;fadeInUp&quot;}\">\n\t\t\t\t<\/div>\n\t\t\t\t\t<\/div>\n\t\t\t\t<\/div>\n\t\t<div class=\"elementor-element elementor-element-23a20e8 e-flex e-con-boxed elementor-invisible e-con e-parent\" data-id=\"23a20e8\" data-element_type=\"container\" data-settings=\"{&quot;background_background&quot;:&quot;classic&quot;,&quot;animation&quot;:&quot;fadeInUp&quot;}\">\n\t\t\t\t\t<div class=\"e-con-inner\">\n\t\t<div class=\"elementor-element elementor-element-efe799c e-con-full e-flex e-con e-child\" data-id=\"efe799c\" data-element_type=\"container\">\n\t\t\t\t<div class=\"elementor-element elementor-element-5957ad2 elementor-widget elementor-widget-text-editor\" data-id=\"5957ad2\" data-element_type=\"widget\" data-widget_type=\"text-editor.default\">\n\t\t\t\t<div class=\"elementor-widget-container\">\n\t\t\t\t\t\t\t<h4><span style=\"color: #ffffff;\">Si necessites m\u00e9s informaci\u00f3 sobre les nostres plantes de gesti\u00f3, vols sol\u00b7licitar algun dels nostres serveis o vols saber-ne m\u00e9s sobre la nostra companyia<\/p>\n<p><\/span><\/h4>\n\t\t\t\t\t\t<\/div>\n\t\t\t\t<\/div>\n\t\t\t\t<\/div>\n\t\t<div class=\"elementor-element elementor-element-da4a14d e-flex e-con-boxed e-con e-child\" data-id=\"da4a14d\" data-element_type=\"container\">\n\t\t\t\t\t<div class=\"e-con-inner\">\n\t\t\t\t<div class=\"elementor-element elementor-element-c6e3ce0 elementor-align-center elementor-widget elementor-widget-button\" data-id=\"c6e3ce0\" data-element_type=\"widget\" data-widget_type=\"button.default\">\n\t\t\t\t<div class=\"elementor-widget-container\">\n\t\t\t\t\t<div class=\"elementor-button-wrapper\">\n\t\t\t<a class=\"elementor-button elementor-button-link elementor-size-sm\" href=\"#\">\n\t\t\t\t\t\t<span class=\"elementor-button-content-wrapper\">\n\t\t\t\t\t\t\t\t\t<span class=\"elementor-button-text\">Sol\u00b7licitar informaci\u00f3<\/span>\n\t\t\t\t\t<\/span>\n\t\t\t\t\t<\/a>\n\t\t<\/div>\n\t\t\t\t<\/div>\n\t\t\t\t<\/div>\n\t\t\t\t\t<\/div>\n\t\t\t\t<\/div>\n\t\t\t\t\t<\/div>\n\t\t\t\t<\/div>\n\t\t\t\t<\/div>\n\t\t","protected":false},"excerpt":{"rendered":"<p>Serveis Caracteritzaci\u00f3 de residus El servei de caracteritzaci\u00f3 de residus est\u00e0 dissenyat per proporcionar a les empreses una comprensi\u00f3 detallada de la composici\u00f3 i caracter\u00edstiques dels seus residus. Comptem amb laboratori propi i laboratoris externs certificats. An\u00e0lisi Realitzem una an\u00e0lisi de laboratori sobre la composici\u00f3 dels residus, identificant els materials presents i les seves proporcions [&hellip;]<\/p>\n","protected":false},"author":1,"featured_media":0,"parent":3850,"menu_order":0,"comment_status":"closed","ping_status":"closed","template":"","meta":{"_acf_changed":false,"footnotes":""},"class_list":["post-2313","page","type-page","status-publish","hentry"],"acf":[],"yoast_head":"<!-- This site is optimized with the Yoast SEO plugin v23.8 - https:\/\/yoast.com\/wordpress\/plugins\/seo\/ -->\n<title>Caracteritzaci\u00f3 de residus per a empreses - Sircat<\/title>\n<meta name=\"description\" content=\"Garanteix la gesti\u00f3 adequada de residus amb el nostre servei de caracteritzaci\u00f3. Precisi\u00f3, compliment normatiu i cura ambiental. Crida&#039;ns avui!\" \/>\n<meta name=\"robots\" content=\"index, follow, max-snippet:-1, max-image-preview:large, max-video-preview:-1\" \/>\n<link rel=\"canonical\" href=\"https:\/\/sircat.com\/servicios\/caracterizacion-de-residuos\/\" \/>\n<meta property=\"og:locale\" content=\"ca_ES\" \/>\n<meta property=\"og:type\" content=\"article\" \/>\n<meta property=\"og:title\" content=\"Caracteritzaci\u00f3 de residus per a empreses - Sircat\" \/>\n<meta property=\"og:description\" content=\"Garanteix la gesti\u00f3 adequada de residus amb el nostre servei de caracteritzaci\u00f3. Precisi\u00f3, compliment normatiu i cura ambiental. Crida&#039;ns avui!\" \/>\n<meta property=\"og:url\" content=\"https:\/\/sircat.com\/servicios\/caracterizacion-de-residuos\/\" \/>\n<meta property=\"og:site_name\" content=\"Sircat\" \/>\n<meta property=\"article:modified_time\" content=\"2024-11-26T12:37:22+00:00\" \/>\n<meta property=\"og:image\" content=\"https:\/\/sircat.com\/wp-content\/uploads\/2024\/07\/icon_Analisis.svg\" \/>\n<meta name=\"twitter:card\" content=\"summary_large_image\" \/>\n<meta name=\"twitter:label1\" content=\"Temps estimat de lectura\" \/>\n\t<meta name=\"twitter:data1\" content=\"2 minuts\" \/>\n<script type=\"application\/ld+json\" class=\"yoast-schema-graph\">{\"@context\":\"https:\/\/schema.org\",\"@graph\":[{\"@type\":\"WebPage\",\"@id\":\"https:\/\/sircat.com\/servicios\/caracterizacion-de-residuos\/\",\"url\":\"https:\/\/sircat.com\/servicios\/caracterizacion-de-residuos\/\",\"name\":\"Caracteritzaci\u00f3 de residus per a empreses - Sircat\",\"isPartOf\":{\"@id\":\"https:\/\/sircat.com\/#website\"},\"primaryImageOfPage\":{\"@id\":\"https:\/\/sircat.com\/servicios\/caracterizacion-de-residuos\/#primaryimage\"},\"image\":{\"@id\":\"https:\/\/sircat.com\/servicios\/caracterizacion-de-residuos\/#primaryimage\"},\"thumbnailUrl\":\"https:\/\/sircat.com\/wp-content\/uploads\/2024\/07\/icon_Analisis.svg\",\"datePublished\":\"2024-05-24T09:03:57+00:00\",\"dateModified\":\"2024-11-26T12:37:22+00:00\",\"description\":\"Garanteix la gesti\u00f3 adequada de residus amb el nostre servei de caracteritzaci\u00f3. Precisi\u00f3, compliment normatiu i cura ambiental. Crida'ns avui!\",\"breadcrumb\":{\"@id\":\"https:\/\/sircat.com\/servicios\/caracterizacion-de-residuos\/#breadcrumb\"},\"inLanguage\":\"ca\",\"potentialAction\":[{\"@type\":\"ReadAction\",\"target\":[\"https:\/\/sircat.com\/servicios\/caracterizacion-de-residuos\/\"]}]},{\"@type\":\"ImageObject\",\"inLanguage\":\"ca\",\"@id\":\"https:\/\/sircat.com\/servicios\/caracterizacion-de-residuos\/#primaryimage\",\"url\":\"https:\/\/sircat.com\/wp-content\/uploads\/2024\/07\/icon_Analisis.svg\",\"contentUrl\":\"https:\/\/sircat.com\/wp-content\/uploads\/2024\/07\/icon_Analisis.svg\"},{\"@type\":\"BreadcrumbList\",\"@id\":\"https:\/\/sircat.com\/servicios\/caracterizacion-de-residuos\/#breadcrumb\",\"itemListElement\":[{\"@type\":\"ListItem\",\"position\":1,\"name\":\"Portada\",\"item\":\"https:\/\/sircat.com\/\"},{\"@type\":\"ListItem\",\"position\":2,\"name\":\"Serveis\",\"item\":\"https:\/\/sircat.com\/servicios\/\"},{\"@type\":\"ListItem\",\"position\":3,\"name\":\"Caracteritzaci\u00f3 de residus\"}]},{\"@type\":\"WebSite\",\"@id\":\"https:\/\/sircat.com\/#website\",\"url\":\"https:\/\/sircat.com\/\",\"name\":\"Sircat\",\"description\":\"Servicios Medioambientales a todo tipo de empresas\",\"publisher\":{\"@id\":\"https:\/\/sircat.com\/#organization\"},\"potentialAction\":[{\"@type\":\"SearchAction\",\"target\":{\"@type\":\"EntryPoint\",\"urlTemplate\":\"https:\/\/sircat.com\/?s={search_term_string}\"},\"query-input\":{\"@type\":\"PropertyValueSpecification\",\"valueRequired\":true,\"valueName\":\"search_term_string\"}}],\"inLanguage\":\"ca\"},{\"@type\":\"Organization\",\"@id\":\"https:\/\/sircat.com\/#organization\",\"name\":\"Sircat\",\"url\":\"https:\/\/sircat.com\/\",\"logo\":{\"@type\":\"ImageObject\",\"inLanguage\":\"ca\",\"@id\":\"https:\/\/sircat.com\/#\/schema\/logo\/image\/\",\"url\":\"https:\/\/sircat.com\/wp-content\/uploads\/2024\/05\/sircat.svg\",\"contentUrl\":\"https:\/\/sircat.com\/wp-content\/uploads\/2024\/05\/sircat.svg\",\"width\":292,\"height\":80,\"caption\":\"Sircat\"},\"image\":{\"@id\":\"https:\/\/sircat.com\/#\/schema\/logo\/image\/\"}}]}<\/script>\n<!-- \/ Yoast SEO plugin. -->","yoast_head_json":{"title":"Caracteritzaci\u00f3 de residus per a empreses - Sircat","description":"Garanteix la gesti\u00f3 adequada de residus amb el nostre servei de caracteritzaci\u00f3. Precisi\u00f3, compliment normatiu i cura ambiental. Crida'ns avui!","robots":{"index":"index","follow":"follow","max-snippet":"max-snippet:-1","max-image-preview":"max-image-preview:large","max-video-preview":"max-video-preview:-1"},"canonical":"https:\/\/sircat.com\/servicios\/caracterizacion-de-residuos\/","og_locale":"ca_ES","og_type":"article","og_title":"Caracteritzaci\u00f3 de residus per a empreses - Sircat","og_description":"Garanteix la gesti\u00f3 adequada de residus amb el nostre servei de caracteritzaci\u00f3. Precisi\u00f3, compliment normatiu i cura ambiental. Crida'ns avui!","og_url":"https:\/\/sircat.com\/servicios\/caracterizacion-de-residuos\/","og_site_name":"Sircat","article_modified_time":"2024-11-26T12:37:22+00:00","og_image":[{"url":"https:\/\/sircat.com\/wp-content\/uploads\/2024\/07\/icon_Analisis.svg"}],"twitter_card":"summary_large_image","twitter_misc":{"Temps estimat de lectura":"2 minuts"},"schema":{"@context":"https:\/\/schema.org","@graph":[{"@type":"WebPage","@id":"https:\/\/sircat.com\/servicios\/caracterizacion-de-residuos\/","url":"https:\/\/sircat.com\/servicios\/caracterizacion-de-residuos\/","name":"Caracteritzaci\u00f3 de residus per a empreses - Sircat","isPartOf":{"@id":"https:\/\/sircat.com\/#website"},"primaryImageOfPage":{"@id":"https:\/\/sircat.com\/servicios\/caracterizacion-de-residuos\/#primaryimage"},"image":{"@id":"https:\/\/sircat.com\/servicios\/caracterizacion-de-residuos\/#primaryimage"},"thumbnailUrl":"https:\/\/sircat.com\/wp-content\/uploads\/2024\/07\/icon_Analisis.svg","datePublished":"2024-05-24T09:03:57+00:00","dateModified":"2024-11-26T12:37:22+00:00","description":"Garanteix la gesti\u00f3 adequada de residus amb el nostre servei de caracteritzaci\u00f3. Precisi\u00f3, compliment normatiu i cura ambiental. Crida'ns avui!","breadcrumb":{"@id":"https:\/\/sircat.com\/servicios\/caracterizacion-de-residuos\/#breadcrumb"},"inLanguage":"ca","potentialAction":[{"@type":"ReadAction","target":["https:\/\/sircat.com\/servicios\/caracterizacion-de-residuos\/"]}]},{"@type":"ImageObject","inLanguage":"ca","@id":"https:\/\/sircat.com\/servicios\/caracterizacion-de-residuos\/#primaryimage","url":"https:\/\/sircat.com\/wp-content\/uploads\/2024\/07\/icon_Analisis.svg","contentUrl":"https:\/\/sircat.com\/wp-content\/uploads\/2024\/07\/icon_Analisis.svg"},{"@type":"BreadcrumbList","@id":"https:\/\/sircat.com\/servicios\/caracterizacion-de-residuos\/#breadcrumb","itemListElement":[{"@type":"ListItem","position":1,"name":"Portada","item":"https:\/\/sircat.com\/"},{"@type":"ListItem","position":2,"name":"Serveis","item":"https:\/\/sircat.com\/servicios\/"},{"@type":"ListItem","position":3,"name":"Caracteritzaci\u00f3 de residus"}]},{"@type":"WebSite","@id":"https:\/\/sircat.com\/#website","url":"https:\/\/sircat.com\/","name":"Sircat","description":"Servicios Medioambientales a todo tipo de empresas","publisher":{"@id":"https:\/\/sircat.com\/#organization"},"potentialAction":[{"@type":"SearchAction","target":{"@type":"EntryPoint","urlTemplate":"https:\/\/sircat.com\/?s={search_term_string}"},"query-input":{"@type":"PropertyValueSpecification","valueRequired":true,"valueName":"search_term_string"}}],"inLanguage":"ca"},{"@type":"Organization","@id":"https:\/\/sircat.com\/#organization","name":"Sircat","url":"https:\/\/sircat.com\/","logo":{"@type":"ImageObject","inLanguage":"ca","@id":"https:\/\/sircat.com\/#\/schema\/logo\/image\/","url":"https:\/\/sircat.com\/wp-content\/uploads\/2024\/05\/sircat.svg","contentUrl":"https:\/\/sircat.com\/wp-content\/uploads\/2024\/05\/sircat.svg","width":292,"height":80,"caption":"Sircat"},"image":{"@id":"https:\/\/sircat.com\/#\/schema\/logo\/image\/"}}]}},"_links":{"self":[{"href":"https:\/\/sircat.com\/ca\/wp-json\/wp\/v2\/pages\/2313","targetHints":{"allow":["GET"]}}],"collection":[{"href":"https:\/\/sircat.com\/ca\/wp-json\/wp\/v2\/pages"}],"about":[{"href":"https:\/\/sircat.com\/ca\/wp-json\/wp\/v2\/types\/page"}],"author":[{"embeddable":true,"href":"https:\/\/sircat.com\/ca\/wp-json\/wp\/v2\/users\/1"}],"replies":[{"embeddable":true,"href":"https:\/\/sircat.com\/ca\/wp-json\/wp\/v2\/comments?post=2313"}],"version-history":[{"count":11,"href":"https:\/\/sircat.com\/ca\/wp-json\/wp\/v2\/pages\/2313\/revisions"}],"predecessor-version":[{"id":4819,"href":"https:\/\/sircat.com\/ca\/wp-json\/wp\/v2\/pages\/2313\/revisions\/4819"}],"up":[{"embeddable":true,"href":"https:\/\/sircat.com\/ca\/wp-json\/wp\/v2\/pages\/3850"}],"wp:attachment":[{"href":"https:\/\/sircat.com\/ca\/wp-json\/wp\/v2\/media?parent=2313"}],"curies":[{"name":"wp","href":"https:\/\/api.w.org\/{rel}","templated":true}]}}