{"id":2311,"date":"2024-05-24T09:03:48","date_gmt":"2024-05-24T09:03:48","guid":{"rendered":"https:\/\/321brand.net\/sircat\/retirada-i-gestio-de-vehicles-fora-dus\/"},"modified":"2024-11-26T12:40:18","modified_gmt":"2024-11-26T12:40:18","slug":"retirada-i-gestio-de-vehicles-fora-dus","status":"publish","type":"page","link":"https:\/\/sircat.com\/ca\/serveis\/retirada-i-gestio-de-vehicles-fora-dus\/","title":{"rendered":"Retirada i gesti\u00f3 de vehicles fora d&#8217;\u00fas"},"content":{"rendered":"\t\t<div data-elementor-type=\"wp-page\" data-elementor-id=\"2311\" class=\"elementor elementor-2311 elementor-36\" data-elementor-post-type=\"page\">\n\t\t\t\t<div class=\"elementor-element elementor-element-6179077 e-flex e-con-boxed elementor-invisible e-con e-parent\" data-id=\"6179077\" data-element_type=\"container\" data-settings=\"{&quot;background_background&quot;:&quot;classic&quot;,&quot;animation&quot;:&quot;fadeInUp&quot;}\">\n\t\t\t\t\t<div class=\"e-con-inner\">\n\t\t<div class=\"elementor-element elementor-element-b56b442 e-flex e-con-boxed e-con e-child\" data-id=\"b56b442\" data-element_type=\"container\">\n\t\t\t\t\t<div class=\"e-con-inner\">\n\t\t<div class=\"elementor-element elementor-element-2ea099f e-flex e-con-boxed e-con e-child\" data-id=\"2ea099f\" data-element_type=\"container\">\n\t\t\t\t\t<div class=\"e-con-inner\">\n\t\t\t\t<div class=\"elementor-element elementor-element-0537673 elementor-widget elementor-widget-text-editor\" data-id=\"0537673\" data-element_type=\"widget\" data-widget_type=\"text-editor.default\">\n\t\t\t\t<div class=\"elementor-widget-container\">\n\t\t\t\t\t\t\t<p>Serveis<\/p>\n\t\t\t\t\t\t<\/div>\n\t\t\t\t<\/div>\n\t\t\t\t\t<\/div>\n\t\t\t\t<\/div>\n\t\t\t\t\t<\/div>\n\t\t\t\t<\/div>\n\t\t<div class=\"elementor-element elementor-element-5a7940e e-flex e-con-boxed e-con e-child\" data-id=\"5a7940e\" data-element_type=\"container\">\n\t\t\t\t\t<div class=\"e-con-inner\">\n\t\t<div class=\"elementor-element elementor-element-e322677 e-con-full e-flex e-con e-child\" data-id=\"e322677\" data-element_type=\"container\">\n\t\t\t\t<div class=\"elementor-element elementor-element-fcb3b08 elementor-widget elementor-widget-text-editor\" data-id=\"fcb3b08\" data-element_type=\"widget\" data-widget_type=\"text-editor.default\">\n\t\t\t\t<div class=\"elementor-widget-container\">\n\t\t\t\t\t\t\t<h1>Retirada i gesti\u00f3 de vehicles fora d&#8217;\u00fas<\/h1>\n\t\t\t\t\t\t<\/div>\n\t\t\t\t<\/div>\n\t\t\t\t<\/div>\n\t\t<div class=\"elementor-element elementor-element-c51f4bb e-con-full e-flex e-con e-child\" data-id=\"c51f4bb\" data-element_type=\"container\">\n\t\t\t\t<\/div>\n\t\t<div class=\"elementor-element elementor-element-4b2a60e e-flex e-con-boxed e-con e-child\" data-id=\"4b2a60e\" data-element_type=\"container\">\n\t\t\t\t\t<div class=\"e-con-inner\">\n\t\t\t\t<div class=\"elementor-element elementor-element-e750e2d elementor-widget elementor-widget-text-editor\" data-id=\"e750e2d\" data-element_type=\"widget\" data-widget_type=\"text-editor.default\">\n\t\t\t\t<div class=\"elementor-widget-container\">\n\t\t\t\t\t\t\t<h5>Dins del nostre cat\u00e0leg de serveis oferim la retirada i gesti\u00f3 de vehicles fora d&#8217;\u00fas (VFU). <\/h5>\n\t\t\t\t\t\t<\/div>\n\t\t\t\t<\/div>\n\t\t\t\t\t<\/div>\n\t\t\t\t<\/div>\n\t\t\t\t\t<\/div>\n\t\t\t\t<\/div>\n\t\t\t\t\t<\/div>\n\t\t\t\t<\/div>\n\t\t<div class=\"elementor-element elementor-element-7a1ef35 e-flex e-con-boxed elementor-invisible e-con e-parent\" data-id=\"7a1ef35\" data-element_type=\"container\" data-settings=\"{&quot;background_background&quot;:&quot;classic&quot;,&quot;animation&quot;:&quot;fadeInUp&quot;}\">\n\t\t\t\t\t<div class=\"e-con-inner\">\n\t\t\t\t\t<\/div>\n\t\t\t\t<\/div>\n\t\t<div class=\"elementor-element elementor-element-dac228c e-flex e-con-boxed e-con e-parent\" data-id=\"dac228c\" data-element_type=\"container\" data-settings=\"{&quot;background_background&quot;:&quot;classic&quot;}\">\n\t\t\t\t\t<div class=\"e-con-inner\">\n\t\t<div class=\"elementor-element elementor-element-fe4a45c e-flex e-con-boxed e-con e-child\" data-id=\"fe4a45c\" data-element_type=\"container\">\n\t\t\t\t\t<div class=\"e-con-inner\">\n\t\t<div class=\"elementor-element elementor-element-dd158df e-con-full e-flex elementor-invisible e-con e-child\" data-id=\"dd158df\" data-element_type=\"container\" data-settings=\"{&quot;animation&quot;:&quot;fadeInUp&quot;}\">\n\t\t\t\t<div class=\"elementor-element elementor-element-f9839db elementor-widget elementor-widget-text-editor\" data-id=\"f9839db\" data-element_type=\"widget\" data-widget_type=\"text-editor.default\">\n\t\t\t\t<div class=\"elementor-widget-container\">\n\t\t\t\t\t\t\t<p>Realitzem la recollida de tota mena de vehicles a les instal\u00b7lacions dels nostres clients i realitzem el seu reciclat posterior.<\/p>\n\t\t\t\t\t\t<\/div>\n\t\t\t\t<\/div>\n\t\t\t\t<\/div>\n\t\t<div class=\"elementor-element elementor-element-d0840be e-con-full elementor-hidden-mobile e-flex e-con e-child\" data-id=\"d0840be\" data-element_type=\"container\">\n\t\t\t\t<\/div>\n\t\t<div class=\"elementor-element elementor-element-4a3074c e-flex e-con-boxed elementor-invisible e-con e-child\" data-id=\"4a3074c\" data-element_type=\"container\" data-settings=\"{&quot;animation&quot;:&quot;fadeInUp&quot;}\">\n\t\t\t\t\t<div class=\"e-con-inner\">\n\t\t\t\t<div class=\"elementor-element elementor-element-c58d5ab elementor-widget elementor-widget-text-editor\" data-id=\"c58d5ab\" data-element_type=\"widget\" data-widget_type=\"text-editor.default\">\n\t\t\t\t<div class=\"elementor-widget-container\">\n\t\t\t\t\t\t\t<p>A m\u00e9s, tamb\u00e9 realitzem una gesti\u00f3 adequada per a aquells residus no reciclables.<\/p>\n\t\t\t\t\t\t<\/div>\n\t\t\t\t<\/div>\n\t\t\t\t\t<\/div>\n\t\t\t\t<\/div>\n\t\t\t\t\t<\/div>\n\t\t\t\t<\/div>\n\t\t\t\t\t<\/div>\n\t\t\t\t<\/div>\n\t\t<div class=\"elementor-element elementor-element-7cdde7a e-flex e-con-boxed e-con e-parent\" data-id=\"7cdde7a\" data-element_type=\"container\" data-settings=\"{&quot;background_background&quot;:&quot;classic&quot;}\">\n\t\t\t\t\t<div class=\"e-con-inner\">\n\t\t<div class=\"elementor-element elementor-element-83de3b2 e-con-full e-flex elementor-invisible e-con e-child\" data-id=\"83de3b2\" data-element_type=\"container\" data-settings=\"{&quot;background_background&quot;:&quot;classic&quot;,&quot;animation&quot;:&quot;fadeInUp&quot;}\">\n\t\t\t\t<div class=\"elementor-element elementor-element-f102521 elementor-widget elementor-widget-text-editor\" data-id=\"f102521\" data-element_type=\"widget\" data-widget_type=\"text-editor.default\">\n\t\t\t\t<div class=\"elementor-widget-container\">\n\t\t\t\t\t\t\t<h5><img decoding=\"async\" class=\"alignnone wp-image-673\" src=\"https:\/\/sircat.com\/wp-content\/uploads\/2024\/07\/icon_Transporte.svg\" alt=\"Transport\" width=\"113\" height=\"60\"><\/h5>\n<h5>Recollida<\/h5>\n<p>Recollim els vehicles fora d&#8217;\u00fas a les instal\u00b7lacions dels nostres clients. <\/p>\n\t\t\t\t\t\t<\/div>\n\t\t\t\t<\/div>\n\t\t\t\t<\/div>\n\t\t<div class=\"elementor-element elementor-element-6f789c3 e-con-full e-flex elementor-invisible e-con e-child\" data-id=\"6f789c3\" data-element_type=\"container\" data-settings=\"{&quot;background_background&quot;:&quot;classic&quot;,&quot;animation&quot;:&quot;fadeInUp&quot;}\">\n\t\t\t\t<div class=\"elementor-element elementor-element-56582f9 elementor-widget elementor-widget-text-editor\" data-id=\"56582f9\" data-element_type=\"widget\" data-widget_type=\"text-editor.default\">\n\t\t\t\t<div class=\"elementor-widget-container\">\n\t\t\t\t\t\t\t<h5><img decoding=\"async\" class=\"alignnone wp-image-667\" src=\"https:\/\/sircat.com\/wp-content\/uploads\/2024\/07\/icon_Sostenibilidad.svg\" alt=\"sostenibilitat\" width=\"63\" height=\"60\"><\/h5>\n<h5>Reciclatge integral<\/h5>\n<p>Col\u00b7laborem amb instal\u00b7lacions de reciclatge especialitzades per processar els materials recuperats dels VFU de manera \u00e8tica i sostenible. <\/p>\n\t\t\t\t\t\t<\/div>\n\t\t\t\t<\/div>\n\t\t\t\t<\/div>\n\t\t\t\t\t<\/div>\n\t\t\t\t<\/div>\n\t\t<div class=\"elementor-element elementor-element-106b108 e-flex e-con-boxed e-con e-parent\" data-id=\"106b108\" data-element_type=\"container\" data-settings=\"{&quot;background_background&quot;:&quot;classic&quot;}\">\n\t\t\t\t\t<div class=\"e-con-inner\">\n\t\t<div class=\"elementor-element elementor-element-8fd1fbd e-con-full e-flex elementor-invisible e-con e-child\" data-id=\"8fd1fbd\" data-element_type=\"container\" data-settings=\"{&quot;background_background&quot;:&quot;classic&quot;,&quot;animation&quot;:&quot;fadeInUp&quot;}\">\n\t\t\t\t<div class=\"elementor-element elementor-element-1a5c070 elementor-widget elementor-widget-text-editor\" data-id=\"1a5c070\" data-element_type=\"widget\" data-widget_type=\"text-editor.default\">\n\t\t\t\t<div class=\"elementor-widget-container\">\n\t\t\t\t\t\t\t<h5><img decoding=\"async\" class=\"alignnone wp-image-668\" src=\"https:\/\/sircat.com\/wp-content\/uploads\/2024\/07\/icon_Suministro.svg\" alt=\"subministrament\" width=\"71\" height=\"60\"><\/h5>\n<h5>Gesti\u00f3 de residus no reciclables<\/h5>\n<p>Ens ocupem de manera responsable dels residus no reciclables, garantint el seu tractament final d&#8217; acord amb les normatives mediambientals vigents. <\/p>\n\t\t\t\t\t\t<\/div>\n\t\t\t\t<\/div>\n\t\t\t\t<\/div>\n\t\t<div class=\"elementor-element elementor-element-3b9bc75 e-con-full e-flex elementor-invisible e-con e-child\" data-id=\"3b9bc75\" data-element_type=\"container\" data-settings=\"{&quot;background_background&quot;:&quot;classic&quot;,&quot;animation&quot;:&quot;fadeInUp&quot;}\">\n\t\t\t\t<\/div>\n\t\t\t\t\t<\/div>\n\t\t\t\t<\/div>\n\t\t<div class=\"elementor-element elementor-element-3dcac22 e-flex e-con-boxed elementor-invisible e-con e-parent\" data-id=\"3dcac22\" data-element_type=\"container\" data-settings=\"{&quot;background_background&quot;:&quot;classic&quot;,&quot;animation&quot;:&quot;fadeInUp&quot;}\">\n\t\t\t\t\t<div class=\"e-con-inner\">\n\t\t<div class=\"elementor-element elementor-element-3c25f5f e-con-full e-flex e-con e-child\" data-id=\"3c25f5f\" data-element_type=\"container\">\n\t\t\t\t<div class=\"elementor-element elementor-element-8b154b1 elementor-widget elementor-widget-text-editor\" data-id=\"8b154b1\" data-element_type=\"widget\" data-widget_type=\"text-editor.default\">\n\t\t\t\t<div class=\"elementor-widget-container\">\n\t\t\t\t\t\t\t<h4><span style=\"color: #ffffff;\">Si necessites m\u00e9s informaci\u00f3 sobre les nostres plantes de gesti\u00f3, vols sol\u00b7licitar algun dels nostres serveis o vols saber-ne m\u00e9s sobre la nostra companyia<\/p>\n<p><\/span><\/h4>\n\t\t\t\t\t\t<\/div>\n\t\t\t\t<\/div>\n\t\t\t\t<\/div>\n\t\t<div class=\"elementor-element elementor-element-9ce16a5 e-flex e-con-boxed e-con e-child\" data-id=\"9ce16a5\" data-element_type=\"container\">\n\t\t\t\t\t<div class=\"e-con-inner\">\n\t\t\t\t<div class=\"elementor-element elementor-element-8b51533 elementor-align-center elementor-widget elementor-widget-button\" data-id=\"8b51533\" data-element_type=\"widget\" data-widget_type=\"button.default\">\n\t\t\t\t<div class=\"elementor-widget-container\">\n\t\t\t\t\t<div class=\"elementor-button-wrapper\">\n\t\t\t<a class=\"elementor-button elementor-button-link elementor-size-sm\" href=\"#\">\n\t\t\t\t\t\t<span class=\"elementor-button-content-wrapper\">\n\t\t\t\t\t\t\t\t\t<span class=\"elementor-button-text\">Sol\u00b7licitar informaci\u00f3<\/span>\n\t\t\t\t\t<\/span>\n\t\t\t\t\t<\/a>\n\t\t<\/div>\n\t\t\t\t<\/div>\n\t\t\t\t<\/div>\n\t\t\t\t\t<\/div>\n\t\t\t\t<\/div>\n\t\t\t\t\t<\/div>\n\t\t\t\t<\/div>\n\t\t\t\t<\/div>\n\t\t","protected":false},"excerpt":{"rendered":"<p>Serveis Retirada i gesti\u00f3 de vehicles fora d&#8217;\u00fas Dins del nostre cat\u00e0leg de serveis oferim la retirada i gesti\u00f3 de vehicles fora d&#8217;\u00fas (VFU). Realitzem la recollida de tota mena de vehicles a les instal\u00b7lacions dels nostres clients i realitzem el seu reciclat posterior. A m\u00e9s, tamb\u00e9 realitzem una gesti\u00f3 adequada per a aquells residus [&hellip;]<\/p>\n","protected":false},"author":1,"featured_media":0,"parent":3850,"menu_order":0,"comment_status":"closed","ping_status":"closed","template":"","meta":{"_acf_changed":false,"footnotes":""},"class_list":["post-2311","page","type-page","status-publish","hentry"],"acf":[],"yoast_head":"<!-- This site is optimized with the Yoast SEO plugin v23.8 - https:\/\/yoast.com\/wordpress\/plugins\/seo\/ -->\n<title>Retirada i gesti\u00f3 de vehicles fora d&#039;\u00fas - Sircat<\/title>\n<meta name=\"description\" content=\"Oferim gesti\u00f3 de vehicles fora d&#039;\u00fas amb retirada segura i compliment ambiental. Simplifica el proc\u00e9s i protegeix l&#039;entorn. Contacta&#039;ns avui!\" \/>\n<meta name=\"robots\" content=\"index, follow, max-snippet:-1, max-image-preview:large, max-video-preview:-1\" \/>\n<link rel=\"canonical\" href=\"https:\/\/sircat.com\/servicios\/retirada-y-gestion-de-vehiculos-fuera-de-uso\/\" \/>\n<meta property=\"og:locale\" content=\"ca_ES\" \/>\n<meta property=\"og:type\" content=\"article\" \/>\n<meta property=\"og:title\" content=\"Retirada i gesti\u00f3 de vehicles fora d&#039;\u00fas - Sircat\" \/>\n<meta property=\"og:description\" content=\"Oferim gesti\u00f3 de vehicles fora d&#039;\u00fas amb retirada segura i compliment ambiental. Simplifica el proc\u00e9s i protegeix l&#039;entorn. Contacta&#039;ns avui!\" \/>\n<meta property=\"og:url\" content=\"https:\/\/sircat.com\/servicios\/retirada-y-gestion-de-vehiculos-fuera-de-uso\/\" \/>\n<meta property=\"og:site_name\" content=\"Sircat\" \/>\n<meta property=\"article:modified_time\" content=\"2024-11-26T12:40:18+00:00\" \/>\n<meta property=\"og:image\" content=\"https:\/\/sircat.com\/wp-content\/uploads\/2024\/07\/icon_Transporte.svg\" \/>\n<meta name=\"twitter:card\" content=\"summary_large_image\" \/>\n<meta name=\"twitter:label1\" content=\"Temps estimat de lectura\" \/>\n\t<meta name=\"twitter:data1\" content=\"2 minuts\" \/>\n<script type=\"application\/ld+json\" class=\"yoast-schema-graph\">{\"@context\":\"https:\/\/schema.org\",\"@graph\":[{\"@type\":\"WebPage\",\"@id\":\"https:\/\/sircat.com\/servicios\/retirada-y-gestion-de-vehiculos-fuera-de-uso\/\",\"url\":\"https:\/\/sircat.com\/servicios\/retirada-y-gestion-de-vehiculos-fuera-de-uso\/\",\"name\":\"Retirada i gesti\u00f3 de vehicles fora d'\u00fas - Sircat\",\"isPartOf\":{\"@id\":\"https:\/\/sircat.com\/#website\"},\"primaryImageOfPage\":{\"@id\":\"https:\/\/sircat.com\/servicios\/retirada-y-gestion-de-vehiculos-fuera-de-uso\/#primaryimage\"},\"image\":{\"@id\":\"https:\/\/sircat.com\/servicios\/retirada-y-gestion-de-vehiculos-fuera-de-uso\/#primaryimage\"},\"thumbnailUrl\":\"https:\/\/sircat.com\/wp-content\/uploads\/2024\/07\/icon_Transporte.svg\",\"datePublished\":\"2024-05-24T09:03:48+00:00\",\"dateModified\":\"2024-11-26T12:40:18+00:00\",\"description\":\"Oferim gesti\u00f3 de vehicles fora d'\u00fas amb retirada segura i compliment ambiental. Simplifica el proc\u00e9s i protegeix l'entorn. Contacta'ns avui!\",\"breadcrumb\":{\"@id\":\"https:\/\/sircat.com\/servicios\/retirada-y-gestion-de-vehiculos-fuera-de-uso\/#breadcrumb\"},\"inLanguage\":\"ca\",\"potentialAction\":[{\"@type\":\"ReadAction\",\"target\":[\"https:\/\/sircat.com\/servicios\/retirada-y-gestion-de-vehiculos-fuera-de-uso\/\"]}]},{\"@type\":\"ImageObject\",\"inLanguage\":\"ca\",\"@id\":\"https:\/\/sircat.com\/servicios\/retirada-y-gestion-de-vehiculos-fuera-de-uso\/#primaryimage\",\"url\":\"https:\/\/sircat.com\/wp-content\/uploads\/2024\/07\/icon_Transporte.svg\",\"contentUrl\":\"https:\/\/sircat.com\/wp-content\/uploads\/2024\/07\/icon_Transporte.svg\"},{\"@type\":\"BreadcrumbList\",\"@id\":\"https:\/\/sircat.com\/servicios\/retirada-y-gestion-de-vehiculos-fuera-de-uso\/#breadcrumb\",\"itemListElement\":[{\"@type\":\"ListItem\",\"position\":1,\"name\":\"Portada\",\"item\":\"https:\/\/sircat.com\/\"},{\"@type\":\"ListItem\",\"position\":2,\"name\":\"Serveis\",\"item\":\"https:\/\/sircat.com\/servicios\/\"},{\"@type\":\"ListItem\",\"position\":3,\"name\":\"Retirada i gesti\u00f3 de vehicles fora d&#8217;\u00fas\"}]},{\"@type\":\"WebSite\",\"@id\":\"https:\/\/sircat.com\/#website\",\"url\":\"https:\/\/sircat.com\/\",\"name\":\"Sircat\",\"description\":\"Servicios Medioambientales a todo tipo de empresas\",\"publisher\":{\"@id\":\"https:\/\/sircat.com\/#organization\"},\"potentialAction\":[{\"@type\":\"SearchAction\",\"target\":{\"@type\":\"EntryPoint\",\"urlTemplate\":\"https:\/\/sircat.com\/?s={search_term_string}\"},\"query-input\":{\"@type\":\"PropertyValueSpecification\",\"valueRequired\":true,\"valueName\":\"search_term_string\"}}],\"inLanguage\":\"ca\"},{\"@type\":\"Organization\",\"@id\":\"https:\/\/sircat.com\/#organization\",\"name\":\"Sircat\",\"url\":\"https:\/\/sircat.com\/\",\"logo\":{\"@type\":\"ImageObject\",\"inLanguage\":\"ca\",\"@id\":\"https:\/\/sircat.com\/#\/schema\/logo\/image\/\",\"url\":\"https:\/\/sircat.com\/wp-content\/uploads\/2024\/05\/sircat.svg\",\"contentUrl\":\"https:\/\/sircat.com\/wp-content\/uploads\/2024\/05\/sircat.svg\",\"width\":292,\"height\":80,\"caption\":\"Sircat\"},\"image\":{\"@id\":\"https:\/\/sircat.com\/#\/schema\/logo\/image\/\"}}]}<\/script>\n<!-- \/ Yoast SEO plugin. -->","yoast_head_json":{"title":"Retirada i gesti\u00f3 de vehicles fora d'\u00fas - Sircat","description":"Oferim gesti\u00f3 de vehicles fora d'\u00fas amb retirada segura i compliment ambiental. Simplifica el proc\u00e9s i protegeix l'entorn. Contacta'ns avui!","robots":{"index":"index","follow":"follow","max-snippet":"max-snippet:-1","max-image-preview":"max-image-preview:large","max-video-preview":"max-video-preview:-1"},"canonical":"https:\/\/sircat.com\/servicios\/retirada-y-gestion-de-vehiculos-fuera-de-uso\/","og_locale":"ca_ES","og_type":"article","og_title":"Retirada i gesti\u00f3 de vehicles fora d'\u00fas - Sircat","og_description":"Oferim gesti\u00f3 de vehicles fora d'\u00fas amb retirada segura i compliment ambiental. Simplifica el proc\u00e9s i protegeix l'entorn. Contacta'ns avui!","og_url":"https:\/\/sircat.com\/servicios\/retirada-y-gestion-de-vehiculos-fuera-de-uso\/","og_site_name":"Sircat","article_modified_time":"2024-11-26T12:40:18+00:00","og_image":[{"url":"https:\/\/sircat.com\/wp-content\/uploads\/2024\/07\/icon_Transporte.svg"}],"twitter_card":"summary_large_image","twitter_misc":{"Temps estimat de lectura":"2 minuts"},"schema":{"@context":"https:\/\/schema.org","@graph":[{"@type":"WebPage","@id":"https:\/\/sircat.com\/servicios\/retirada-y-gestion-de-vehiculos-fuera-de-uso\/","url":"https:\/\/sircat.com\/servicios\/retirada-y-gestion-de-vehiculos-fuera-de-uso\/","name":"Retirada i gesti\u00f3 de vehicles fora d'\u00fas - Sircat","isPartOf":{"@id":"https:\/\/sircat.com\/#website"},"primaryImageOfPage":{"@id":"https:\/\/sircat.com\/servicios\/retirada-y-gestion-de-vehiculos-fuera-de-uso\/#primaryimage"},"image":{"@id":"https:\/\/sircat.com\/servicios\/retirada-y-gestion-de-vehiculos-fuera-de-uso\/#primaryimage"},"thumbnailUrl":"https:\/\/sircat.com\/wp-content\/uploads\/2024\/07\/icon_Transporte.svg","datePublished":"2024-05-24T09:03:48+00:00","dateModified":"2024-11-26T12:40:18+00:00","description":"Oferim gesti\u00f3 de vehicles fora d'\u00fas amb retirada segura i compliment ambiental. Simplifica el proc\u00e9s i protegeix l'entorn. Contacta'ns avui!","breadcrumb":{"@id":"https:\/\/sircat.com\/servicios\/retirada-y-gestion-de-vehiculos-fuera-de-uso\/#breadcrumb"},"inLanguage":"ca","potentialAction":[{"@type":"ReadAction","target":["https:\/\/sircat.com\/servicios\/retirada-y-gestion-de-vehiculos-fuera-de-uso\/"]}]},{"@type":"ImageObject","inLanguage":"ca","@id":"https:\/\/sircat.com\/servicios\/retirada-y-gestion-de-vehiculos-fuera-de-uso\/#primaryimage","url":"https:\/\/sircat.com\/wp-content\/uploads\/2024\/07\/icon_Transporte.svg","contentUrl":"https:\/\/sircat.com\/wp-content\/uploads\/2024\/07\/icon_Transporte.svg"},{"@type":"BreadcrumbList","@id":"https:\/\/sircat.com\/servicios\/retirada-y-gestion-de-vehiculos-fuera-de-uso\/#breadcrumb","itemListElement":[{"@type":"ListItem","position":1,"name":"Portada","item":"https:\/\/sircat.com\/"},{"@type":"ListItem","position":2,"name":"Serveis","item":"https:\/\/sircat.com\/servicios\/"},{"@type":"ListItem","position":3,"name":"Retirada i gesti\u00f3 de vehicles fora d&#8217;\u00fas"}]},{"@type":"WebSite","@id":"https:\/\/sircat.com\/#website","url":"https:\/\/sircat.com\/","name":"Sircat","description":"Servicios Medioambientales a todo tipo de empresas","publisher":{"@id":"https:\/\/sircat.com\/#organization"},"potentialAction":[{"@type":"SearchAction","target":{"@type":"EntryPoint","urlTemplate":"https:\/\/sircat.com\/?s={search_term_string}"},"query-input":{"@type":"PropertyValueSpecification","valueRequired":true,"valueName":"search_term_string"}}],"inLanguage":"ca"},{"@type":"Organization","@id":"https:\/\/sircat.com\/#organization","name":"Sircat","url":"https:\/\/sircat.com\/","logo":{"@type":"ImageObject","inLanguage":"ca","@id":"https:\/\/sircat.com\/#\/schema\/logo\/image\/","url":"https:\/\/sircat.com\/wp-content\/uploads\/2024\/05\/sircat.svg","contentUrl":"https:\/\/sircat.com\/wp-content\/uploads\/2024\/05\/sircat.svg","width":292,"height":80,"caption":"Sircat"},"image":{"@id":"https:\/\/sircat.com\/#\/schema\/logo\/image\/"}}]}},"_links":{"self":[{"href":"https:\/\/sircat.com\/ca\/wp-json\/wp\/v2\/pages\/2311","targetHints":{"allow":["GET"]}}],"collection":[{"href":"https:\/\/sircat.com\/ca\/wp-json\/wp\/v2\/pages"}],"about":[{"href":"https:\/\/sircat.com\/ca\/wp-json\/wp\/v2\/types\/page"}],"author":[{"embeddable":true,"href":"https:\/\/sircat.com\/ca\/wp-json\/wp\/v2\/users\/1"}],"replies":[{"embeddable":true,"href":"https:\/\/sircat.com\/ca\/wp-json\/wp\/v2\/comments?post=2311"}],"version-history":[{"count":14,"href":"https:\/\/sircat.com\/ca\/wp-json\/wp\/v2\/pages\/2311\/revisions"}],"predecessor-version":[{"id":4810,"href":"https:\/\/sircat.com\/ca\/wp-json\/wp\/v2\/pages\/2311\/revisions\/4810"}],"up":[{"embeddable":true,"href":"https:\/\/sircat.com\/ca\/wp-json\/wp\/v2\/pages\/3850"}],"wp:attachment":[{"href":"https:\/\/sircat.com\/ca\/wp-json\/wp\/v2\/media?parent=2311"}],"curies":[{"name":"wp","href":"https:\/\/api.w.org\/{rel}","templated":true}]}}