{"id":2307,"date":"2024-07-03T10:36:52","date_gmt":"2024-07-03T10:36:52","guid":{"rendered":"https:\/\/321brand.net\/sircat\/equips-de-rentat-de-peces-i-pistoles-de-pintura\/"},"modified":"2024-12-17T10:33:29","modified_gmt":"2024-12-17T10:33:29","slug":"equips-de-rentat-de-peces-i-pistoles-de-pintura","status":"publish","type":"page","link":"https:\/\/sircat.com\/ca\/serveis\/equips-de-rentat-de-peces-i-pistoles-de-pintura\/","title":{"rendered":"Equips de rentat de peces i pistoles de pintura"},"content":{"rendered":"\t\t<div data-elementor-type=\"wp-page\" data-elementor-id=\"2307\" class=\"elementor elementor-2307 elementor-953\" data-elementor-post-type=\"page\">\n\t\t\t\t<div class=\"elementor-element elementor-element-ae7c952 e-flex e-con-boxed elementor-invisible e-con e-parent\" data-id=\"ae7c952\" data-element_type=\"container\" data-settings=\"{&quot;background_background&quot;:&quot;classic&quot;,&quot;animation&quot;:&quot;fadeInUp&quot;}\">\n\t\t\t\t\t<div class=\"e-con-inner\">\n\t\t<div class=\"elementor-element elementor-element-fce0522 e-flex e-con-boxed e-con e-child\" data-id=\"fce0522\" data-element_type=\"container\">\n\t\t\t\t\t<div class=\"e-con-inner\">\n\t\t<div class=\"elementor-element elementor-element-69b3227 e-flex e-con-boxed e-con e-child\" data-id=\"69b3227\" data-element_type=\"container\">\n\t\t\t\t\t<div class=\"e-con-inner\">\n\t\t\t\t<div class=\"elementor-element elementor-element-b123e24 elementor-widget elementor-widget-text-editor\" data-id=\"b123e24\" data-element_type=\"widget\" data-widget_type=\"text-editor.default\">\n\t\t\t\t<div class=\"elementor-widget-container\">\n\t\t\t\t\t\t\t<p>Serveis<\/p>\n\t\t\t\t\t\t<\/div>\n\t\t\t\t<\/div>\n\t\t\t\t\t<\/div>\n\t\t\t\t<\/div>\n\t\t\t\t\t<\/div>\n\t\t\t\t<\/div>\n\t\t<div class=\"elementor-element elementor-element-d08d121 e-flex e-con-boxed e-con e-child\" data-id=\"d08d121\" data-element_type=\"container\">\n\t\t\t\t\t<div class=\"e-con-inner\">\n\t\t<div class=\"elementor-element elementor-element-1c3b2af e-con-full e-flex e-con e-child\" data-id=\"1c3b2af\" data-element_type=\"container\">\n\t\t\t\t<div class=\"elementor-element elementor-element-dbaf822 elementor-widget elementor-widget-text-editor\" data-id=\"dbaf822\" data-element_type=\"widget\" data-widget_type=\"text-editor.default\">\n\t\t\t\t<div class=\"elementor-widget-container\">\n\t\t\t\t\t\t\t<h1>Equips de rentat de peces i pistoles de pintura<\/h1>\n\t\t\t\t\t\t<\/div>\n\t\t\t\t<\/div>\n\t\t\t\t<\/div>\n\t\t<div class=\"elementor-element elementor-element-2fa787d e-con-full e-flex e-con e-child\" data-id=\"2fa787d\" data-element_type=\"container\">\n\t\t\t\t<\/div>\n\t\t<div class=\"elementor-element elementor-element-71d1a30 e-flex e-con-boxed e-con e-child\" data-id=\"71d1a30\" data-element_type=\"container\">\n\t\t\t\t\t<div class=\"e-con-inner\">\n\t\t\t\t<div class=\"elementor-element elementor-element-05e990b elementor-widget elementor-widget-text-editor\" data-id=\"05e990b\" data-element_type=\"widget\" data-widget_type=\"text-editor.default\">\n\t\t\t\t<div class=\"elementor-widget-container\">\n\t\t\t\t\t\t\t<h5>Proporcionem equips eficients que optimitzen els processos de rentat, contribuint al correcte manteniment de les peces i pistoles de pintura.<\/h5>\n\t\t\t\t\t\t<\/div>\n\t\t\t\t<\/div>\n\t\t\t\t\t<\/div>\n\t\t\t\t<\/div>\n\t\t\t\t\t<\/div>\n\t\t\t\t<\/div>\n\t\t\t\t\t<\/div>\n\t\t\t\t<\/div>\n\t\t<div class=\"elementor-element elementor-element-0375e44 e-flex e-con-boxed elementor-invisible e-con e-parent\" data-id=\"0375e44\" data-element_type=\"container\" data-settings=\"{&quot;background_background&quot;:&quot;classic&quot;,&quot;animation&quot;:&quot;fadeInUp&quot;}\">\n\t\t\t\t\t<div class=\"e-con-inner\">\n\t\t\t\t\t<\/div>\n\t\t\t\t<\/div>\n\t\t<div class=\"elementor-element elementor-element-9b838e2 e-flex e-con-boxed e-con e-parent\" data-id=\"9b838e2\" data-element_type=\"container\" data-settings=\"{&quot;background_background&quot;:&quot;classic&quot;}\">\n\t\t\t\t\t<div class=\"e-con-inner\">\n\t\t<div class=\"elementor-element elementor-element-3cc7fbb e-flex e-con-boxed e-con e-child\" data-id=\"3cc7fbb\" data-element_type=\"container\">\n\t\t\t\t\t<div class=\"e-con-inner\">\n\t\t<div class=\"elementor-element elementor-element-5e59e3f e-con-full e-flex elementor-invisible e-con e-child\" data-id=\"5e59e3f\" data-element_type=\"container\" data-settings=\"{&quot;animation&quot;:&quot;fadeInUp&quot;}\">\n\t\t\t\t<div class=\"elementor-element elementor-element-a403db8 elementor-widget elementor-widget-text-editor\" data-id=\"a403db8\" data-element_type=\"widget\" data-widget_type=\"text-editor.default\">\n\t\t\t\t<div class=\"elementor-widget-container\">\n\t\t\t\t\t\t\t<h5><img decoding=\"async\" class=\"alignnone wp-image-664\" src=\"https:\/\/sircat.com\/wp-content\/uploads\/2024\/07\/icon_Servicio-anadido.svg\" alt=\"Servei afegit\" width=\"61\" height=\"61\"><\/h5>\n<h5>\u00c0mplia gamma d&#8217;equips<\/h5>\n<p>Disposem d&#8217;una \u00e0mplia varietat d&#8217;equips per satisfer totes les necessitats possibles. <\/p>\n\t\t\t\t\t\t<\/div>\n\t\t\t\t<\/div>\n\t\t\t\t<\/div>\n\t\t<div class=\"elementor-element elementor-element-3497d79 e-con-full elementor-hidden-mobile e-flex e-con e-child\" data-id=\"3497d79\" data-element_type=\"container\">\n\t\t\t\t<\/div>\n\t\t<div class=\"elementor-element elementor-element-0b818b3 e-flex e-con-boxed elementor-invisible e-con e-child\" data-id=\"0b818b3\" data-element_type=\"container\" data-settings=\"{&quot;animation&quot;:&quot;fadeInUp&quot;}\">\n\t\t\t\t\t<div class=\"e-con-inner\">\n\t\t\t\t<div class=\"elementor-element elementor-element-90ffa75 elementor-widget elementor-widget-text-editor\" data-id=\"90ffa75\" data-element_type=\"widget\" data-widget_type=\"text-editor.default\">\n\t\t\t\t<div class=\"elementor-widget-container\">\n\t\t\t\t\t\t\t<h5><img decoding=\"async\" class=\"alignnone wp-image-626\" src=\"https:\/\/sircat.com\/wp-content\/uploads\/2024\/07\/icon_Comunicacion-.svg\" alt=\"Comunicacio\" width=\"60\" height=\"60\"><\/h5>\n<h5>Pot\u00e8ncia controlada<\/h5>\n<p>Oferim assessorament personalitzat per seleccionar els equips de rentat industrials m\u00e9s adequats per a cada cas.<\/p>\n\t\t\t\t\t\t<\/div>\n\t\t\t\t<\/div>\n\t\t\t\t\t<\/div>\n\t\t\t\t<\/div>\n\t\t\t\t\t<\/div>\n\t\t\t\t<\/div>\n\t\t\t\t\t<\/div>\n\t\t\t\t<\/div>\n\t\t<div class=\"elementor-element elementor-element-a203db8 e-flex e-con-boxed e-con e-parent\" data-id=\"a203db8\" data-element_type=\"container\" data-settings=\"{&quot;background_background&quot;:&quot;classic&quot;}\">\n\t\t\t\t\t<div class=\"e-con-inner\">\n\t\t<div class=\"elementor-element elementor-element-04f5efa e-flex e-con-boxed e-con e-child\" data-id=\"04f5efa\" data-element_type=\"container\">\n\t\t\t\t\t<div class=\"e-con-inner\">\n\t\t<div class=\"elementor-element elementor-element-67dd078 e-con-full e-flex elementor-invisible e-con e-child\" data-id=\"67dd078\" data-element_type=\"container\" data-settings=\"{&quot;animation&quot;:&quot;fadeInUp&quot;}\">\n\t\t\t\t<div class=\"elementor-element elementor-element-22e1768 elementor-widget elementor-widget-text-editor\" data-id=\"22e1768\" data-element_type=\"widget\" data-widget_type=\"text-editor.default\">\n\t\t\t\t<div class=\"elementor-widget-container\">\n\t\t\t\t\t\t\t<h5><img decoding=\"async\" src=\"https:\/\/sircat.com\/wp-content\/uploads\/2024\/07\/icon_Documentacion.svg\" alt=\"Documentacio\" width=\"52\" height=\"60\"><\/h5>\n<h5>Equips d&#8217;\u00faltima generaci\u00f3<\/h5>\n<p>Col\u00b7laborem amb fabricants l\u00edders en la ind\u00fastria per subministrar equips de rentat amb tecnologia avan\u00e7ada.<\/p>\n\t\t\t\t\t\t<\/div>\n\t\t\t\t<\/div>\n\t\t\t\t<\/div>\n\t\t<div class=\"elementor-element elementor-element-f6dcd76 e-con-full elementor-hidden-mobile e-flex e-con e-child\" data-id=\"f6dcd76\" data-element_type=\"container\">\n\t\t\t\t<\/div>\n\t\t<div class=\"elementor-element elementor-element-4d840b3 e-flex e-con-boxed elementor-invisible e-con e-child\" data-id=\"4d840b3\" data-element_type=\"container\" data-settings=\"{&quot;animation&quot;:&quot;fadeInUp&quot;}\">\n\t\t\t\t\t<div class=\"e-con-inner\">\n\t\t\t\t<div class=\"elementor-element elementor-element-8dbafe6 elementor-widget elementor-widget-text-editor\" data-id=\"8dbafe6\" data-element_type=\"widget\" data-widget_type=\"text-editor.default\">\n\t\t\t\t<div class=\"elementor-widget-container\">\n\t\t\t\t\t\t\t<h5><img loading=\"lazy\" decoding=\"async\" class=\"alignnone wp-image-673\" src=\"https:\/\/sircat.com\/wp-content\/uploads\/2024\/07\/icon_Transporte.svg\" alt=\"Transport\" width=\"113\" height=\"60\"><\/h5>\n<h5>Instal\u00b7laci\u00f3<\/h5>\n<p>Ens encarreguem de la instal\u00b7laci\u00f3 dels equips, assegurant el seu correcte funcionament des del primer dia.<\/p>\n\t\t\t\t\t\t<\/div>\n\t\t\t\t<\/div>\n\t\t\t\t\t<\/div>\n\t\t\t\t<\/div>\n\t\t\t\t\t<\/div>\n\t\t\t\t<\/div>\n\t\t\t\t\t<\/div>\n\t\t\t\t<\/div>\n\t\t<div class=\"elementor-element elementor-element-7cb947a e-flex e-con-boxed e-con e-parent\" data-id=\"7cb947a\" data-element_type=\"container\" data-settings=\"{&quot;background_background&quot;:&quot;classic&quot;}\">\n\t\t\t\t\t<div class=\"e-con-inner\">\n\t\t<div class=\"elementor-element elementor-element-97b850b e-flex e-con-boxed e-con e-child\" data-id=\"97b850b\" data-element_type=\"container\">\n\t\t\t\t\t<div class=\"e-con-inner\">\n\t\t<div class=\"elementor-element elementor-element-9e1f0ee e-con-full e-flex elementor-invisible e-con e-child\" data-id=\"9e1f0ee\" data-element_type=\"container\" data-settings=\"{&quot;animation&quot;:&quot;fadeInUp&quot;}\">\n\t\t\t\t<div class=\"elementor-element elementor-element-3f43b66 elementor-widget elementor-widget-text-editor\" data-id=\"3f43b66\" data-element_type=\"widget\" data-widget_type=\"text-editor.default\">\n\t\t\t\t<div class=\"elementor-widget-container\">\n\t\t\t\t\t\t\t<h5><img loading=\"lazy\" decoding=\"async\" class=\"alignnone wp-image-628\" src=\"https:\/\/sircat.com\/wp-content\/uploads\/2024\/07\/icon_Consultoria-medioambiental.svg\" alt=\"Consultoria medioambiental\" width=\"54\" height=\"60\"><\/h5>\n<h5>Programes de manteniment<\/h5>\n<p>Implementem programes de manteniment preventiu per garantir el rendiment \u00f2ptim i la durabilitat dels equips de rentat.<\/p>\n\t\t\t\t\t\t<\/div>\n\t\t\t\t<\/div>\n\t\t\t\t<\/div>\n\t\t<div class=\"elementor-element elementor-element-562117e e-con-full elementor-hidden-mobile e-flex e-con e-child\" data-id=\"562117e\" data-element_type=\"container\">\n\t\t\t\t<\/div>\n\t\t<div class=\"elementor-element elementor-element-fbedad2 e-flex e-con-boxed elementor-invisible e-con e-child\" data-id=\"fbedad2\" data-element_type=\"container\" data-settings=\"{&quot;animation&quot;:&quot;fadeInUp&quot;}\">\n\t\t\t\t\t<div class=\"e-con-inner\">\n\t\t\t\t<div class=\"elementor-element elementor-element-fe169aa elementor-widget elementor-widget-text-editor\" data-id=\"fe169aa\" data-element_type=\"widget\" data-widget_type=\"text-editor.default\">\n\t\t\t\t<div class=\"elementor-widget-container\">\n\t\t\t\t\t\t\t<h5><img loading=\"lazy\" decoding=\"async\" class=\"alignnone wp-image-647\" src=\"https:\/\/sircat.com\/wp-content\/uploads\/2024\/07\/icon_Limpieza.svg\" alt=\"Limpieza\" width=\"61\" height=\"60\"><\/h5>\n<h5>Subministrament peri\u00f2dic de productes de neteja i gesti\u00f3 del residu<\/h5>\n<p>Oferim productes de neteja de qualitat per a un rentat \u00f2ptim i gestionem els residus produ\u00efts.<\/p>\n\t\t\t\t\t\t<\/div>\n\t\t\t\t<\/div>\n\t\t\t\t\t<\/div>\n\t\t\t\t<\/div>\n\t\t\t\t\t<\/div>\n\t\t\t\t<\/div>\n\t\t\t\t\t<\/div>\n\t\t\t\t<\/div>\n\t\t<div class=\"elementor-element elementor-element-e18a205 e-flex e-con-boxed elementor-invisible e-con e-parent\" data-id=\"e18a205\" data-element_type=\"container\" data-settings=\"{&quot;background_background&quot;:&quot;classic&quot;,&quot;animation&quot;:&quot;fadeInUp&quot;}\">\n\t\t\t\t\t<div class=\"e-con-inner\">\n\t\t<div class=\"elementor-element elementor-element-95f6132 e-con-full e-flex e-con e-child\" data-id=\"95f6132\" data-element_type=\"container\">\n\t\t\t\t<div class=\"elementor-element elementor-element-1f03ced elementor-widget elementor-widget-text-editor\" data-id=\"1f03ced\" data-element_type=\"widget\" data-widget_type=\"text-editor.default\">\n\t\t\t\t<div class=\"elementor-widget-container\">\n\t\t\t\t\t\t\t<h4><span style=\"color: #ffffff;\">Si necessites m\u00e9s informaci\u00f3 sobre les nostres plantes de gesti\u00f3, necessites algun dels nostres serveis o vols saber m\u00e9s sobre la nostra companyia, escrius i et respondrem com m\u00e9s aviat millor. <\/span><\/h4>\t\t\t\t\t\t<\/div>\n\t\t\t\t<\/div>\n\t\t\t\t<\/div>\n\t\t<div class=\"elementor-element elementor-element-5f4c29a e-flex e-con-boxed e-con e-child\" data-id=\"5f4c29a\" data-element_type=\"container\">\n\t\t\t\t\t<div class=\"e-con-inner\">\n\t\t\t\t<div class=\"elementor-element elementor-element-8552678 elementor-align-center elementor-widget elementor-widget-button\" data-id=\"8552678\" data-element_type=\"widget\" data-widget_type=\"button.default\">\n\t\t\t\t<div class=\"elementor-widget-container\">\n\t\t\t\t\t<div class=\"elementor-button-wrapper\">\n\t\t\t<a class=\"elementor-button elementor-button-link elementor-size-sm\" href=\"#\">\n\t\t\t\t\t\t<span class=\"elementor-button-content-wrapper\">\n\t\t\t\t\t\t\t\t\t<span class=\"elementor-button-text\">Sol\u00b7licitar informaci\u00f3<\/span>\n\t\t\t\t\t<\/span>\n\t\t\t\t\t<\/a>\n\t\t<\/div>\n\t\t\t\t<\/div>\n\t\t\t\t<\/div>\n\t\t\t\t\t<\/div>\n\t\t\t\t<\/div>\n\t\t\t\t\t<\/div>\n\t\t\t\t<\/div>\n\t\t\t\t<\/div>\n\t\t","protected":false},"excerpt":{"rendered":"<p>Serveis Equips de rentat de peces i pistoles de pintura Proporcionem equips eficients que optimitzen els processos de rentat, contribuint al correcte manteniment de les peces i pistoles de pintura. \u00c0mplia gamma d&#8217;equips Disposem d&#8217;una \u00e0mplia varietat d&#8217;equips per satisfer totes les necessitats possibles. Pot\u00e8ncia controlada Oferim assessorament personalitzat per seleccionar els equips de rentat [&hellip;]<\/p>\n","protected":false},"author":1,"featured_media":0,"parent":3850,"menu_order":0,"comment_status":"closed","ping_status":"closed","template":"","meta":{"_acf_changed":false,"footnotes":""},"class_list":["post-2307","page","type-page","status-publish","hentry"],"acf":[],"yoast_head":"<!-- This site is optimized with the Yoast SEO plugin v23.8 - https:\/\/yoast.com\/wordpress\/plugins\/seo\/ -->\n<title>Equips de rentat de pe\u00e7es i pistoles de pintura - Sircat<\/title>\n<meta name=\"description\" content=\"Coneix els nostres equips de rentat per a pe\u00e7es i pistoles de pintura. Efici\u00e8ncia, sostenibilitat i alta qualitat per a la ind\u00fastria. Contacta&#039;ns avui!\" \/>\n<meta name=\"robots\" content=\"index, follow, max-snippet:-1, max-image-preview:large, max-video-preview:-1\" \/>\n<link rel=\"canonical\" href=\"https:\/\/sircat.com\/servicios\/equipos-de-lavado-de-piezas-y-pistolas-de-pintura\/\" \/>\n<meta property=\"og:locale\" content=\"ca_ES\" \/>\n<meta property=\"og:type\" content=\"article\" \/>\n<meta property=\"og:title\" content=\"Equips de rentat de pe\u00e7es i pistoles de pintura - Sircat\" \/>\n<meta property=\"og:description\" content=\"Coneix els nostres equips de rentat per a pe\u00e7es i pistoles de pintura. Efici\u00e8ncia, sostenibilitat i alta qualitat per a la ind\u00fastria. Contacta&#039;ns avui!\" \/>\n<meta property=\"og:url\" content=\"https:\/\/sircat.com\/servicios\/equipos-de-lavado-de-piezas-y-pistolas-de-pintura\/\" \/>\n<meta property=\"og:site_name\" content=\"Sircat\" \/>\n<meta property=\"article:modified_time\" content=\"2024-12-17T10:33:29+00:00\" \/>\n<meta property=\"og:image\" content=\"https:\/\/sircat.com\/wp-content\/uploads\/2024\/07\/icon_Servicio-anadido.svg\" \/>\n<meta name=\"twitter:card\" content=\"summary_large_image\" \/>\n<meta name=\"twitter:label1\" content=\"Temps estimat de lectura\" \/>\n\t<meta name=\"twitter:data1\" content=\"3 minuts\" \/>\n<script type=\"application\/ld+json\" class=\"yoast-schema-graph\">{\"@context\":\"https:\/\/schema.org\",\"@graph\":[{\"@type\":\"WebPage\",\"@id\":\"https:\/\/sircat.com\/servicios\/equipos-de-lavado-de-piezas-y-pistolas-de-pintura\/\",\"url\":\"https:\/\/sircat.com\/servicios\/equipos-de-lavado-de-piezas-y-pistolas-de-pintura\/\",\"name\":\"Equips de rentat de pe\u00e7es i pistoles de pintura - Sircat\",\"isPartOf\":{\"@id\":\"https:\/\/sircat.com\/#website\"},\"primaryImageOfPage\":{\"@id\":\"https:\/\/sircat.com\/servicios\/equipos-de-lavado-de-piezas-y-pistolas-de-pintura\/#primaryimage\"},\"image\":{\"@id\":\"https:\/\/sircat.com\/servicios\/equipos-de-lavado-de-piezas-y-pistolas-de-pintura\/#primaryimage\"},\"thumbnailUrl\":\"https:\/\/sircat.com\/wp-content\/uploads\/2024\/07\/icon_Servicio-anadido.svg\",\"datePublished\":\"2024-07-03T10:36:52+00:00\",\"dateModified\":\"2024-12-17T10:33:29+00:00\",\"description\":\"Coneix els nostres equips de rentat per a pe\u00e7es i pistoles de pintura. Efici\u00e8ncia, sostenibilitat i alta qualitat per a la ind\u00fastria. Contacta'ns avui!\",\"breadcrumb\":{\"@id\":\"https:\/\/sircat.com\/servicios\/equipos-de-lavado-de-piezas-y-pistolas-de-pintura\/#breadcrumb\"},\"inLanguage\":\"ca\",\"potentialAction\":[{\"@type\":\"ReadAction\",\"target\":[\"https:\/\/sircat.com\/servicios\/equipos-de-lavado-de-piezas-y-pistolas-de-pintura\/\"]}]},{\"@type\":\"ImageObject\",\"inLanguage\":\"ca\",\"@id\":\"https:\/\/sircat.com\/servicios\/equipos-de-lavado-de-piezas-y-pistolas-de-pintura\/#primaryimage\",\"url\":\"https:\/\/sircat.com\/wp-content\/uploads\/2024\/07\/icon_Servicio-anadido.svg\",\"contentUrl\":\"https:\/\/sircat.com\/wp-content\/uploads\/2024\/07\/icon_Servicio-anadido.svg\"},{\"@type\":\"BreadcrumbList\",\"@id\":\"https:\/\/sircat.com\/servicios\/equipos-de-lavado-de-piezas-y-pistolas-de-pintura\/#breadcrumb\",\"itemListElement\":[{\"@type\":\"ListItem\",\"position\":1,\"name\":\"Portada\",\"item\":\"https:\/\/sircat.com\/\"},{\"@type\":\"ListItem\",\"position\":2,\"name\":\"Serveis\",\"item\":\"https:\/\/sircat.com\/servicios\/\"},{\"@type\":\"ListItem\",\"position\":3,\"name\":\"Equips de rentat de peces i pistoles de pintura\"}]},{\"@type\":\"WebSite\",\"@id\":\"https:\/\/sircat.com\/#website\",\"url\":\"https:\/\/sircat.com\/\",\"name\":\"Sircat\",\"description\":\"Servicios Medioambientales a todo tipo de empresas\",\"publisher\":{\"@id\":\"https:\/\/sircat.com\/#organization\"},\"potentialAction\":[{\"@type\":\"SearchAction\",\"target\":{\"@type\":\"EntryPoint\",\"urlTemplate\":\"https:\/\/sircat.com\/?s={search_term_string}\"},\"query-input\":{\"@type\":\"PropertyValueSpecification\",\"valueRequired\":true,\"valueName\":\"search_term_string\"}}],\"inLanguage\":\"ca\"},{\"@type\":\"Organization\",\"@id\":\"https:\/\/sircat.com\/#organization\",\"name\":\"Sircat\",\"url\":\"https:\/\/sircat.com\/\",\"logo\":{\"@type\":\"ImageObject\",\"inLanguage\":\"ca\",\"@id\":\"https:\/\/sircat.com\/#\/schema\/logo\/image\/\",\"url\":\"https:\/\/sircat.com\/wp-content\/uploads\/2024\/05\/sircat.svg\",\"contentUrl\":\"https:\/\/sircat.com\/wp-content\/uploads\/2024\/05\/sircat.svg\",\"width\":292,\"height\":80,\"caption\":\"Sircat\"},\"image\":{\"@id\":\"https:\/\/sircat.com\/#\/schema\/logo\/image\/\"}}]}<\/script>\n<!-- \/ Yoast SEO plugin. -->","yoast_head_json":{"title":"Equips de rentat de pe\u00e7es i pistoles de pintura - Sircat","description":"Coneix els nostres equips de rentat per a pe\u00e7es i pistoles de pintura. Efici\u00e8ncia, sostenibilitat i alta qualitat per a la ind\u00fastria. Contacta'ns avui!","robots":{"index":"index","follow":"follow","max-snippet":"max-snippet:-1","max-image-preview":"max-image-preview:large","max-video-preview":"max-video-preview:-1"},"canonical":"https:\/\/sircat.com\/servicios\/equipos-de-lavado-de-piezas-y-pistolas-de-pintura\/","og_locale":"ca_ES","og_type":"article","og_title":"Equips de rentat de pe\u00e7es i pistoles de pintura - Sircat","og_description":"Coneix els nostres equips de rentat per a pe\u00e7es i pistoles de pintura. Efici\u00e8ncia, sostenibilitat i alta qualitat per a la ind\u00fastria. Contacta'ns avui!","og_url":"https:\/\/sircat.com\/servicios\/equipos-de-lavado-de-piezas-y-pistolas-de-pintura\/","og_site_name":"Sircat","article_modified_time":"2024-12-17T10:33:29+00:00","og_image":[{"url":"https:\/\/sircat.com\/wp-content\/uploads\/2024\/07\/icon_Servicio-anadido.svg"}],"twitter_card":"summary_large_image","twitter_misc":{"Temps estimat de lectura":"3 minuts"},"schema":{"@context":"https:\/\/schema.org","@graph":[{"@type":"WebPage","@id":"https:\/\/sircat.com\/servicios\/equipos-de-lavado-de-piezas-y-pistolas-de-pintura\/","url":"https:\/\/sircat.com\/servicios\/equipos-de-lavado-de-piezas-y-pistolas-de-pintura\/","name":"Equips de rentat de pe\u00e7es i pistoles de pintura - Sircat","isPartOf":{"@id":"https:\/\/sircat.com\/#website"},"primaryImageOfPage":{"@id":"https:\/\/sircat.com\/servicios\/equipos-de-lavado-de-piezas-y-pistolas-de-pintura\/#primaryimage"},"image":{"@id":"https:\/\/sircat.com\/servicios\/equipos-de-lavado-de-piezas-y-pistolas-de-pintura\/#primaryimage"},"thumbnailUrl":"https:\/\/sircat.com\/wp-content\/uploads\/2024\/07\/icon_Servicio-anadido.svg","datePublished":"2024-07-03T10:36:52+00:00","dateModified":"2024-12-17T10:33:29+00:00","description":"Coneix els nostres equips de rentat per a pe\u00e7es i pistoles de pintura. Efici\u00e8ncia, sostenibilitat i alta qualitat per a la ind\u00fastria. Contacta'ns avui!","breadcrumb":{"@id":"https:\/\/sircat.com\/servicios\/equipos-de-lavado-de-piezas-y-pistolas-de-pintura\/#breadcrumb"},"inLanguage":"ca","potentialAction":[{"@type":"ReadAction","target":["https:\/\/sircat.com\/servicios\/equipos-de-lavado-de-piezas-y-pistolas-de-pintura\/"]}]},{"@type":"ImageObject","inLanguage":"ca","@id":"https:\/\/sircat.com\/servicios\/equipos-de-lavado-de-piezas-y-pistolas-de-pintura\/#primaryimage","url":"https:\/\/sircat.com\/wp-content\/uploads\/2024\/07\/icon_Servicio-anadido.svg","contentUrl":"https:\/\/sircat.com\/wp-content\/uploads\/2024\/07\/icon_Servicio-anadido.svg"},{"@type":"BreadcrumbList","@id":"https:\/\/sircat.com\/servicios\/equipos-de-lavado-de-piezas-y-pistolas-de-pintura\/#breadcrumb","itemListElement":[{"@type":"ListItem","position":1,"name":"Portada","item":"https:\/\/sircat.com\/"},{"@type":"ListItem","position":2,"name":"Serveis","item":"https:\/\/sircat.com\/servicios\/"},{"@type":"ListItem","position":3,"name":"Equips de rentat de peces i pistoles de pintura"}]},{"@type":"WebSite","@id":"https:\/\/sircat.com\/#website","url":"https:\/\/sircat.com\/","name":"Sircat","description":"Servicios Medioambientales a todo tipo de empresas","publisher":{"@id":"https:\/\/sircat.com\/#organization"},"potentialAction":[{"@type":"SearchAction","target":{"@type":"EntryPoint","urlTemplate":"https:\/\/sircat.com\/?s={search_term_string}"},"query-input":{"@type":"PropertyValueSpecification","valueRequired":true,"valueName":"search_term_string"}}],"inLanguage":"ca"},{"@type":"Organization","@id":"https:\/\/sircat.com\/#organization","name":"Sircat","url":"https:\/\/sircat.com\/","logo":{"@type":"ImageObject","inLanguage":"ca","@id":"https:\/\/sircat.com\/#\/schema\/logo\/image\/","url":"https:\/\/sircat.com\/wp-content\/uploads\/2024\/05\/sircat.svg","contentUrl":"https:\/\/sircat.com\/wp-content\/uploads\/2024\/05\/sircat.svg","width":292,"height":80,"caption":"Sircat"},"image":{"@id":"https:\/\/sircat.com\/#\/schema\/logo\/image\/"}}]}},"_links":{"self":[{"href":"https:\/\/sircat.com\/ca\/wp-json\/wp\/v2\/pages\/2307","targetHints":{"allow":["GET"]}}],"collection":[{"href":"https:\/\/sircat.com\/ca\/wp-json\/wp\/v2\/pages"}],"about":[{"href":"https:\/\/sircat.com\/ca\/wp-json\/wp\/v2\/types\/page"}],"author":[{"embeddable":true,"href":"https:\/\/sircat.com\/ca\/wp-json\/wp\/v2\/users\/1"}],"replies":[{"embeddable":true,"href":"https:\/\/sircat.com\/ca\/wp-json\/wp\/v2\/comments?post=2307"}],"version-history":[{"count":7,"href":"https:\/\/sircat.com\/ca\/wp-json\/wp\/v2\/pages\/2307\/revisions"}],"predecessor-version":[{"id":4774,"href":"https:\/\/sircat.com\/ca\/wp-json\/wp\/v2\/pages\/2307\/revisions\/4774"}],"up":[{"embeddable":true,"href":"https:\/\/sircat.com\/ca\/wp-json\/wp\/v2\/pages\/3850"}],"wp:attachment":[{"href":"https:\/\/sircat.com\/ca\/wp-json\/wp\/v2\/media?parent=2307"}],"curies":[{"name":"wp","href":"https:\/\/api.w.org\/{rel}","templated":true}]}}