{"id":2305,"date":"2024-05-24T09:02:32","date_gmt":"2024-05-24T09:02:32","guid":{"rendered":"https:\/\/321brand.net\/sircat\/recuperacio-de-metalls\/"},"modified":"2024-11-26T12:32:20","modified_gmt":"2024-11-26T12:32:20","slug":"recuperacio-de-metalls","status":"publish","type":"page","link":"https:\/\/sircat.com\/ca\/serveis\/recuperacio-de-metalls\/","title":{"rendered":"Recuperaci\u00f3 de metalls"},"content":{"rendered":"\t\t<div data-elementor-type=\"wp-page\" data-elementor-id=\"2305\" class=\"elementor elementor-2305 elementor-26\" data-elementor-post-type=\"page\">\n\t\t\t\t<div class=\"elementor-element elementor-element-06044cf e-flex e-con-boxed elementor-invisible e-con e-parent\" data-id=\"06044cf\" data-element_type=\"container\" data-settings=\"{&quot;background_background&quot;:&quot;classic&quot;,&quot;animation&quot;:&quot;fadeInUp&quot;}\">\n\t\t\t\t\t<div class=\"e-con-inner\">\n\t\t<div class=\"elementor-element elementor-element-3b620b7 e-flex e-con-boxed e-con e-child\" data-id=\"3b620b7\" data-element_type=\"container\">\n\t\t\t\t\t<div class=\"e-con-inner\">\n\t\t<div class=\"elementor-element elementor-element-513772d e-flex e-con-boxed e-con e-child\" data-id=\"513772d\" data-element_type=\"container\">\n\t\t\t\t\t<div class=\"e-con-inner\">\n\t\t\t\t<div class=\"elementor-element elementor-element-375ccab elementor-widget elementor-widget-text-editor\" data-id=\"375ccab\" data-element_type=\"widget\" data-widget_type=\"text-editor.default\">\n\t\t\t\t<div class=\"elementor-widget-container\">\n\t\t\t\t\t\t\t<p>Serveis<\/p>\n\t\t\t\t\t\t<\/div>\n\t\t\t\t<\/div>\n\t\t\t\t\t<\/div>\n\t\t\t\t<\/div>\n\t\t\t\t\t<\/div>\n\t\t\t\t<\/div>\n\t\t<div class=\"elementor-element elementor-element-d6f8e96 e-flex e-con-boxed e-con e-child\" data-id=\"d6f8e96\" data-element_type=\"container\">\n\t\t\t\t\t<div class=\"e-con-inner\">\n\t\t<div class=\"elementor-element elementor-element-7418e52 e-con-full e-flex e-con e-child\" data-id=\"7418e52\" data-element_type=\"container\">\n\t\t\t\t<div class=\"elementor-element elementor-element-9b231c7 elementor-widget elementor-widget-text-editor\" data-id=\"9b231c7\" data-element_type=\"widget\" data-widget_type=\"text-editor.default\">\n\t\t\t\t<div class=\"elementor-widget-container\">\n\t\t\t\t\t\t\t<h1>Recuperaci\u00f3 de metalls<\/h1>\n\t\t\t\t\t\t<\/div>\n\t\t\t\t<\/div>\n\t\t\t\t<\/div>\n\t\t<div class=\"elementor-element elementor-element-8665a2d e-con-full e-flex e-con e-child\" data-id=\"8665a2d\" data-element_type=\"container\">\n\t\t\t\t<\/div>\n\t\t<div class=\"elementor-element elementor-element-ec3a21e e-flex e-con-boxed e-con e-child\" data-id=\"ec3a21e\" data-element_type=\"container\">\n\t\t\t\t\t<div class=\"e-con-inner\">\n\t\t\t\t<div class=\"elementor-element elementor-element-0c0306c elementor-widget elementor-widget-text-editor\" data-id=\"0c0306c\" data-element_type=\"widget\" data-widget_type=\"text-editor.default\">\n\t\t\t\t<div class=\"elementor-widget-container\">\n\t\t\t\t\t\t\t<h5>A Sircat abordem la recuperaci\u00f3 de metalls de forma eficient contribuint aix\u00ed a crear economia circular.<\/h5>\n\t\t\t\t\t\t<\/div>\n\t\t\t\t<\/div>\n\t\t\t\t\t<\/div>\n\t\t\t\t<\/div>\n\t\t\t\t\t<\/div>\n\t\t\t\t<\/div>\n\t\t\t\t\t<\/div>\n\t\t\t\t<\/div>\n\t\t<div class=\"elementor-element elementor-element-dd20a2d e-flex e-con-boxed elementor-invisible e-con e-parent\" data-id=\"dd20a2d\" data-element_type=\"container\" data-settings=\"{&quot;background_background&quot;:&quot;classic&quot;,&quot;animation&quot;:&quot;fadeInUp&quot;}\">\n\t\t\t\t\t<div class=\"e-con-inner\">\n\t\t\t\t\t<\/div>\n\t\t\t\t<\/div>\n\t\t<div class=\"elementor-element elementor-element-efe4246 e-flex e-con-boxed e-con e-parent\" data-id=\"efe4246\" data-element_type=\"container\" data-settings=\"{&quot;background_background&quot;:&quot;classic&quot;}\">\n\t\t\t\t\t<div class=\"e-con-inner\">\n\t\t<div class=\"elementor-element elementor-element-56f2078 e-flex e-con-boxed e-con e-child\" data-id=\"56f2078\" data-element_type=\"container\">\n\t\t\t\t\t<div class=\"e-con-inner\">\n\t\t<div class=\"elementor-element elementor-element-eb6078a e-con-full e-flex elementor-invisible e-con e-child\" data-id=\"eb6078a\" data-element_type=\"container\" data-settings=\"{&quot;animation&quot;:&quot;fadeInUp&quot;}\">\n\t\t\t\t<div class=\"elementor-element elementor-element-bf9b700 elementor-widget elementor-widget-text-editor\" data-id=\"bf9b700\" data-element_type=\"widget\" data-widget_type=\"text-editor.default\">\n\t\t\t\t<div class=\"elementor-widget-container\">\n\t\t\t\t\t\t\t<p>A les nostres plantes de reciclatge segreguem cada material d&#8217;acord amb la seva composici\u00f3 per maximitzar aix\u00ed el seu grau de recuperaci\u00f3. A partir dels RAEE, metalls com l&#8217;or, la plata, el plat\u00ed, el coure, l&#8217;estany i el plom poden recuperar-se i reutilitzar-se.<\/p>\n\t\t\t\t\t\t<\/div>\n\t\t\t\t<\/div>\n\t\t\t\t<\/div>\n\t\t<div class=\"elementor-element elementor-element-782aa65 e-con-full elementor-hidden-mobile e-flex e-con e-child\" data-id=\"782aa65\" data-element_type=\"container\">\n\t\t\t\t<\/div>\n\t\t<div class=\"elementor-element elementor-element-bede52f e-flex e-con-boxed elementor-invisible e-con e-child\" data-id=\"bede52f\" data-element_type=\"container\" data-settings=\"{&quot;animation&quot;:&quot;fadeInUp&quot;}\">\n\t\t\t\t\t<div class=\"e-con-inner\">\n\t\t\t\t<div class=\"elementor-element elementor-element-27c681c elementor-widget elementor-widget-text-editor\" data-id=\"27c681c\" data-element_type=\"widget\" data-widget_type=\"text-editor.default\">\n\t\t\t\t<div class=\"elementor-widget-container\">\n\t\t\t\t\t\t\t<p>Recuperar aquests recursos ajuda a reduir la necessitat de materials verges i l&#8217; impacte mediambiental de les operacions mineres.<\/p>\n\t\t\t\t\t\t<\/div>\n\t\t\t\t<\/div>\n\t\t\t\t\t<\/div>\n\t\t\t\t<\/div>\n\t\t\t\t\t<\/div>\n\t\t\t\t<\/div>\n\t\t\t\t\t<\/div>\n\t\t\t\t<\/div>\n\t\t<div class=\"elementor-element elementor-element-7c2c641 e-flex e-con-boxed e-con e-parent\" data-id=\"7c2c641\" data-element_type=\"container\" data-settings=\"{&quot;background_background&quot;:&quot;classic&quot;}\">\n\t\t\t\t\t<div class=\"e-con-inner\">\n\t\t<div class=\"elementor-element elementor-element-df08fbe e-con-full e-flex elementor-invisible e-con e-child\" data-id=\"df08fbe\" data-element_type=\"container\" data-settings=\"{&quot;background_background&quot;:&quot;classic&quot;,&quot;animation&quot;:&quot;fadeInUp&quot;}\">\n\t\t\t\t<div class=\"elementor-element elementor-element-58e893f elementor-widget elementor-widget-text-editor\" data-id=\"58e893f\" data-element_type=\"widget\" data-widget_type=\"text-editor.default\">\n\t\t\t\t<div class=\"elementor-widget-container\">\n\t\t\t\t\t\t\t<h5><img decoding=\"async\" class=\"alignnone wp-image-945\" src=\"https:\/\/sircat.com\/wp-content\/uploads\/2024\/07\/Destruccion-1.svg\" alt=\"\" width=\"71\" height=\"60\"><\/h5>\n<h5>Classificaci\u00f3 avan\u00e7ada<\/h5>\n<p>Identifiquem i separem de manera eficient els residus met\u00e0l\u00b7lics.<\/p>\n\t\t\t\t\t\t<\/div>\n\t\t\t\t<\/div>\n\t\t\t\t<\/div>\n\t\t<div class=\"elementor-element elementor-element-583783b e-con-full e-flex elementor-invisible e-con e-child\" data-id=\"583783b\" data-element_type=\"container\" data-settings=\"{&quot;background_background&quot;:&quot;classic&quot;,&quot;animation&quot;:&quot;fadeInUp&quot;}\">\n\t\t\t\t<div class=\"elementor-element elementor-element-e5e4d9c elementor-widget elementor-widget-text-editor\" data-id=\"e5e4d9c\" data-element_type=\"widget\" data-widget_type=\"text-editor.default\">\n\t\t\t\t<div class=\"elementor-widget-container\">\n\t\t\t\t\t\t\t<h5><img decoding=\"async\" class=\"alignnone wp-image-627\" src=\"https:\/\/sircat.com\/wp-content\/uploads\/2024\/07\/icon_Concencia-medioambiental.svg\" alt=\"Conc\u00e8ncia mediambiental\" width=\"48\" height=\"60\"><\/h5>\n<h5>Recuperaci\u00f3 responsable<\/h5>\n<p>Cada pas del nostre proc\u00e9s el dissenyem per minimitzar l&#8217;impacte i maximitzar l&#8217;efici\u00e8ncia en la separaci\u00f3 de metalls.<\/p>\n\t\t\t\t\t\t<\/div>\n\t\t\t\t<\/div>\n\t\t\t\t<\/div>\n\t\t\t\t\t<\/div>\n\t\t\t\t<\/div>\n\t\t<div class=\"elementor-element elementor-element-2d23502 e-flex e-con-boxed e-con e-parent\" data-id=\"2d23502\" data-element_type=\"container\" data-settings=\"{&quot;background_background&quot;:&quot;classic&quot;}\">\n\t\t\t\t\t<div class=\"e-con-inner\">\n\t\t<div class=\"elementor-element elementor-element-b4e9158 e-con-full e-flex elementor-invisible e-con e-child\" data-id=\"b4e9158\" data-element_type=\"container\" data-settings=\"{&quot;background_background&quot;:&quot;classic&quot;,&quot;animation&quot;:&quot;fadeInUp&quot;}\">\n\t\t\t\t<div class=\"elementor-element elementor-element-e45dbaf elementor-widget elementor-widget-text-editor\" data-id=\"e45dbaf\" data-element_type=\"widget\" data-widget_type=\"text-editor.default\">\n\t\t\t\t<div class=\"elementor-widget-container\">\n\t\t\t\t\t\t\t<h5><img decoding=\"async\" class=\"alignnone wp-image-638\" src=\"https:\/\/sircat.com\/wp-content\/uploads\/2024\/07\/icon_Gestion-de-residuos-.svg\" alt=\"Gestion de residus\" width=\"57\" height=\"60\"><\/h5>\n<h5>Varietat de metalls recuperats<\/h5>\n<p>Gestionem una \u00e0mplia gamma de metalls, des dels m\u00e9s comuns fins als m\u00e9s especials. <\/p>\n\t\t\t\t\t\t<\/div>\n\t\t\t\t<\/div>\n\t\t\t\t<\/div>\n\t\t<div class=\"elementor-element elementor-element-dd1f151 e-con-full e-flex elementor-invisible e-con e-child\" data-id=\"dd1f151\" data-element_type=\"container\" data-settings=\"{&quot;background_background&quot;:&quot;classic&quot;,&quot;animation&quot;:&quot;fadeInUp&quot;}\">\n\t\t\t\t<div class=\"elementor-element elementor-element-d2fa6dd elementor-widget elementor-widget-text-editor\" data-id=\"d2fa6dd\" data-element_type=\"widget\" data-widget_type=\"text-editor.default\">\n\t\t\t\t<div class=\"elementor-widget-container\">\n\t\t\t\t\t\t\t<h5><img loading=\"lazy\" decoding=\"async\" class=\"alignnone wp-image-624\" src=\"https:\/\/sircat.com\/wp-content\/uploads\/2024\/07\/icon_Circularidad-40.svg\" alt=\"Circularitat\" width=\"50\" height=\"60\"><\/h5>\n<h5>Generaci\u00f3 d&#8217;ingressos<\/h5>\n<p>Oferim als nostres clients l&#8217;oportunitat de generar ingressos addicionals a trav\u00e9s de la recuperaci\u00f3 de metalls, valorant-los a preus competitius. <\/p>\n\t\t\t\t\t\t<\/div>\n\t\t\t\t<\/div>\n\t\t\t\t<\/div>\n\t\t\t\t\t<\/div>\n\t\t\t\t<\/div>\n\t\t<div class=\"elementor-element elementor-element-629089c elementor-hidden-desktop elementor-hidden-tablet elementor-hidden-mobile e-flex e-con-boxed e-con e-parent\" data-id=\"629089c\" data-element_type=\"container\" data-settings=\"{&quot;background_background&quot;:&quot;classic&quot;}\">\n\t\t\t\t\t<div class=\"e-con-inner\">\n\t\t\t\t<div class=\"elementor-element elementor-element-42b9c08 elementor-invisible elementor-widget elementor-widget-image\" data-id=\"42b9c08\" data-element_type=\"widget\" data-settings=\"{&quot;_animation&quot;:&quot;fadeInUp&quot;}\" data-widget_type=\"image.default\">\n\t\t\t\t<div class=\"elementor-widget-container\">\n\t\t\t\t\t\t\t\t\t\t\t\t\t<img loading=\"lazy\" decoding=\"async\" width=\"800\" height=\"450\" src=\"https:\/\/sircat.com\/wp-content\/uploads\/2024\/06\/flota-sircat-1024x576.jpg\" class=\"attachment-large size-large wp-image-538\" alt=\"\" srcset=\"https:\/\/sircat.com\/wp-content\/uploads\/2024\/06\/flota-sircat-1024x576.jpg 1024w, https:\/\/sircat.com\/wp-content\/uploads\/2024\/06\/flota-sircat-300x169.jpg 300w, https:\/\/sircat.com\/wp-content\/uploads\/2024\/06\/flota-sircat-768x432.jpg 768w, https:\/\/sircat.com\/wp-content\/uploads\/2024\/06\/flota-sircat-1536x864.jpg 1536w, https:\/\/sircat.com\/wp-content\/uploads\/2024\/06\/flota-sircat.jpg 1920w\" sizes=\"(max-width: 800px) 100vw, 800px\" \/>\t\t\t\t\t\t\t\t\t\t\t\t\t<\/div>\n\t\t\t\t<\/div>\n\t\t\t\t\t<\/div>\n\t\t\t\t<\/div>\n\t\t<div class=\"elementor-element elementor-element-12a236a e-flex e-con-boxed elementor-invisible e-con e-parent\" data-id=\"12a236a\" data-element_type=\"container\" data-settings=\"{&quot;background_background&quot;:&quot;classic&quot;,&quot;animation&quot;:&quot;fadeInUp&quot;}\">\n\t\t\t\t\t<div class=\"e-con-inner\">\n\t\t<div class=\"elementor-element elementor-element-2a29ca7 e-con-full e-flex e-con e-child\" data-id=\"2a29ca7\" data-element_type=\"container\">\n\t\t\t\t<div class=\"elementor-element elementor-element-65611cb elementor-widget elementor-widget-text-editor\" data-id=\"65611cb\" data-element_type=\"widget\" data-widget_type=\"text-editor.default\">\n\t\t\t\t<div class=\"elementor-widget-container\">\n\t\t\t\t\t\t\t<h4><span style=\"color: #ffffff;\">Si necessites m\u00e9s informaci\u00f3 sobre les nostres plantes de gesti\u00f3, vols sol\u00b7licitar algun dels nostres serveis o vols saber-ne m\u00e9s sobre la nostra companyia<\/p>\n<p><\/span><\/h4>\n\t\t\t\t\t\t<\/div>\n\t\t\t\t<\/div>\n\t\t\t\t<\/div>\n\t\t<div class=\"elementor-element elementor-element-33fc5af e-flex e-con-boxed e-con e-child\" data-id=\"33fc5af\" data-element_type=\"container\">\n\t\t\t\t\t<div class=\"e-con-inner\">\n\t\t\t\t<div class=\"elementor-element elementor-element-b036b1c elementor-align-center elementor-widget elementor-widget-button\" data-id=\"b036b1c\" data-element_type=\"widget\" data-widget_type=\"button.default\">\n\t\t\t\t<div class=\"elementor-widget-container\">\n\t\t\t\t\t<div class=\"elementor-button-wrapper\">\n\t\t\t<a class=\"elementor-button elementor-button-link elementor-size-sm\" href=\"https:\/\/sircat.com\/ca\/contacte\/\">\n\t\t\t\t\t\t<span class=\"elementor-button-content-wrapper\">\n\t\t\t\t\t\t\t\t\t<span class=\"elementor-button-text\">Sol\u00b7licitar informaci\u00f3<\/span>\n\t\t\t\t\t<\/span>\n\t\t\t\t\t<\/a>\n\t\t<\/div>\n\t\t\t\t<\/div>\n\t\t\t\t<\/div>\n\t\t\t\t\t<\/div>\n\t\t\t\t<\/div>\n\t\t\t\t\t<\/div>\n\t\t\t\t<\/div>\n\t\t\t\t<\/div>\n\t\t","protected":false},"excerpt":{"rendered":"<p>Serveis Recuperaci\u00f3 de metalls A Sircat abordem la recuperaci\u00f3 de metalls de forma eficient contribuint aix\u00ed a crear economia circular. A les nostres plantes de reciclatge segreguem cada material d&#8217;acord amb la seva composici\u00f3 per maximitzar aix\u00ed el seu grau de recuperaci\u00f3. A partir dels RAEE, metalls com l&#8217;or, la plata, el plat\u00ed, el coure, [&hellip;]<\/p>\n","protected":false},"author":1,"featured_media":0,"parent":3850,"menu_order":0,"comment_status":"closed","ping_status":"closed","template":"","meta":{"_acf_changed":false,"footnotes":""},"class_list":["post-2305","page","type-page","status-publish","hentry"],"acf":[],"yoast_head":"<!-- This site is optimized with the Yoast SEO plugin v23.8 - https:\/\/yoast.com\/wordpress\/plugins\/seo\/ -->\n<title>Recuperaci\u00f3 de metalls - Sircat<\/title>\n<meta name=\"description\" content=\"Especialistes en recuperaci\u00f3 de metalls amb processos eficients i sostenibles. Contribueix al reciclatge i a cura del medi ambient. Contacta&#039;ns!\" \/>\n<meta name=\"robots\" content=\"index, follow, max-snippet:-1, max-image-preview:large, max-video-preview:-1\" \/>\n<link rel=\"canonical\" href=\"https:\/\/sircat.com\/servicios\/recuperacion-de-metales\/\" \/>\n<meta property=\"og:locale\" content=\"ca_ES\" \/>\n<meta property=\"og:type\" content=\"article\" \/>\n<meta property=\"og:title\" content=\"Recuperaci\u00f3 de metalls - Sircat\" \/>\n<meta property=\"og:description\" content=\"Especialistes en recuperaci\u00f3 de metalls amb processos eficients i sostenibles. Contribueix al reciclatge i a cura del medi ambient. Contacta&#039;ns!\" \/>\n<meta property=\"og:url\" content=\"https:\/\/sircat.com\/servicios\/recuperacion-de-metales\/\" \/>\n<meta property=\"og:site_name\" content=\"Sircat\" \/>\n<meta property=\"article:modified_time\" content=\"2024-11-26T12:32:20+00:00\" \/>\n<meta property=\"og:image\" content=\"https:\/\/sircat.com\/wp-content\/uploads\/2024\/07\/Destruccion-1.svg\" \/>\n<meta name=\"twitter:card\" content=\"summary_large_image\" \/>\n<meta name=\"twitter:label1\" content=\"Temps estimat de lectura\" \/>\n\t<meta name=\"twitter:data1\" content=\"2 minuts\" \/>\n<script type=\"application\/ld+json\" class=\"yoast-schema-graph\">{\"@context\":\"https:\/\/schema.org\",\"@graph\":[{\"@type\":\"WebPage\",\"@id\":\"https:\/\/sircat.com\/servicios\/recuperacion-de-metales\/\",\"url\":\"https:\/\/sircat.com\/servicios\/recuperacion-de-metales\/\",\"name\":\"Recuperaci\u00f3 de metalls - Sircat\",\"isPartOf\":{\"@id\":\"https:\/\/sircat.com\/#website\"},\"primaryImageOfPage\":{\"@id\":\"https:\/\/sircat.com\/servicios\/recuperacion-de-metales\/#primaryimage\"},\"image\":{\"@id\":\"https:\/\/sircat.com\/servicios\/recuperacion-de-metales\/#primaryimage\"},\"thumbnailUrl\":\"https:\/\/sircat.com\/wp-content\/uploads\/2024\/07\/Destruccion-1.svg\",\"datePublished\":\"2024-05-24T09:02:32+00:00\",\"dateModified\":\"2024-11-26T12:32:20+00:00\",\"description\":\"Especialistes en recuperaci\u00f3 de metalls amb processos eficients i sostenibles. Contribueix al reciclatge i a cura del medi ambient. Contacta'ns!\",\"breadcrumb\":{\"@id\":\"https:\/\/sircat.com\/servicios\/recuperacion-de-metales\/#breadcrumb\"},\"inLanguage\":\"ca\",\"potentialAction\":[{\"@type\":\"ReadAction\",\"target\":[\"https:\/\/sircat.com\/servicios\/recuperacion-de-metales\/\"]}]},{\"@type\":\"ImageObject\",\"inLanguage\":\"ca\",\"@id\":\"https:\/\/sircat.com\/servicios\/recuperacion-de-metales\/#primaryimage\",\"url\":\"https:\/\/sircat.com\/wp-content\/uploads\/2024\/07\/Destruccion-1.svg\",\"contentUrl\":\"https:\/\/sircat.com\/wp-content\/uploads\/2024\/07\/Destruccion-1.svg\"},{\"@type\":\"BreadcrumbList\",\"@id\":\"https:\/\/sircat.com\/servicios\/recuperacion-de-metales\/#breadcrumb\",\"itemListElement\":[{\"@type\":\"ListItem\",\"position\":1,\"name\":\"Portada\",\"item\":\"https:\/\/sircat.com\/\"},{\"@type\":\"ListItem\",\"position\":2,\"name\":\"Serveis\",\"item\":\"https:\/\/sircat.com\/servicios\/\"},{\"@type\":\"ListItem\",\"position\":3,\"name\":\"Recuperaci\u00f3 de metalls\"}]},{\"@type\":\"WebSite\",\"@id\":\"https:\/\/sircat.com\/#website\",\"url\":\"https:\/\/sircat.com\/\",\"name\":\"Sircat\",\"description\":\"Servicios Medioambientales a todo tipo de empresas\",\"publisher\":{\"@id\":\"https:\/\/sircat.com\/#organization\"},\"potentialAction\":[{\"@type\":\"SearchAction\",\"target\":{\"@type\":\"EntryPoint\",\"urlTemplate\":\"https:\/\/sircat.com\/?s={search_term_string}\"},\"query-input\":{\"@type\":\"PropertyValueSpecification\",\"valueRequired\":true,\"valueName\":\"search_term_string\"}}],\"inLanguage\":\"ca\"},{\"@type\":\"Organization\",\"@id\":\"https:\/\/sircat.com\/#organization\",\"name\":\"Sircat\",\"url\":\"https:\/\/sircat.com\/\",\"logo\":{\"@type\":\"ImageObject\",\"inLanguage\":\"ca\",\"@id\":\"https:\/\/sircat.com\/#\/schema\/logo\/image\/\",\"url\":\"https:\/\/sircat.com\/wp-content\/uploads\/2024\/05\/sircat.svg\",\"contentUrl\":\"https:\/\/sircat.com\/wp-content\/uploads\/2024\/05\/sircat.svg\",\"width\":292,\"height\":80,\"caption\":\"Sircat\"},\"image\":{\"@id\":\"https:\/\/sircat.com\/#\/schema\/logo\/image\/\"}}]}<\/script>\n<!-- \/ Yoast SEO plugin. -->","yoast_head_json":{"title":"Recuperaci\u00f3 de metalls - Sircat","description":"Especialistes en recuperaci\u00f3 de metalls amb processos eficients i sostenibles. Contribueix al reciclatge i a cura del medi ambient. Contacta'ns!","robots":{"index":"index","follow":"follow","max-snippet":"max-snippet:-1","max-image-preview":"max-image-preview:large","max-video-preview":"max-video-preview:-1"},"canonical":"https:\/\/sircat.com\/servicios\/recuperacion-de-metales\/","og_locale":"ca_ES","og_type":"article","og_title":"Recuperaci\u00f3 de metalls - Sircat","og_description":"Especialistes en recuperaci\u00f3 de metalls amb processos eficients i sostenibles. Contribueix al reciclatge i a cura del medi ambient. Contacta'ns!","og_url":"https:\/\/sircat.com\/servicios\/recuperacion-de-metales\/","og_site_name":"Sircat","article_modified_time":"2024-11-26T12:32:20+00:00","og_image":[{"url":"https:\/\/sircat.com\/wp-content\/uploads\/2024\/07\/Destruccion-1.svg"}],"twitter_card":"summary_large_image","twitter_misc":{"Temps estimat de lectura":"2 minuts"},"schema":{"@context":"https:\/\/schema.org","@graph":[{"@type":"WebPage","@id":"https:\/\/sircat.com\/servicios\/recuperacion-de-metales\/","url":"https:\/\/sircat.com\/servicios\/recuperacion-de-metales\/","name":"Recuperaci\u00f3 de metalls - Sircat","isPartOf":{"@id":"https:\/\/sircat.com\/#website"},"primaryImageOfPage":{"@id":"https:\/\/sircat.com\/servicios\/recuperacion-de-metales\/#primaryimage"},"image":{"@id":"https:\/\/sircat.com\/servicios\/recuperacion-de-metales\/#primaryimage"},"thumbnailUrl":"https:\/\/sircat.com\/wp-content\/uploads\/2024\/07\/Destruccion-1.svg","datePublished":"2024-05-24T09:02:32+00:00","dateModified":"2024-11-26T12:32:20+00:00","description":"Especialistes en recuperaci\u00f3 de metalls amb processos eficients i sostenibles. Contribueix al reciclatge i a cura del medi ambient. Contacta'ns!","breadcrumb":{"@id":"https:\/\/sircat.com\/servicios\/recuperacion-de-metales\/#breadcrumb"},"inLanguage":"ca","potentialAction":[{"@type":"ReadAction","target":["https:\/\/sircat.com\/servicios\/recuperacion-de-metales\/"]}]},{"@type":"ImageObject","inLanguage":"ca","@id":"https:\/\/sircat.com\/servicios\/recuperacion-de-metales\/#primaryimage","url":"https:\/\/sircat.com\/wp-content\/uploads\/2024\/07\/Destruccion-1.svg","contentUrl":"https:\/\/sircat.com\/wp-content\/uploads\/2024\/07\/Destruccion-1.svg"},{"@type":"BreadcrumbList","@id":"https:\/\/sircat.com\/servicios\/recuperacion-de-metales\/#breadcrumb","itemListElement":[{"@type":"ListItem","position":1,"name":"Portada","item":"https:\/\/sircat.com\/"},{"@type":"ListItem","position":2,"name":"Serveis","item":"https:\/\/sircat.com\/servicios\/"},{"@type":"ListItem","position":3,"name":"Recuperaci\u00f3 de metalls"}]},{"@type":"WebSite","@id":"https:\/\/sircat.com\/#website","url":"https:\/\/sircat.com\/","name":"Sircat","description":"Servicios Medioambientales a todo tipo de empresas","publisher":{"@id":"https:\/\/sircat.com\/#organization"},"potentialAction":[{"@type":"SearchAction","target":{"@type":"EntryPoint","urlTemplate":"https:\/\/sircat.com\/?s={search_term_string}"},"query-input":{"@type":"PropertyValueSpecification","valueRequired":true,"valueName":"search_term_string"}}],"inLanguage":"ca"},{"@type":"Organization","@id":"https:\/\/sircat.com\/#organization","name":"Sircat","url":"https:\/\/sircat.com\/","logo":{"@type":"ImageObject","inLanguage":"ca","@id":"https:\/\/sircat.com\/#\/schema\/logo\/image\/","url":"https:\/\/sircat.com\/wp-content\/uploads\/2024\/05\/sircat.svg","contentUrl":"https:\/\/sircat.com\/wp-content\/uploads\/2024\/05\/sircat.svg","width":292,"height":80,"caption":"Sircat"},"image":{"@id":"https:\/\/sircat.com\/#\/schema\/logo\/image\/"}}]}},"_links":{"self":[{"href":"https:\/\/sircat.com\/ca\/wp-json\/wp\/v2\/pages\/2305","targetHints":{"allow":["GET"]}}],"collection":[{"href":"https:\/\/sircat.com\/ca\/wp-json\/wp\/v2\/pages"}],"about":[{"href":"https:\/\/sircat.com\/ca\/wp-json\/wp\/v2\/types\/page"}],"author":[{"embeddable":true,"href":"https:\/\/sircat.com\/ca\/wp-json\/wp\/v2\/users\/1"}],"replies":[{"embeddable":true,"href":"https:\/\/sircat.com\/ca\/wp-json\/wp\/v2\/comments?post=2305"}],"version-history":[{"count":8,"href":"https:\/\/sircat.com\/ca\/wp-json\/wp\/v2\/pages\/2305\/revisions"}],"predecessor-version":[{"id":4756,"href":"https:\/\/sircat.com\/ca\/wp-json\/wp\/v2\/pages\/2305\/revisions\/4756"}],"up":[{"embeddable":true,"href":"https:\/\/sircat.com\/ca\/wp-json\/wp\/v2\/pages\/3850"}],"wp:attachment":[{"href":"https:\/\/sircat.com\/ca\/wp-json\/wp\/v2\/media?parent=2305"}],"curies":[{"name":"wp","href":"https:\/\/api.w.org\/{rel}","templated":true}]}}