{"id":2301,"date":"2024-05-24T09:02:19","date_gmt":"2024-05-24T09:02:19","guid":{"rendered":"https:\/\/321brand.net\/sircat\/consultoria-mediambiental\/"},"modified":"2024-11-26T12:35:29","modified_gmt":"2024-11-26T12:35:29","slug":"consultoria-mediambiental","status":"publish","type":"page","link":"https:\/\/sircat.com\/ca\/serveis\/consultoria-mediambiental\/","title":{"rendered":"Consultoria mediambiental"},"content":{"rendered":"\t\t<div data-elementor-type=\"wp-page\" data-elementor-id=\"2301\" class=\"elementor elementor-2301 elementor-24\" data-elementor-post-type=\"page\">\n\t\t\t\t<div class=\"elementor-element elementor-element-ea90bce e-flex e-con-boxed elementor-invisible e-con e-parent\" data-id=\"ea90bce\" data-element_type=\"container\" data-settings=\"{&quot;background_background&quot;:&quot;classic&quot;,&quot;animation&quot;:&quot;fadeInUp&quot;}\">\n\t\t\t\t\t<div class=\"e-con-inner\">\n\t\t<div class=\"elementor-element elementor-element-3f41b30 e-flex e-con-boxed e-con e-child\" data-id=\"3f41b30\" data-element_type=\"container\">\n\t\t\t\t\t<div class=\"e-con-inner\">\n\t\t<div class=\"elementor-element elementor-element-a68f0ee e-flex e-con-boxed e-con e-child\" data-id=\"a68f0ee\" data-element_type=\"container\">\n\t\t\t\t\t<div class=\"e-con-inner\">\n\t\t\t\t<div class=\"elementor-element elementor-element-2e30ab6 elementor-widget elementor-widget-text-editor\" data-id=\"2e30ab6\" data-element_type=\"widget\" data-widget_type=\"text-editor.default\">\n\t\t\t\t<div class=\"elementor-widget-container\">\n\t\t\t\t\t\t\t<p>Serveis<\/p>\n\t\t\t\t\t\t<\/div>\n\t\t\t\t<\/div>\n\t\t\t\t\t<\/div>\n\t\t\t\t<\/div>\n\t\t\t\t\t<\/div>\n\t\t\t\t<\/div>\n\t\t<div class=\"elementor-element elementor-element-a777f25 e-flex e-con-boxed e-con e-child\" data-id=\"a777f25\" data-element_type=\"container\">\n\t\t\t\t\t<div class=\"e-con-inner\">\n\t\t<div class=\"elementor-element elementor-element-d29084b e-con-full e-flex e-con e-child\" data-id=\"d29084b\" data-element_type=\"container\">\n\t\t\t\t<div class=\"elementor-element elementor-element-89395df elementor-widget elementor-widget-text-editor\" data-id=\"89395df\" data-element_type=\"widget\" data-widget_type=\"text-editor.default\">\n\t\t\t\t<div class=\"elementor-widget-container\">\n\t\t\t\t\t\t\t<h1>Consultoria mediambiental<\/h1>\n\t\t\t\t\t\t<\/div>\n\t\t\t\t<\/div>\n\t\t\t\t<\/div>\n\t\t<div class=\"elementor-element elementor-element-a10a39f e-con-full e-flex e-con e-child\" data-id=\"a10a39f\" data-element_type=\"container\">\n\t\t\t\t<\/div>\n\t\t<div class=\"elementor-element elementor-element-447264d e-flex e-con-boxed e-con e-child\" data-id=\"447264d\" data-element_type=\"container\">\n\t\t\t\t\t<div class=\"e-con-inner\">\n\t\t\t\t<div class=\"elementor-element elementor-element-a57bda8 elementor-widget elementor-widget-text-editor\" data-id=\"a57bda8\" data-element_type=\"widget\" data-widget_type=\"text-editor.default\">\n\t\t\t\t<div class=\"elementor-widget-container\">\n\t\t\t\t\t\t\t<h5>El nostre servei de consultoria mediambiental est\u00e0 liderat per personal propi qualificat i multidisciplinari. T\u00e8cnics de laboratori, enginyers qu\u00edmics i ambient\u00f2legs aporten el seu coneixement per guiar les empreses cap a pr\u00e0ctiques m\u00e9s sostenibles i complir amb les regulacions ambientals actuals. <\/h5>\n\t\t\t\t\t\t<\/div>\n\t\t\t\t<\/div>\n\t\t\t\t\t<\/div>\n\t\t\t\t<\/div>\n\t\t\t\t\t<\/div>\n\t\t\t\t<\/div>\n\t\t\t\t\t<\/div>\n\t\t\t\t<\/div>\n\t\t<div class=\"elementor-element elementor-element-c184b00 e-flex e-con-boxed elementor-invisible e-con e-parent\" data-id=\"c184b00\" data-element_type=\"container\" data-settings=\"{&quot;background_background&quot;:&quot;classic&quot;,&quot;animation&quot;:&quot;fadeInUp&quot;}\">\n\t\t\t\t\t<div class=\"e-con-inner\">\n\t\t\t\t\t<\/div>\n\t\t\t\t<\/div>\n\t\t<div class=\"elementor-element elementor-element-e40bb9f e-flex e-con-boxed e-con e-parent\" data-id=\"e40bb9f\" data-element_type=\"container\" data-settings=\"{&quot;background_background&quot;:&quot;classic&quot;}\">\n\t\t\t\t\t<div class=\"e-con-inner\">\n\t\t<div class=\"elementor-element elementor-element-2fadcf7 e-flex e-con-boxed e-con e-child\" data-id=\"2fadcf7\" data-element_type=\"container\">\n\t\t\t\t\t<div class=\"e-con-inner\">\n\t\t<div class=\"elementor-element elementor-element-f4c1927 e-con-full e-flex elementor-invisible e-con e-child\" data-id=\"f4c1927\" data-element_type=\"container\" data-settings=\"{&quot;animation&quot;:&quot;fadeInUp&quot;}\">\n\t\t\t\t<div class=\"elementor-element elementor-element-f5e63a5 elementor-widget elementor-widget-text-editor\" data-id=\"f5e63a5\" data-element_type=\"widget\" data-widget_type=\"text-editor.default\">\n\t\t\t\t<div class=\"elementor-widget-container\">\n\t\t\t\t\t\t\t<p>Des de Sircat acompanyem les empreses a mitigar l&#8217;impacte de la seva activitat sobre el medi ambient. Abordem aquesta tasca des d&#8217;una doble perspectiva: afrontar els reptes mediambientals, i en paral\u00b7lel, estalviar costos en tots aquells processos en qu\u00e8 sigui possible. <\/p>\n\t\t\t\t\t\t<\/div>\n\t\t\t\t<\/div>\n\t\t\t\t<\/div>\n\t\t<div class=\"elementor-element elementor-element-b5c3c76 e-con-full elementor-hidden-mobile e-flex e-con e-child\" data-id=\"b5c3c76\" data-element_type=\"container\">\n\t\t\t\t<\/div>\n\t\t<div class=\"elementor-element elementor-element-4308020 e-flex e-con-boxed elementor-invisible e-con e-child\" data-id=\"4308020\" data-element_type=\"container\" data-settings=\"{&quot;animation&quot;:&quot;fadeInUp&quot;}\">\n\t\t\t\t\t<div class=\"e-con-inner\">\n\t\t\t\t<div class=\"elementor-element elementor-element-fef7081 elementor-widget elementor-widget-text-editor\" data-id=\"fef7081\" data-element_type=\"widget\" data-widget_type=\"text-editor.default\">\n\t\t\t\t<div class=\"elementor-widget-container\">\n\t\t\t\t\t\t\t<p>El nostre profund coneixement de la normativa i les particularitats de la correcta gesti\u00f3 de residus ens permet oferir solucions personalitzades basades en els requisits espec\u00edfics de cada client. <\/p>\n\t\t\t\t\t\t<\/div>\n\t\t\t\t<\/div>\n\t\t\t\t\t<\/div>\n\t\t\t\t<\/div>\n\t\t\t\t\t<\/div>\n\t\t\t\t<\/div>\n\t\t\t\t\t<\/div>\n\t\t\t\t<\/div>\n\t\t<div class=\"elementor-element elementor-element-282dcf9 e-flex e-con-boxed e-con e-parent\" data-id=\"282dcf9\" data-element_type=\"container\" data-settings=\"{&quot;background_background&quot;:&quot;classic&quot;}\">\n\t\t\t\t\t<div class=\"e-con-inner\">\n\t\t<div class=\"elementor-element elementor-element-2b39406 e-con-full e-flex elementor-invisible e-con e-child\" data-id=\"2b39406\" data-element_type=\"container\" data-settings=\"{&quot;background_background&quot;:&quot;classic&quot;,&quot;animation&quot;:&quot;fadeInUp&quot;}\">\n\t\t\t\t<div class=\"elementor-element elementor-element-1d8a363 elementor-widget elementor-widget-text-editor\" data-id=\"1d8a363\" data-element_type=\"widget\" data-widget_type=\"text-editor.default\">\n\t\t\t\t<div class=\"elementor-widget-container\">\n\t\t\t\t\t\t\t<h5><img decoding=\"async\" class=\"alignnone wp-image-651\" src=\"https:\/\/sircat.com\/wp-content\/uploads\/2024\/07\/icon_Normativa-22.svg\" alt=\"Normativa\" width=\"64\" height=\"70\"><\/h5>\n<h5>Assessoria Legal\/Normativa<\/h5>\n<p>Proporcionem assessorament en mat\u00e8ria legal i normativa ambiental. Ens encarreguem de gestionar autoritzacions, certificats, estudis i legalitzacions necessaris per garantir que les operacions de les empreses compleixin amb els requisits legals vigents. Amb un enfocament proactiu, treballem per anticipar i abordar qualsevol canvi normatiu que pugui afectar els nostres clients.<\/p>\n\t\t\t\t\t\t<\/div>\n\t\t\t\t<\/div>\n\t\t\t\t<\/div>\n\t\t<div class=\"elementor-element elementor-element-1a1ce05 e-con-full e-flex elementor-invisible e-con e-child\" data-id=\"1a1ce05\" data-element_type=\"container\" data-settings=\"{&quot;background_background&quot;:&quot;classic&quot;,&quot;animation&quot;:&quot;fadeInUp&quot;}\">\n\t\t\t\t<div class=\"elementor-element elementor-element-69f1d6d elementor-widget elementor-widget-text-editor\" data-id=\"69f1d6d\" data-element_type=\"widget\" data-widget_type=\"text-editor.default\">\n\t\t\t\t<div class=\"elementor-widget-container\">\n\t\t\t\t\t\t\t<h5><img decoding=\"async\" class=\"alignnone wp-image-628\" src=\"https:\/\/sircat.com\/wp-content\/uploads\/2024\/07\/icon_Consultoria-medioambiental.svg\" alt=\"Consultoria mediambiental\" width=\"63\" height=\"71\"><\/h5>\n<h5>Cursos de formaci\u00f3 ambiental a mida<\/h5>\n<p>Reconeixent la import\u00e0ncia de la capacitaci\u00f3 cont\u00ednua, oferim cursos de formaci\u00f3 ambiental adaptats a les necessitats espec\u00edfiques de cada empresa. Els nostres programes formatius estan dissenyats per millorar la consci\u00e8ncia ambiental, promoure bones pr\u00e0ctiques i dotar els nostres clients de les habilitats necess\u00e0ries per reduir la seva empremta ambiental.<\/p>\n\t\t\t\t\t\t<\/div>\n\t\t\t\t<\/div>\n\t\t\t\t<\/div>\n\t\t\t\t\t<\/div>\n\t\t\t\t<\/div>\n\t\t<div class=\"elementor-element elementor-element-836fa6e e-flex e-con-boxed e-con e-parent\" data-id=\"836fa6e\" data-element_type=\"container\" data-settings=\"{&quot;background_background&quot;:&quot;classic&quot;}\">\n\t\t\t\t\t<div class=\"e-con-inner\">\n\t\t<div class=\"elementor-element elementor-element-7ff91e7 e-con-full e-flex elementor-invisible e-con e-child\" data-id=\"7ff91e7\" data-element_type=\"container\" data-settings=\"{&quot;background_background&quot;:&quot;classic&quot;,&quot;animation&quot;:&quot;fadeInUp&quot;}\">\n\t\t\t\t<div class=\"elementor-element elementor-element-006547f elementor-widget elementor-widget-text-editor\" data-id=\"006547f\" data-element_type=\"widget\" data-widget_type=\"text-editor.default\">\n\t\t\t\t<div class=\"elementor-widget-container\">\n\t\t\t\t\t\t\t<h5><img decoding=\"async\" class=\"alignnone wp-image-671\" src=\"https:\/\/sircat.com\/wp-content\/uploads\/2024\/07\/icon_Trabajo-en-equipo.svg\" alt=\"Trabajo en equipo\" width=\"70\" height=\"70\"><\/h5>\n<h5>Participaci\u00f3 en pon\u00e8ncies i<br \/>difusi\u00f3 de bones pr\u00e0ctiques<\/h5>\n<p>A Sircat, no nom\u00e9s oferim serveis, sin\u00f3 que tamb\u00e9 ens comprometem activament en la difusi\u00f3 de coneixements i bones pr\u00e0ctiques ambientals.<\/p>\n<p>Participem en pon\u00e8ncies, esdeveniments i col\u00b7laborem en activitats de divulgaci\u00f3 per compartir experi\u00e8ncies.<\/p>\n\t\t\t\t\t\t<\/div>\n\t\t\t\t<\/div>\n\t\t\t\t<\/div>\n\t\t<div class=\"elementor-element elementor-element-4ebd726 e-con-full e-flex elementor-invisible e-con e-child\" data-id=\"4ebd726\" data-element_type=\"container\" data-settings=\"{&quot;background_background&quot;:&quot;classic&quot;,&quot;animation&quot;:&quot;fadeInUp&quot;}\">\n\t\t\t\t<\/div>\n\t\t\t\t\t<\/div>\n\t\t\t\t<\/div>\n\t\t<div class=\"elementor-element elementor-element-e3a2496 e-flex e-con-boxed elementor-invisible e-con e-parent\" data-id=\"e3a2496\" data-element_type=\"container\" data-settings=\"{&quot;background_background&quot;:&quot;classic&quot;,&quot;animation&quot;:&quot;fadeInUp&quot;}\">\n\t\t\t\t\t<div class=\"e-con-inner\">\n\t\t<div class=\"elementor-element elementor-element-6474b6d e-con-full e-flex e-con e-child\" data-id=\"6474b6d\" data-element_type=\"container\">\n\t\t\t\t<div class=\"elementor-element elementor-element-acfaf85 elementor-widget elementor-widget-text-editor\" data-id=\"acfaf85\" data-element_type=\"widget\" data-widget_type=\"text-editor.default\">\n\t\t\t\t<div class=\"elementor-widget-container\">\n\t\t\t\t\t\t\t<h4><span style=\"color: #ffffff;\">Si necessites m\u00e9s informaci\u00f3 sobre les nostres plantes de gesti\u00f3, necessites algun dels nostres serveis o vols saber m\u00e9s sobre la nostra companyia, escrius i et respondrem com m\u00e9s aviat millor. <br \/><\/span><\/h4>\n\t\t\t\t\t\t<\/div>\n\t\t\t\t<\/div>\n\t\t\t\t<\/div>\n\t\t<div class=\"elementor-element elementor-element-9c4114a e-flex e-con-boxed e-con e-child\" data-id=\"9c4114a\" data-element_type=\"container\">\n\t\t\t\t\t<div class=\"e-con-inner\">\n\t\t\t\t<div class=\"elementor-element elementor-element-b2cf0d0 elementor-align-center elementor-widget elementor-widget-button\" data-id=\"b2cf0d0\" data-element_type=\"widget\" data-widget_type=\"button.default\">\n\t\t\t\t<div class=\"elementor-widget-container\">\n\t\t\t\t\t<div class=\"elementor-button-wrapper\">\n\t\t\t<a class=\"elementor-button elementor-button-link elementor-size-sm\" href=\"https:\/\/sircat.com\/ca\/contacte\/\">\n\t\t\t\t\t\t<span class=\"elementor-button-content-wrapper\">\n\t\t\t\t\t\t\t\t\t<span class=\"elementor-button-text\">Sol\u00b7licitar informaci\u00f3<\/span>\n\t\t\t\t\t<\/span>\n\t\t\t\t\t<\/a>\n\t\t<\/div>\n\t\t\t\t<\/div>\n\t\t\t\t<\/div>\n\t\t\t\t\t<\/div>\n\t\t\t\t<\/div>\n\t\t\t\t\t<\/div>\n\t\t\t\t<\/div>\n\t\t\t\t<\/div>\n\t\t","protected":false},"excerpt":{"rendered":"<p>Serveis Consultoria mediambiental El nostre servei de consultoria mediambiental est\u00e0 liderat per personal propi qualificat i multidisciplinari. T\u00e8cnics de laboratori, enginyers qu\u00edmics i ambient\u00f2legs aporten el seu coneixement per guiar les empreses cap a pr\u00e0ctiques m\u00e9s sostenibles i complir amb les regulacions ambientals actuals. Des de Sircat acompanyem les empreses a mitigar l&#8217;impacte de la [&hellip;]<\/p>\n","protected":false},"author":1,"featured_media":0,"parent":3850,"menu_order":0,"comment_status":"closed","ping_status":"closed","template":"","meta":{"_acf_changed":false,"footnotes":""},"class_list":["post-2301","page","type-page","status-publish","hentry"],"acf":[],"yoast_head":"<!-- This site is optimized with the Yoast SEO plugin v23.8 - https:\/\/yoast.com\/wordpress\/plugins\/seo\/ -->\n<title>Consultoria mediambiental - Sircat<\/title>\n<meta name=\"description\" content=\"Oferim serveis de consultoria mediambiental per a complir normatives, optimitzar processos i reduir l&#039;impacte ambiental de la teva empresa. Contacta&#039;ns avui!\" \/>\n<meta name=\"robots\" content=\"index, follow, max-snippet:-1, max-image-preview:large, max-video-preview:-1\" \/>\n<link rel=\"canonical\" href=\"https:\/\/sircat.com\/servicios\/consultoria-medioambiental\/\" \/>\n<meta property=\"og:locale\" content=\"ca_ES\" \/>\n<meta property=\"og:type\" content=\"article\" \/>\n<meta property=\"og:title\" content=\"Consultoria mediambiental - Sircat\" \/>\n<meta property=\"og:description\" content=\"Oferim serveis de consultoria mediambiental per a complir normatives, optimitzar processos i reduir l&#039;impacte ambiental de la teva empresa. Contacta&#039;ns avui!\" \/>\n<meta property=\"og:url\" content=\"https:\/\/sircat.com\/servicios\/consultoria-medioambiental\/\" \/>\n<meta property=\"og:site_name\" content=\"Sircat\" \/>\n<meta property=\"article:modified_time\" content=\"2024-11-26T12:35:29+00:00\" \/>\n<meta property=\"og:image\" content=\"https:\/\/sircat.com\/wp-content\/uploads\/2024\/07\/icon_Normativa-22.svg\" \/>\n<meta name=\"twitter:card\" content=\"summary_large_image\" \/>\n<meta name=\"twitter:label1\" content=\"Temps estimat de lectura\" \/>\n\t<meta name=\"twitter:data1\" content=\"2 minuts\" \/>\n<script type=\"application\/ld+json\" class=\"yoast-schema-graph\">{\"@context\":\"https:\/\/schema.org\",\"@graph\":[{\"@type\":\"WebPage\",\"@id\":\"https:\/\/sircat.com\/servicios\/consultoria-medioambiental\/\",\"url\":\"https:\/\/sircat.com\/servicios\/consultoria-medioambiental\/\",\"name\":\"Consultoria mediambiental - Sircat\",\"isPartOf\":{\"@id\":\"https:\/\/sircat.com\/#website\"},\"primaryImageOfPage\":{\"@id\":\"https:\/\/sircat.com\/servicios\/consultoria-medioambiental\/#primaryimage\"},\"image\":{\"@id\":\"https:\/\/sircat.com\/servicios\/consultoria-medioambiental\/#primaryimage\"},\"thumbnailUrl\":\"https:\/\/sircat.com\/wp-content\/uploads\/2024\/07\/icon_Normativa-22.svg\",\"datePublished\":\"2024-05-24T09:02:19+00:00\",\"dateModified\":\"2024-11-26T12:35:29+00:00\",\"description\":\"Oferim serveis de consultoria mediambiental per a complir normatives, optimitzar processos i reduir l'impacte ambiental de la teva empresa. Contacta'ns avui!\",\"breadcrumb\":{\"@id\":\"https:\/\/sircat.com\/servicios\/consultoria-medioambiental\/#breadcrumb\"},\"inLanguage\":\"ca\",\"potentialAction\":[{\"@type\":\"ReadAction\",\"target\":[\"https:\/\/sircat.com\/servicios\/consultoria-medioambiental\/\"]}]},{\"@type\":\"ImageObject\",\"inLanguage\":\"ca\",\"@id\":\"https:\/\/sircat.com\/servicios\/consultoria-medioambiental\/#primaryimage\",\"url\":\"https:\/\/sircat.com\/wp-content\/uploads\/2024\/07\/icon_Normativa-22.svg\",\"contentUrl\":\"https:\/\/sircat.com\/wp-content\/uploads\/2024\/07\/icon_Normativa-22.svg\"},{\"@type\":\"BreadcrumbList\",\"@id\":\"https:\/\/sircat.com\/servicios\/consultoria-medioambiental\/#breadcrumb\",\"itemListElement\":[{\"@type\":\"ListItem\",\"position\":1,\"name\":\"Portada\",\"item\":\"https:\/\/sircat.com\/\"},{\"@type\":\"ListItem\",\"position\":2,\"name\":\"Serveis\",\"item\":\"https:\/\/sircat.com\/servicios\/\"},{\"@type\":\"ListItem\",\"position\":3,\"name\":\"Consultoria mediambiental\"}]},{\"@type\":\"WebSite\",\"@id\":\"https:\/\/sircat.com\/#website\",\"url\":\"https:\/\/sircat.com\/\",\"name\":\"Sircat\",\"description\":\"Servicios Medioambientales a todo tipo de empresas\",\"publisher\":{\"@id\":\"https:\/\/sircat.com\/#organization\"},\"potentialAction\":[{\"@type\":\"SearchAction\",\"target\":{\"@type\":\"EntryPoint\",\"urlTemplate\":\"https:\/\/sircat.com\/?s={search_term_string}\"},\"query-input\":{\"@type\":\"PropertyValueSpecification\",\"valueRequired\":true,\"valueName\":\"search_term_string\"}}],\"inLanguage\":\"ca\"},{\"@type\":\"Organization\",\"@id\":\"https:\/\/sircat.com\/#organization\",\"name\":\"Sircat\",\"url\":\"https:\/\/sircat.com\/\",\"logo\":{\"@type\":\"ImageObject\",\"inLanguage\":\"ca\",\"@id\":\"https:\/\/sircat.com\/#\/schema\/logo\/image\/\",\"url\":\"https:\/\/sircat.com\/wp-content\/uploads\/2024\/05\/sircat.svg\",\"contentUrl\":\"https:\/\/sircat.com\/wp-content\/uploads\/2024\/05\/sircat.svg\",\"width\":292,\"height\":80,\"caption\":\"Sircat\"},\"image\":{\"@id\":\"https:\/\/sircat.com\/#\/schema\/logo\/image\/\"}}]}<\/script>\n<!-- \/ Yoast SEO plugin. -->","yoast_head_json":{"title":"Consultoria mediambiental - Sircat","description":"Oferim serveis de consultoria mediambiental per a complir normatives, optimitzar processos i reduir l'impacte ambiental de la teva empresa. Contacta'ns avui!","robots":{"index":"index","follow":"follow","max-snippet":"max-snippet:-1","max-image-preview":"max-image-preview:large","max-video-preview":"max-video-preview:-1"},"canonical":"https:\/\/sircat.com\/servicios\/consultoria-medioambiental\/","og_locale":"ca_ES","og_type":"article","og_title":"Consultoria mediambiental - Sircat","og_description":"Oferim serveis de consultoria mediambiental per a complir normatives, optimitzar processos i reduir l'impacte ambiental de la teva empresa. Contacta'ns avui!","og_url":"https:\/\/sircat.com\/servicios\/consultoria-medioambiental\/","og_site_name":"Sircat","article_modified_time":"2024-11-26T12:35:29+00:00","og_image":[{"url":"https:\/\/sircat.com\/wp-content\/uploads\/2024\/07\/icon_Normativa-22.svg"}],"twitter_card":"summary_large_image","twitter_misc":{"Temps estimat de lectura":"2 minuts"},"schema":{"@context":"https:\/\/schema.org","@graph":[{"@type":"WebPage","@id":"https:\/\/sircat.com\/servicios\/consultoria-medioambiental\/","url":"https:\/\/sircat.com\/servicios\/consultoria-medioambiental\/","name":"Consultoria mediambiental - Sircat","isPartOf":{"@id":"https:\/\/sircat.com\/#website"},"primaryImageOfPage":{"@id":"https:\/\/sircat.com\/servicios\/consultoria-medioambiental\/#primaryimage"},"image":{"@id":"https:\/\/sircat.com\/servicios\/consultoria-medioambiental\/#primaryimage"},"thumbnailUrl":"https:\/\/sircat.com\/wp-content\/uploads\/2024\/07\/icon_Normativa-22.svg","datePublished":"2024-05-24T09:02:19+00:00","dateModified":"2024-11-26T12:35:29+00:00","description":"Oferim serveis de consultoria mediambiental per a complir normatives, optimitzar processos i reduir l'impacte ambiental de la teva empresa. Contacta'ns avui!","breadcrumb":{"@id":"https:\/\/sircat.com\/servicios\/consultoria-medioambiental\/#breadcrumb"},"inLanguage":"ca","potentialAction":[{"@type":"ReadAction","target":["https:\/\/sircat.com\/servicios\/consultoria-medioambiental\/"]}]},{"@type":"ImageObject","inLanguage":"ca","@id":"https:\/\/sircat.com\/servicios\/consultoria-medioambiental\/#primaryimage","url":"https:\/\/sircat.com\/wp-content\/uploads\/2024\/07\/icon_Normativa-22.svg","contentUrl":"https:\/\/sircat.com\/wp-content\/uploads\/2024\/07\/icon_Normativa-22.svg"},{"@type":"BreadcrumbList","@id":"https:\/\/sircat.com\/servicios\/consultoria-medioambiental\/#breadcrumb","itemListElement":[{"@type":"ListItem","position":1,"name":"Portada","item":"https:\/\/sircat.com\/"},{"@type":"ListItem","position":2,"name":"Serveis","item":"https:\/\/sircat.com\/servicios\/"},{"@type":"ListItem","position":3,"name":"Consultoria mediambiental"}]},{"@type":"WebSite","@id":"https:\/\/sircat.com\/#website","url":"https:\/\/sircat.com\/","name":"Sircat","description":"Servicios Medioambientales a todo tipo de empresas","publisher":{"@id":"https:\/\/sircat.com\/#organization"},"potentialAction":[{"@type":"SearchAction","target":{"@type":"EntryPoint","urlTemplate":"https:\/\/sircat.com\/?s={search_term_string}"},"query-input":{"@type":"PropertyValueSpecification","valueRequired":true,"valueName":"search_term_string"}}],"inLanguage":"ca"},{"@type":"Organization","@id":"https:\/\/sircat.com\/#organization","name":"Sircat","url":"https:\/\/sircat.com\/","logo":{"@type":"ImageObject","inLanguage":"ca","@id":"https:\/\/sircat.com\/#\/schema\/logo\/image\/","url":"https:\/\/sircat.com\/wp-content\/uploads\/2024\/05\/sircat.svg","contentUrl":"https:\/\/sircat.com\/wp-content\/uploads\/2024\/05\/sircat.svg","width":292,"height":80,"caption":"Sircat"},"image":{"@id":"https:\/\/sircat.com\/#\/schema\/logo\/image\/"}}]}},"_links":{"self":[{"href":"https:\/\/sircat.com\/ca\/wp-json\/wp\/v2\/pages\/2301","targetHints":{"allow":["GET"]}}],"collection":[{"href":"https:\/\/sircat.com\/ca\/wp-json\/wp\/v2\/pages"}],"about":[{"href":"https:\/\/sircat.com\/ca\/wp-json\/wp\/v2\/types\/page"}],"author":[{"embeddable":true,"href":"https:\/\/sircat.com\/ca\/wp-json\/wp\/v2\/users\/1"}],"replies":[{"embeddable":true,"href":"https:\/\/sircat.com\/ca\/wp-json\/wp\/v2\/comments?post=2301"}],"version-history":[{"count":13,"href":"https:\/\/sircat.com\/ca\/wp-json\/wp\/v2\/pages\/2301\/revisions"}],"predecessor-version":[{"id":4749,"href":"https:\/\/sircat.com\/ca\/wp-json\/wp\/v2\/pages\/2301\/revisions\/4749"}],"up":[{"embeddable":true,"href":"https:\/\/sircat.com\/ca\/wp-json\/wp\/v2\/pages\/3850"}],"wp:attachment":[{"href":"https:\/\/sircat.com\/ca\/wp-json\/wp\/v2\/media?parent=2301"}],"curies":[{"name":"wp","href":"https:\/\/api.w.org\/{rel}","templated":true}]}}