{"id":2299,"date":"2024-05-24T09:02:08","date_gmt":"2024-05-24T09:02:08","guid":{"rendered":"https:\/\/321brand.net\/sircat\/desmantellament-industrial-i-buidatge-de-naus\/"},"modified":"2024-11-26T12:28:33","modified_gmt":"2024-11-26T12:28:33","slug":"desmantellament-industrial-i-buidatge-de-naus","status":"publish","type":"page","link":"https:\/\/sircat.com\/ca\/serveis\/desmantellament-industrial-i-buidatge-de-naus\/","title":{"rendered":"Desmantellament industrial i buidatge de naus"},"content":{"rendered":"\t\t<div data-elementor-type=\"wp-page\" data-elementor-id=\"2299\" class=\"elementor elementor-2299 elementor-22\" data-elementor-post-type=\"page\">\n\t\t\t\t<div class=\"elementor-element elementor-element-6236550 e-flex e-con-boxed elementor-invisible e-con e-parent\" data-id=\"6236550\" data-element_type=\"container\" data-settings=\"{&quot;background_background&quot;:&quot;classic&quot;,&quot;animation&quot;:&quot;fadeInUp&quot;}\">\n\t\t\t\t\t<div class=\"e-con-inner\">\n\t\t<div class=\"elementor-element elementor-element-94bed1d e-flex e-con-boxed e-con e-child\" data-id=\"94bed1d\" data-element_type=\"container\">\n\t\t\t\t\t<div class=\"e-con-inner\">\n\t\t<div class=\"elementor-element elementor-element-3894279 e-flex e-con-boxed e-con e-child\" data-id=\"3894279\" data-element_type=\"container\">\n\t\t\t\t\t<div class=\"e-con-inner\">\n\t\t\t\t<div class=\"elementor-element elementor-element-0b24134 elementor-widget elementor-widget-text-editor\" data-id=\"0b24134\" data-element_type=\"widget\" data-widget_type=\"text-editor.default\">\n\t\t\t\t<div class=\"elementor-widget-container\">\n\t\t\t\t\t\t\t<p>Serveis<\/p>\n\t\t\t\t\t\t<\/div>\n\t\t\t\t<\/div>\n\t\t\t\t\t<\/div>\n\t\t\t\t<\/div>\n\t\t\t\t\t<\/div>\n\t\t\t\t<\/div>\n\t\t<div class=\"elementor-element elementor-element-0554866 e-flex e-con-boxed e-con e-child\" data-id=\"0554866\" data-element_type=\"container\">\n\t\t\t\t\t<div class=\"e-con-inner\">\n\t\t<div class=\"elementor-element elementor-element-07ce1c1 e-con-full e-flex e-con e-child\" data-id=\"07ce1c1\" data-element_type=\"container\">\n\t\t\t\t<div class=\"elementor-element elementor-element-21fca83 elementor-widget elementor-widget-heading\" data-id=\"21fca83\" data-element_type=\"widget\" data-widget_type=\"heading.default\">\n\t\t\t\t<div class=\"elementor-widget-container\">\n\t\t\t<h1 class=\"elementor-heading-title elementor-size-default\">Desmantellament industrial i buidatge de naus<\/h1>\t\t<\/div>\n\t\t\t\t<\/div>\n\t\t\t\t<\/div>\n\t\t<div class=\"elementor-element elementor-element-9a44e66 e-con-full e-flex e-con e-child\" data-id=\"9a44e66\" data-element_type=\"container\">\n\t\t\t\t<\/div>\n\t\t<div class=\"elementor-element elementor-element-44d59ee e-flex e-con-boxed e-con e-child\" data-id=\"44d59ee\" data-element_type=\"container\">\n\t\t\t\t\t<div class=\"e-con-inner\">\n\t\t\t\t<div class=\"elementor-element elementor-element-30ce9fd elementor-widget elementor-widget-text-editor\" data-id=\"30ce9fd\" data-element_type=\"widget\" data-widget_type=\"text-editor.default\">\n\t\t\t\t<div class=\"elementor-widget-container\">\n\t\t\t\t\t\t\t<h5>Realitzem desmantellaments industrials i buidats de naus per ajudar les empreses a gestionar de manera adequada i responsable les estructures i elements industrials que ja no s\u00f3n \u00fatils. <\/h5>\n\t\t\t\t\t\t<\/div>\n\t\t\t\t<\/div>\n\t\t\t\t\t<\/div>\n\t\t\t\t<\/div>\n\t\t\t\t\t<\/div>\n\t\t\t\t<\/div>\n\t\t\t\t\t<\/div>\n\t\t\t\t<\/div>\n\t\t<div class=\"elementor-element elementor-element-e521070 elementor-hidden-mobile e-flex e-con-boxed elementor-invisible e-con e-parent\" data-id=\"e521070\" data-element_type=\"container\" data-settings=\"{&quot;background_background&quot;:&quot;classic&quot;,&quot;animation&quot;:&quot;fadeInUp&quot;}\">\n\t\t\t\t\t<div class=\"e-con-inner\">\n\t\t\t\t\t<\/div>\n\t\t\t\t<\/div>\n\t\t<div class=\"elementor-element elementor-element-2666e97 elementor-hidden-desktop elementor-hidden-tablet e-flex e-con-boxed elementor-invisible e-con e-parent\" data-id=\"2666e97\" data-element_type=\"container\" data-settings=\"{&quot;background_background&quot;:&quot;classic&quot;,&quot;animation&quot;:&quot;fadeInUp&quot;}\">\n\t\t\t\t\t<div class=\"e-con-inner\">\n\t\t\t\t\t<\/div>\n\t\t\t\t<\/div>\n\t\t<div class=\"elementor-element elementor-element-f4bdf37 e-flex e-con-boxed e-con e-parent\" data-id=\"f4bdf37\" data-element_type=\"container\" data-settings=\"{&quot;background_background&quot;:&quot;classic&quot;}\">\n\t\t\t\t\t<div class=\"e-con-inner\">\n\t\t<div class=\"elementor-element elementor-element-fc655f3 e-con-full e-flex elementor-invisible e-con e-child\" data-id=\"fc655f3\" data-element_type=\"container\" data-settings=\"{&quot;background_background&quot;:&quot;classic&quot;,&quot;animation&quot;:&quot;fadeInUp&quot;}\">\n\t\t\t\t<div class=\"elementor-element elementor-element-dfc2afa elementor-widget elementor-widget-text-editor\" data-id=\"dfc2afa\" data-element_type=\"widget\" data-widget_type=\"text-editor.default\">\n\t\t\t\t<div class=\"elementor-widget-container\">\n\t\t\t\t\t\t\t<h5><img decoding=\"async\" class=\"alignnone wp-image-621\" src=\"https:\/\/sircat.com\/wp-content\/uploads\/2024\/07\/icon_Analisis.svg\" alt=\"An\u00e0lisi\" width=\"60\" height=\"60\"><\/h5>\n<h5>Identificaci\u00f3 i agrupaci\u00f3 de residus<\/h5>\n<p>Identifiquem i agrupem els residus generats per a la seva gesti\u00f3 correcta. Els classifiquem en grups de residu i en valorem la perillositat.  <\/p>\n\t\t\t\t\t\t<\/div>\n\t\t\t\t<\/div>\n\t\t\t\t<\/div>\n\t\t<div class=\"elementor-element elementor-element-f5d993a e-con-full e-flex elementor-invisible e-con e-child\" data-id=\"f5d993a\" data-element_type=\"container\" data-settings=\"{&quot;background_background&quot;:&quot;classic&quot;,&quot;animation&quot;:&quot;fadeInUp&quot;}\">\n\t\t\t\t<div class=\"elementor-element elementor-element-792522a elementor-widget elementor-widget-text-editor\" data-id=\"792522a\" data-element_type=\"widget\" data-widget_type=\"text-editor.default\">\n\t\t\t\t<div class=\"elementor-widget-container\">\n\t\t\t\t\t\t\t<h5><img decoding=\"async\" class=\"alignnone wp-image-630\" src=\"https:\/\/sircat.com\/wp-content\/uploads\/2024\/07\/icon_Contenedores.svg\" alt=\"Contenidors\" width=\"60\" height=\"60\"><\/h5>\n<h5>Recuperaci\u00f3 d&#8217;actius<\/h5>\n<p>Durant el proc\u00e9s, identifiquem i recuperem actius que poden ser reutilitzats o reciclats. Aix\u00f2 minimitza el cost i el malbaratament de recursos. <\/p>\n\t\t\t\t\t\t<\/div>\n\t\t\t\t<\/div>\n\t\t\t\t<\/div>\n\t\t\t\t\t<\/div>\n\t\t\t\t<\/div>\n\t\t<div class=\"elementor-element elementor-element-df067c7 e-flex e-con-boxed e-con e-parent\" data-id=\"df067c7\" data-element_type=\"container\" data-settings=\"{&quot;background_background&quot;:&quot;classic&quot;}\">\n\t\t\t\t\t<div class=\"e-con-inner\">\n\t\t<div class=\"elementor-element elementor-element-d1f0c41 e-con-full e-flex elementor-invisible e-con e-child\" data-id=\"d1f0c41\" data-element_type=\"container\" data-settings=\"{&quot;background_background&quot;:&quot;classic&quot;,&quot;animation&quot;:&quot;fadeInUp&quot;}\">\n\t\t\t\t<div class=\"elementor-element elementor-element-8ed1cd0 elementor-widget elementor-widget-text-editor\" data-id=\"8ed1cd0\" data-element_type=\"widget\" data-widget_type=\"text-editor.default\">\n\t\t\t\t<div class=\"elementor-widget-container\">\n\t\t\t\t\t\t\t<h5><img decoding=\"async\" class=\"alignnone wp-image-673\" src=\"https:\/\/sircat.com\/wp-content\/uploads\/2024\/07\/icon_Transporte.svg\" alt=\"Transport\" width=\"113\" height=\"60\"><\/h5>\n<h5>Retirada i transport segur<\/h5>\n<p>Fem la retirada i el transport segur d&#8217;aquests actius i assegurem una eliminaci\u00f3 responsable.<\/p>\n\t\t\t\t\t\t<\/div>\n\t\t\t\t<\/div>\n\t\t\t\t<\/div>\n\t\t<div class=\"elementor-element elementor-element-e4b0657 e-con-full e-flex elementor-invisible e-con e-child\" data-id=\"e4b0657\" data-element_type=\"container\" data-settings=\"{&quot;background_background&quot;:&quot;classic&quot;,&quot;animation&quot;:&quot;fadeInUp&quot;}\">\n\t\t\t\t<div class=\"elementor-element elementor-element-aece7f8 elementor-widget elementor-widget-text-editor\" data-id=\"aece7f8\" data-element_type=\"widget\" data-widget_type=\"text-editor.default\">\n\t\t\t\t<div class=\"elementor-widget-container\">\n\t\t\t\t\t\t\t<h5><img loading=\"lazy\" decoding=\"async\" class=\"alignnone wp-image-650\" src=\"https:\/\/sircat.com\/wp-content\/uploads\/2024\/07\/icon_Normativa-01.svg\" alt=\"Normativa\" width=\"46\" height=\"60\"><\/h5>\n<h5>Certificats de destrucci\u00f3<\/h5>\n<p>Emetem certificats de destrucci\u00f3 i reciclatge per a tota classe de residus.<\/p>\n\t\t\t\t\t\t<\/div>\n\t\t\t\t<\/div>\n\t\t\t\t<\/div>\n\t\t\t\t\t<\/div>\n\t\t\t\t<\/div>\n\t\t<div class=\"elementor-element elementor-element-8623a2e elementor-hidden-desktop elementor-hidden-tablet elementor-hidden-mobile e-flex e-con-boxed e-con e-parent\" data-id=\"8623a2e\" data-element_type=\"container\" data-settings=\"{&quot;background_background&quot;:&quot;classic&quot;}\">\n\t\t\t\t\t<div class=\"e-con-inner\">\n\t\t\t\t<div class=\"elementor-element elementor-element-b0b6976 elementor-invisible elementor-widget elementor-widget-image\" data-id=\"b0b6976\" data-element_type=\"widget\" data-settings=\"{&quot;_animation&quot;:&quot;fadeInUp&quot;}\" data-widget_type=\"image.default\">\n\t\t\t\t<div class=\"elementor-widget-container\">\n\t\t\t\t\t\t\t\t\t\t\t\t\t<img loading=\"lazy\" decoding=\"async\" width=\"1920\" height=\"1080\" src=\"https:\/\/sircat.com\/wp-content\/uploads\/2024\/06\/flota-sircat.jpg\" class=\"attachment-full size-full wp-image-538\" alt=\"\" srcset=\"https:\/\/sircat.com\/wp-content\/uploads\/2024\/06\/flota-sircat.jpg 1920w, https:\/\/sircat.com\/wp-content\/uploads\/2024\/06\/flota-sircat-300x169.jpg 300w, https:\/\/sircat.com\/wp-content\/uploads\/2024\/06\/flota-sircat-1024x576.jpg 1024w, https:\/\/sircat.com\/wp-content\/uploads\/2024\/06\/flota-sircat-768x432.jpg 768w, https:\/\/sircat.com\/wp-content\/uploads\/2024\/06\/flota-sircat-1536x864.jpg 1536w\" sizes=\"(max-width: 1920px) 100vw, 1920px\" \/>\t\t\t\t\t\t\t\t\t\t\t\t\t<\/div>\n\t\t\t\t<\/div>\n\t\t\t\t\t<\/div>\n\t\t\t\t<\/div>\n\t\t<div class=\"elementor-element elementor-element-309d3ea e-flex e-con-boxed elementor-invisible e-con e-parent\" data-id=\"309d3ea\" data-element_type=\"container\" data-settings=\"{&quot;background_background&quot;:&quot;classic&quot;,&quot;animation&quot;:&quot;fadeInUp&quot;}\">\n\t\t\t\t\t<div class=\"e-con-inner\">\n\t\t<div class=\"elementor-element elementor-element-c0b55c4 e-con-full e-flex e-con e-child\" data-id=\"c0b55c4\" data-element_type=\"container\">\n\t\t\t\t<div class=\"elementor-element elementor-element-51dc8b4 elementor-widget elementor-widget-text-editor\" data-id=\"51dc8b4\" data-element_type=\"widget\" data-widget_type=\"text-editor.default\">\n\t\t\t\t<div class=\"elementor-widget-container\">\n\t\t\t\t\t\t\t<h4><span style=\"color: #ffffff;\">Si necessites m\u00e9s informaci\u00f3 sobre les nostres plantes de gesti\u00f3, necessites algun dels nostres serveis o vols saber m\u00e9s sobre la nostra companyia, escrius i et respondrem com m\u00e9s aviat millor. <br \/><\/span><\/h4>\n\t\t\t\t\t\t<\/div>\n\t\t\t\t<\/div>\n\t\t\t\t<\/div>\n\t\t<div class=\"elementor-element elementor-element-e0d884e e-flex e-con-boxed e-con e-child\" data-id=\"e0d884e\" data-element_type=\"container\">\n\t\t\t\t\t<div class=\"e-con-inner\">\n\t\t\t\t<div class=\"elementor-element elementor-element-4038cbe elementor-align-center elementor-widget elementor-widget-button\" data-id=\"4038cbe\" data-element_type=\"widget\" data-widget_type=\"button.default\">\n\t\t\t\t<div class=\"elementor-widget-container\">\n\t\t\t\t\t<div class=\"elementor-button-wrapper\">\n\t\t\t<a class=\"elementor-button elementor-button-link elementor-size-sm\" href=\"https:\/\/sircat.com\/ca\/contacte\/\">\n\t\t\t\t\t\t<span class=\"elementor-button-content-wrapper\">\n\t\t\t\t\t\t\t\t\t<span class=\"elementor-button-text\">Sol\u00b7licitar informaci\u00f3<\/span>\n\t\t\t\t\t<\/span>\n\t\t\t\t\t<\/a>\n\t\t<\/div>\n\t\t\t\t<\/div>\n\t\t\t\t<\/div>\n\t\t\t\t\t<\/div>\n\t\t\t\t<\/div>\n\t\t\t\t\t<\/div>\n\t\t\t\t<\/div>\n\t\t\t\t<\/div>\n\t\t","protected":false},"excerpt":{"rendered":"<p>Serveis Desmantellament industrial i buidatge de naus Realitzem desmantellaments industrials i buidats de naus per ajudar les empreses a gestionar de manera adequada i responsable les estructures i elements industrials que ja no s\u00f3n \u00fatils. Identificaci\u00f3 i agrupaci\u00f3 de residus Identifiquem i agrupem els residus generats per a la seva gesti\u00f3 correcta. Els classifiquem en [&hellip;]<\/p>\n","protected":false},"author":1,"featured_media":0,"parent":3850,"menu_order":0,"comment_status":"closed","ping_status":"closed","template":"","meta":{"_acf_changed":false,"footnotes":""},"class_list":["post-2299","page","type-page","status-publish","hentry"],"acf":[],"yoast_head":"<!-- This site is optimized with the Yoast SEO plugin v23.8 - https:\/\/yoast.com\/wordpress\/plugins\/seo\/ -->\n<title>Desmantellament industrial i buidatge de naus - Sircat<\/title>\n<meta name=\"description\" content=\"Experts en desmantellament industrial i buidatge de naus. Solucions segures, eficients i sostenibles adaptades a les teves necessitats. Sol\u00b7licita informaci\u00f3!\" \/>\n<meta name=\"robots\" content=\"index, follow, max-snippet:-1, max-image-preview:large, max-video-preview:-1\" \/>\n<link rel=\"canonical\" href=\"https:\/\/sircat.com\/servicios\/desmantelamiento-industrial-y-vaciado-de-naves\/\" \/>\n<meta property=\"og:locale\" content=\"ca_ES\" \/>\n<meta property=\"og:type\" content=\"article\" \/>\n<meta property=\"og:title\" content=\"Desmantellament industrial i buidatge de naus - Sircat\" \/>\n<meta property=\"og:description\" content=\"Experts en desmantellament industrial i buidatge de naus. Solucions segures, eficients i sostenibles adaptades a les teves necessitats. Sol\u00b7licita informaci\u00f3!\" \/>\n<meta property=\"og:url\" content=\"https:\/\/sircat.com\/servicios\/desmantelamiento-industrial-y-vaciado-de-naves\/\" \/>\n<meta property=\"og:site_name\" content=\"Sircat\" \/>\n<meta property=\"article:modified_time\" content=\"2024-11-26T12:28:33+00:00\" \/>\n<meta property=\"og:image\" content=\"https:\/\/sircat.com\/wp-content\/uploads\/2024\/07\/icon_Analisis.svg\" \/>\n<meta name=\"twitter:card\" content=\"summary_large_image\" \/>\n<meta name=\"twitter:label1\" content=\"Temps estimat de lectura\" \/>\n\t<meta name=\"twitter:data1\" content=\"2 minuts\" \/>\n<script type=\"application\/ld+json\" class=\"yoast-schema-graph\">{\"@context\":\"https:\/\/schema.org\",\"@graph\":[{\"@type\":\"WebPage\",\"@id\":\"https:\/\/sircat.com\/servicios\/desmantelamiento-industrial-y-vaciado-de-naves\/\",\"url\":\"https:\/\/sircat.com\/servicios\/desmantelamiento-industrial-y-vaciado-de-naves\/\",\"name\":\"Desmantellament industrial i buidatge de naus - Sircat\",\"isPartOf\":{\"@id\":\"https:\/\/sircat.com\/#website\"},\"primaryImageOfPage\":{\"@id\":\"https:\/\/sircat.com\/servicios\/desmantelamiento-industrial-y-vaciado-de-naves\/#primaryimage\"},\"image\":{\"@id\":\"https:\/\/sircat.com\/servicios\/desmantelamiento-industrial-y-vaciado-de-naves\/#primaryimage\"},\"thumbnailUrl\":\"https:\/\/sircat.com\/wp-content\/uploads\/2024\/07\/icon_Analisis.svg\",\"datePublished\":\"2024-05-24T09:02:08+00:00\",\"dateModified\":\"2024-11-26T12:28:33+00:00\",\"description\":\"Experts en desmantellament industrial i buidatge de naus. Solucions segures, eficients i sostenibles adaptades a les teves necessitats. Sol\u00b7licita informaci\u00f3!\",\"breadcrumb\":{\"@id\":\"https:\/\/sircat.com\/servicios\/desmantelamiento-industrial-y-vaciado-de-naves\/#breadcrumb\"},\"inLanguage\":\"ca\",\"potentialAction\":[{\"@type\":\"ReadAction\",\"target\":[\"https:\/\/sircat.com\/servicios\/desmantelamiento-industrial-y-vaciado-de-naves\/\"]}]},{\"@type\":\"ImageObject\",\"inLanguage\":\"ca\",\"@id\":\"https:\/\/sircat.com\/servicios\/desmantelamiento-industrial-y-vaciado-de-naves\/#primaryimage\",\"url\":\"https:\/\/sircat.com\/wp-content\/uploads\/2024\/07\/icon_Analisis.svg\",\"contentUrl\":\"https:\/\/sircat.com\/wp-content\/uploads\/2024\/07\/icon_Analisis.svg\"},{\"@type\":\"BreadcrumbList\",\"@id\":\"https:\/\/sircat.com\/servicios\/desmantelamiento-industrial-y-vaciado-de-naves\/#breadcrumb\",\"itemListElement\":[{\"@type\":\"ListItem\",\"position\":1,\"name\":\"Portada\",\"item\":\"https:\/\/sircat.com\/\"},{\"@type\":\"ListItem\",\"position\":2,\"name\":\"Serveis\",\"item\":\"https:\/\/sircat.com\/servicios\/\"},{\"@type\":\"ListItem\",\"position\":3,\"name\":\"Desmantellament industrial i buidatge de naus\"}]},{\"@type\":\"WebSite\",\"@id\":\"https:\/\/sircat.com\/#website\",\"url\":\"https:\/\/sircat.com\/\",\"name\":\"Sircat\",\"description\":\"Servicios Medioambientales a todo tipo de empresas\",\"publisher\":{\"@id\":\"https:\/\/sircat.com\/#organization\"},\"potentialAction\":[{\"@type\":\"SearchAction\",\"target\":{\"@type\":\"EntryPoint\",\"urlTemplate\":\"https:\/\/sircat.com\/?s={search_term_string}\"},\"query-input\":{\"@type\":\"PropertyValueSpecification\",\"valueRequired\":true,\"valueName\":\"search_term_string\"}}],\"inLanguage\":\"ca\"},{\"@type\":\"Organization\",\"@id\":\"https:\/\/sircat.com\/#organization\",\"name\":\"Sircat\",\"url\":\"https:\/\/sircat.com\/\",\"logo\":{\"@type\":\"ImageObject\",\"inLanguage\":\"ca\",\"@id\":\"https:\/\/sircat.com\/#\/schema\/logo\/image\/\",\"url\":\"https:\/\/sircat.com\/wp-content\/uploads\/2024\/05\/sircat.svg\",\"contentUrl\":\"https:\/\/sircat.com\/wp-content\/uploads\/2024\/05\/sircat.svg\",\"width\":292,\"height\":80,\"caption\":\"Sircat\"},\"image\":{\"@id\":\"https:\/\/sircat.com\/#\/schema\/logo\/image\/\"}}]}<\/script>\n<!-- \/ Yoast SEO plugin. -->","yoast_head_json":{"title":"Desmantellament industrial i buidatge de naus - Sircat","description":"Experts en desmantellament industrial i buidatge de naus. Solucions segures, eficients i sostenibles adaptades a les teves necessitats. Sol\u00b7licita informaci\u00f3!","robots":{"index":"index","follow":"follow","max-snippet":"max-snippet:-1","max-image-preview":"max-image-preview:large","max-video-preview":"max-video-preview:-1"},"canonical":"https:\/\/sircat.com\/servicios\/desmantelamiento-industrial-y-vaciado-de-naves\/","og_locale":"ca_ES","og_type":"article","og_title":"Desmantellament industrial i buidatge de naus - Sircat","og_description":"Experts en desmantellament industrial i buidatge de naus. Solucions segures, eficients i sostenibles adaptades a les teves necessitats. Sol\u00b7licita informaci\u00f3!","og_url":"https:\/\/sircat.com\/servicios\/desmantelamiento-industrial-y-vaciado-de-naves\/","og_site_name":"Sircat","article_modified_time":"2024-11-26T12:28:33+00:00","og_image":[{"url":"https:\/\/sircat.com\/wp-content\/uploads\/2024\/07\/icon_Analisis.svg"}],"twitter_card":"summary_large_image","twitter_misc":{"Temps estimat de lectura":"2 minuts"},"schema":{"@context":"https:\/\/schema.org","@graph":[{"@type":"WebPage","@id":"https:\/\/sircat.com\/servicios\/desmantelamiento-industrial-y-vaciado-de-naves\/","url":"https:\/\/sircat.com\/servicios\/desmantelamiento-industrial-y-vaciado-de-naves\/","name":"Desmantellament industrial i buidatge de naus - Sircat","isPartOf":{"@id":"https:\/\/sircat.com\/#website"},"primaryImageOfPage":{"@id":"https:\/\/sircat.com\/servicios\/desmantelamiento-industrial-y-vaciado-de-naves\/#primaryimage"},"image":{"@id":"https:\/\/sircat.com\/servicios\/desmantelamiento-industrial-y-vaciado-de-naves\/#primaryimage"},"thumbnailUrl":"https:\/\/sircat.com\/wp-content\/uploads\/2024\/07\/icon_Analisis.svg","datePublished":"2024-05-24T09:02:08+00:00","dateModified":"2024-11-26T12:28:33+00:00","description":"Experts en desmantellament industrial i buidatge de naus. Solucions segures, eficients i sostenibles adaptades a les teves necessitats. Sol\u00b7licita informaci\u00f3!","breadcrumb":{"@id":"https:\/\/sircat.com\/servicios\/desmantelamiento-industrial-y-vaciado-de-naves\/#breadcrumb"},"inLanguage":"ca","potentialAction":[{"@type":"ReadAction","target":["https:\/\/sircat.com\/servicios\/desmantelamiento-industrial-y-vaciado-de-naves\/"]}]},{"@type":"ImageObject","inLanguage":"ca","@id":"https:\/\/sircat.com\/servicios\/desmantelamiento-industrial-y-vaciado-de-naves\/#primaryimage","url":"https:\/\/sircat.com\/wp-content\/uploads\/2024\/07\/icon_Analisis.svg","contentUrl":"https:\/\/sircat.com\/wp-content\/uploads\/2024\/07\/icon_Analisis.svg"},{"@type":"BreadcrumbList","@id":"https:\/\/sircat.com\/servicios\/desmantelamiento-industrial-y-vaciado-de-naves\/#breadcrumb","itemListElement":[{"@type":"ListItem","position":1,"name":"Portada","item":"https:\/\/sircat.com\/"},{"@type":"ListItem","position":2,"name":"Serveis","item":"https:\/\/sircat.com\/servicios\/"},{"@type":"ListItem","position":3,"name":"Desmantellament industrial i buidatge de naus"}]},{"@type":"WebSite","@id":"https:\/\/sircat.com\/#website","url":"https:\/\/sircat.com\/","name":"Sircat","description":"Servicios Medioambientales a todo tipo de empresas","publisher":{"@id":"https:\/\/sircat.com\/#organization"},"potentialAction":[{"@type":"SearchAction","target":{"@type":"EntryPoint","urlTemplate":"https:\/\/sircat.com\/?s={search_term_string}"},"query-input":{"@type":"PropertyValueSpecification","valueRequired":true,"valueName":"search_term_string"}}],"inLanguage":"ca"},{"@type":"Organization","@id":"https:\/\/sircat.com\/#organization","name":"Sircat","url":"https:\/\/sircat.com\/","logo":{"@type":"ImageObject","inLanguage":"ca","@id":"https:\/\/sircat.com\/#\/schema\/logo\/image\/","url":"https:\/\/sircat.com\/wp-content\/uploads\/2024\/05\/sircat.svg","contentUrl":"https:\/\/sircat.com\/wp-content\/uploads\/2024\/05\/sircat.svg","width":292,"height":80,"caption":"Sircat"},"image":{"@id":"https:\/\/sircat.com\/#\/schema\/logo\/image\/"}}]}},"_links":{"self":[{"href":"https:\/\/sircat.com\/ca\/wp-json\/wp\/v2\/pages\/2299","targetHints":{"allow":["GET"]}}],"collection":[{"href":"https:\/\/sircat.com\/ca\/wp-json\/wp\/v2\/pages"}],"about":[{"href":"https:\/\/sircat.com\/ca\/wp-json\/wp\/v2\/types\/page"}],"author":[{"embeddable":true,"href":"https:\/\/sircat.com\/ca\/wp-json\/wp\/v2\/users\/1"}],"replies":[{"embeddable":true,"href":"https:\/\/sircat.com\/ca\/wp-json\/wp\/v2\/comments?post=2299"}],"version-history":[{"count":18,"href":"https:\/\/sircat.com\/ca\/wp-json\/wp\/v2\/pages\/2299\/revisions"}],"predecessor-version":[{"id":4904,"href":"https:\/\/sircat.com\/ca\/wp-json\/wp\/v2\/pages\/2299\/revisions\/4904"}],"up":[{"embeddable":true,"href":"https:\/\/sircat.com\/ca\/wp-json\/wp\/v2\/pages\/3850"}],"wp:attachment":[{"href":"https:\/\/sircat.com\/ca\/wp-json\/wp\/v2\/media?parent=2299"}],"curies":[{"name":"wp","href":"https:\/\/api.w.org\/{rel}","templated":true}]}}